{"id":1202,"date":"2018-10-26T23:11:08","date_gmt":"2018-10-26T20:11:08","guid":{"rendered":"https:\/\/www.incar.fi\/?page_id=1202"},"modified":"2025-07-21T10:29:50","modified_gmt":"2025-07-21T07:29:50","slug":"soita-incariin","status":"publish","type":"page","link":"https:\/\/www.incar.fi\/en\/soita-incariin\/","title":{"rendered":"Soita InCariin"},"content":{"rendered":"\n<h1 class=\"wp-block-heading\">Soita InCariin<\/h1>\n\n\n\n<p class=\"uag-hide-desktop uag-hide-tab uag-hide-mob\">Asiakaspalvelumme auttaa mielell\u00e4\u00e4n sinua arkisin 8-18. Huomioithan, ett\u00e4 arkipyhin\u00e4 asiakaspalvelumme on suljettu.<\/p>\n\n\n\n<div class=\"wp-block-buttons uag-hide-desktop uag-hide-tab uag-hide-mob is-layout-flex wp-block-buttons-is-layout-flex\">\n<div class=\"wp-block-button\"><a class=\"wp-block-button__link wp-element-button\" href=\"tel:0300247247\">0300 247 247<\/a><\/div>\n<\/div>\n\n\n\n<div style=\"height:40px\" aria-hidden=\"true\" class=\"wp-block-spacer\"><\/div>\n\n\n\n<p><strong>Toimipisteiden puhelinnumerot. <\/strong><\/p>\n\n\n\n<p>Puhelun hinta 0300-numeroon 0,42 \u20ac\/min + pvm\/mpm.<\/p>\n\n\n\n<p>Soita klikkaamalla toimipisteen puhelinnumeroa, muut yhteydenottotavat klikkaamalla toimipisteen nime\u00e4.<\/p>\n\n\n\n<div class=\"wp-block-toolset-blocks-container tb-container alignleft\" data-toolset-blocks-container=\"381961cf7e25086ec633e5db4e9b9609\"><div class=\"tb-container-inner\"><form autocomplete=\"off\" name=\"wpv-filter-485\" action=\"\/en\/wp-json\/wp\/v2\/pages\/1202?wpv_view_count=485\" method=\"get\" class=\"wpv-filter-form js-wpv-filter-form js-wpv-filter-form-485 js-wpv-form-full js-wpv-dps-enabled js-wpv-ajax-results-enabled\" data-viewnumber=\"485\" data-viewid=\"485\" data-viewhash=\"eyJuYW1lIjoic2VydmljZS1wb2ludC1waG9uZS1udW1iZXJzIn0=\" data-viewwidgetid=\"0\" data-orderby=\"\" data-order=\"\" data-orderbyas=\"\" data-orderbysecond=\"\" data-ordersecond=\"\" data-parametric=\"{&quot;query&quot;:&quot;normal&quot;,&quot;id&quot;:485,&quot;view_id&quot;:485,&quot;widget_id&quot;:0,&quot;view_hash&quot;:&quot;485&quot;,&quot;action&quot;:&quot;\\\/en\\\/wp-json\\\/wp\\\/v2\\\/pages\\\/1202?wpv_view_count=485&quot;,&quot;sort&quot;:{&quot;orderby&quot;:&quot;&quot;,&quot;order&quot;:&quot;&quot;,&quot;orderby_as&quot;:&quot;&quot;,&quot;orderby_second&quot;:&quot;&quot;,&quot;order_second&quot;:&quot;&quot;},&quot;orderby&quot;:&quot;&quot;,&quot;order&quot;:&quot;&quot;,&quot;orderby_as&quot;:&quot;&quot;,&quot;orderby_second&quot;:&quot;&quot;,&quot;order_second&quot;:&quot;&quot;,&quot;ajax_form&quot;:&quot;&quot;,&quot;ajax_results&quot;:&quot;&quot;,&quot;effect&quot;:&quot;fade&quot;,&quot;prebefore&quot;:&quot;&quot;,&quot;before&quot;:&quot;&quot;,&quot;after&quot;:&quot;&quot;,&quot;attributes&quot;:[],&quot;environment&quot;:{&quot;current_post_id&quot;:1202,&quot;parent_post_id&quot;:1202,&quot;parent_term_id&quot;:0,&quot;parent_user_id&quot;:0,&quot;archive&quot;:{&quot;type&quot;:&quot;&quot;,&quot;name&quot;:&quot;&quot;,&quot;data&quot;:[]}},&quot;loop&quot;:{&quot;type&quot;:&quot;&quot;,&quot;name&quot;:&quot;&quot;,&quot;data&quot;:[],&quot;id&quot;:0}}\" data-attributes=\"[]\" data-environment=\"{&quot;current_post_id&quot;:1202,&quot;parent_post_id&quot;:1202,&quot;parent_term_id&quot;:0,&quot;parent_user_id&quot;:0,&quot;archive&quot;:{&quot;type&quot;:&quot;&quot;,&quot;name&quot;:&quot;&quot;,&quot;data&quot;:[]}}\"><input type=\"hidden\" class=\"js-wpv-dps-filter-data js-wpv-filter-data-for-this-form\" data-action=\"\/en\/wp-json\/wp\/v2\/pages\/1202?wpv_view_count=485\" data-page=\"1\" data-ajax=\"enable\" data-effect=\"fade\" data-maxpages=\"0\" data-ajaxprebefore=\"\" data-ajaxbefore=\"\" data-ajaxafter=\"\" \/><input class=\"wpv_view_count wpv_view_count-485\" type=\"hidden\" name=\"wpv_view_count\" value=\"485\" \/>\n\n<div class=\"form-group city-filter\">\n\t<label for=\"kaupunki\" class=\"hide\">Kaupungit<\/label>\n\t<select name=\"kaupunki\" class=\"js-wpv-filter-trigger form-control\"><option selected='selected' value=\"0\">Valitse kaupunki<\/option><option value=\"espoo\">Espoo<\/option><option value=\"forssa\">Forssa<\/option><option value=\"heinola\">Heinola<\/option><option value=\"helsinki\">Helsinki<\/option><option value=\"hyvinkaa\">Hyvink\u00e4\u00e4<\/option><option value=\"hameenlinna\">H\u00e4meenlinna<\/option><option value=\"ilmajoki\">Ilmajoki<\/option><option value=\"joensuu\">Joensuu<\/option><option value=\"jyvaskyla\">Jyv\u00e4skyl\u00e4<\/option><option value=\"jarvenpaa\">J\u00e4rvenp\u00e4\u00e4<\/option><option value=\"kajaani\">Kajaani<\/option><option value=\"kangasala\">Kangasala<\/option><option value=\"keminmaa\">Keminmaa<\/option><option value=\"kerava\">Kerava<\/option><option value=\"klaukkala\">Klaukkala<\/option><option value=\"kokkola\">Kokkola<\/option><option value=\"kotka\">Kotka<\/option><option value=\"kouvola\">Kouvola<\/option><option value=\"kuopio\">Kuopio<\/option><option value=\"lahti\">Lahti<\/option><option value=\"lappeenranta\">Lappeenranta<\/option><option value=\"lohja\">Lohja<\/option><option value=\"mikkeli\">Mikkeli<\/option><option value=\"nummela\">Nummela<\/option><option value=\"oulu\">Oulu<\/option><option value=\"pirkkala\">Pirkkala<\/option><option value=\"pori\">Pori<\/option><option value=\"rauma\">Rauma<\/option><option value=\"rovaniemi\">Rovaniemi<\/option><option value=\"seinajoki\">Sein\u00e4joki<\/option><option value=\"tampere\">Tampere<\/option><option value=\"turku\">Turku<\/option><option value=\"vaasa\">Vaasa<\/option><option value=\"vantaa\">Vantaa<\/option><option value=\"ylojarvi\">Yl\u00f6j\u00e4rvi<\/option><option value=\"aanekoski\">\u00c4\u00e4nekoski<\/option><\/select>\n<\/div>\n\n<\/form>\n<div id=\"wpv-view-layout-485\" class=\"js-wpv-view-layout js-wpv-layout-responsive js-wpv-view-layout-485\" data-viewnumber=\"485\" data-pagination=\"{&quot;id&quot;:485,&quot;query&quot;:&quot;normal&quot;,&quot;type&quot;:&quot;disabled&quot;,&quot;effect&quot;:&quot;fade&quot;,&quot;duration&quot;:500,&quot;speed&quot;:5,&quot;pause_on_hover&quot;:&quot;disabled&quot;,&quot;stop_rollover&quot;:&quot;false&quot;,&quot;cache_pages&quot;:&quot;enabled&quot;,&quot;preload_images&quot;:&quot;enabled&quot;,&quot;preload_pages&quot;:&quot;enabled&quot;,&quot;preload_reach&quot;:1,&quot;spinner&quot;:&quot;builtin&quot;,&quot;spinner_image&quot;:&quot;https:\/\/www.incar.fi\/wp-content\/plugins\/wp-views\/embedded\/res\/img\/ajax-loader.gif&quot;,&quot;callback_next&quot;:&quot;&quot;,&quot;manage_history&quot;:&quot;disabled&quot;,&quot;has_controls_in_form&quot;:&quot;disabled&quot;,&quot;infinite_tolerance&quot;:&quot;0&quot;,&quot;max_pages&quot;:0,&quot;page&quot;:1,&quot;base_permalink&quot;:&quot;\/en\/wp-json\/wp\/v2\/pages\/1202?wpv_view_count=485&amp;wpv_paged=WPV_PAGE_NUM&quot;,&quot;loop&quot;:{&quot;type&quot;:&quot;&quot;,&quot;name&quot;:&quot;&quot;,&quot;data&quot;:[],&quot;id&quot;:0}}\" data-permalink=\"\/en\/wp-json\/wp\/v2\/pages\/1202?wpv_view_count=485\">\n\n\t\n  <div class=\"sp-phone-list\">\n\t\n    \n    <a href=\"tel:0300 247 270\" class=\"sp-list-item\">\n      <div>Espoo Espoonlahti<\/div>\n      <div>0300 247 270<\/div>\n\t<\/a>\n    \n    <a href=\"tel:0300 247 253\" class=\"sp-list-item\">\n      <div>Espoo Kivenlahti<\/div>\n      <div>0300 247 253<\/div>\n\t<\/a>\n    \n    <a href=\"tel:0300 247 282\" class=\"sp-list-item\">\n      <div>Forssa H\u00e4meentie<\/div>\n      <div>0300 247 282<\/div>\n\t<\/a>\n    \n    <a href=\"tel:0300 247 252\" class=\"sp-list-item\">\n      <div>Heinola Vuohkallio<\/div>\n      <div>0300 247 252<\/div>\n\t<\/a>\n    \n    <a href=\"tel:0300 247 279\" class=\"sp-list-item\">\n      <div>Helsinki Ala-Tikkurila<\/div>\n      <div>0300 247 279<\/div>\n\t<\/a>\n    \n    <a href=\"tel:0300 247 242\" class=\"sp-list-item\">\n      <div>Helsinki Herttoniemi<\/div>\n      <div>0300 247 242<\/div>\n\t<\/a>\n    \n    <a href=\"tel:0300 247 280\" class=\"sp-list-item\">\n      <div>Helsinki Konala<\/div>\n      <div>0300 247 280<\/div>\n\t<\/a>\n    \n    <a href=\"tel:0300 247 263\" class=\"sp-list-item\">\n      <div>Mall of Tripla<\/div>\n      <div>0300 247 263<\/div>\n\t<\/a>\n    \n    <a href=\"tel:0300 247 240\" class=\"sp-list-item\">\n      <div>Helsinki Malmi<\/div>\n      <div>0300 247 240<\/div>\n\t<\/a>\n    \n    <a href=\"tel:0300 247 284\" class=\"sp-list-item\">\n      <div>Helsinki Redi<\/div>\n      <div>0300 247 284<\/div>\n\t<\/a>\n    \n    <a href=\"tel:0300 247 264\" class=\"sp-list-item\">\n      <div>Hyvink\u00e4\u00e4 Sveitsin Portaali<\/div>\n      <div>0300 247 264<\/div>\n\t<\/a>\n    \n    <a href=\"tel:0300 247 276\" class=\"sp-list-item\">\n      <div>H\u00e4meenlinna Tiiri\u00f6<\/div>\n      <div>0300 247 276<\/div>\n\t<\/a>\n    \n    <a href=\"tel:0300 247 293\" class=\"sp-list-item\">\n      <div>Ilmajoki Siltala<\/div>\n      <div>0300 247 293<\/div>\n\t<\/a>\n    \n    <a href=\"tel:0300 247 255\" class=\"sp-list-item\">\n      <div>Joensuu Kanervala<\/div>\n      <div>0300 247 255<\/div>\n\t<\/a>\n    \n    <a href=\"tel:0300 247 256\" class=\"sp-list-item\">\n      <div>Jyv\u00e4skyl\u00e4 Sepp\u00e4l\u00e4nkangas<\/div>\n      <div>0300 247 256<\/div>\n\t<\/a>\n    \n    <a href=\"tel:0300 247 265\" class=\"sp-list-item\">\n      <div>J\u00e4rvenp\u00e4\u00e4 V\u00e4h\u00e4nummen teollisuusalue<\/div>\n      <div>0300 247 265<\/div>\n\t<\/a>\n    \n    <a href=\"tel:0300 247 304\" class=\"sp-list-item\">\n      <div>Kajaani Heinisuo<\/div>\n      <div>0300 247 304<\/div>\n\t<\/a>\n    \n    <a href=\"tel:0300 247 271\" class=\"sp-list-item\">\n      <div>Kangasala Kallio<\/div>\n      <div>0300 247 271<\/div>\n\t<\/a>\n    \n    <a href=\"tel:0300 247 273\" class=\"sp-list-item\">\n      <div>Keminmaa P\u00f6rh\u00f6l\u00e4npudas<\/div>\n      <div>0300 247 273<\/div>\n\t<\/a>\n    \n    <a href=\"tel:0300 247 294\" class=\"sp-list-item\">\n      <div>Kerava J\u00e4spil\u00e4<\/div>\n      <div>0300 247 294<\/div>\n\t<\/a>\n    \n    <a href=\"tel:0300 247 254\" class=\"sp-list-item\">\n      <div>Klaukkala Syrj\u00e4l\u00e4<\/div>\n      <div>0300 247 254<\/div>\n\t<\/a>\n    \n    <a href=\"tel:0300 247 297\" class=\"sp-list-item\">\n      <div>Kokkola Heinola<\/div>\n      <div>0300 247 297<\/div>\n\t<\/a>\n    \n    <a href=\"tel:0300 247 283\" class=\"sp-list-item\">\n      <div>Kotka Aittakorpi<\/div>\n      <div>0300 247 283<\/div>\n\t<\/a>\n    \n    <a href=\"tel:0300 247 290\" class=\"sp-list-item\">\n      <div>Kouvola Korjala<\/div>\n      <div>0300 247 290<\/div>\n\t<\/a>\n    \n    <a href=\"tel:0300 247 258\" class=\"sp-list-item\">\n      <div>Kuopio Savilahti<\/div>\n      <div>0300 247 258<\/div>\n\t<\/a>\n    \n    <a href=\"tel:0300 247 266\" class=\"sp-list-item\">\n      <div>Lahti Renkom\u00e4ki<\/div>\n      <div>0300 247 266<\/div>\n\t<\/a>\n    \n    <a href=\"tel:0300 247 259\" class=\"sp-list-item\">\n      <div>Lappeenranta Myllym\u00e4ki<\/div>\n      <div>0300 247 259<\/div>\n\t<\/a>\n    \n    <a href=\"tel:0300 247 300\" class=\"sp-list-item\">\n      <div>Lohja Pappilankorpi<\/div>\n      <div>0300 247 300<\/div>\n\t<\/a>\n    \n    <a href=\"tel:0300 247 288\" class=\"sp-list-item\">\n      <div>Mikkeli Karikko<\/div>\n      <div>0300 247 288<\/div>\n\t<\/a>\n    \n    <a href=\"tel:0300 247 301\" class=\"sp-list-item\">\n      <div>Nummela Veikkoinkorpi<\/div>\n      <div>0300 247 301<\/div>\n\t<\/a>\n    \n    <a href=\"tel:0300 247 275\" class=\"sp-list-item\">\n      <div>Oulu Limingantulli<\/div>\n      <div>0300 247 275<\/div>\n\t<\/a>\n    \n    <a href=\"tel:0300 247 287\" class=\"sp-list-item\">\n      <div>Oulu Rusko<\/div>\n      <div>0300 247 287<\/div>\n\t<\/a>\n    \n    <a href=\"tel:0300 247 260\" class=\"sp-list-item\">\n      <div>Oulu Vasaraper\u00e4<\/div>\n      <div>0300 247 260<\/div>\n\t<\/a>\n    \n    <a href=\"tel:0300 247 268\" class=\"sp-list-item\">\n      <div>Pirkkala Linnakallio<\/div>\n      <div>0300 247 268<\/div>\n\t<\/a>\n    \n    <a href=\"tel:0300 247 306\" class=\"sp-list-item\">\n      <div>Pori Toejoki<\/div>\n      <div>0300 247 306<\/div>\n\t<\/a>\n    \n    <a href=\"tel:0300 247 261\" class=\"sp-list-item\">\n      <div>Pori Vanhakoivisto<\/div>\n      <div>0300 247 261<\/div>\n\t<\/a>\n    \n    <a href=\"tel:0300 247 243\" class=\"sp-list-item\">\n      <div>Rauma Kairakatu<\/div>\n      <div>0300 247 243<\/div>\n\t<\/a>\n    \n    <a href=\"tel:0300 247 262\" class=\"sp-list-item\">\n      <div>Rovaniemi Teollisuuskyl\u00e4<\/div>\n      <div>0300 247 262<\/div>\n\t<\/a>\n    \n    <a href=\"tel:0300 247 291\" class=\"sp-list-item\">\n      <div>Sein\u00e4joki Hyllykallio<\/div>\n      <div>0300 247 291<\/div>\n\t<\/a>\n    \n    <a href=\"tel:0300 247 278\" class=\"sp-list-item\">\n      <div>Tampere Lakalaiva<\/div>\n      <div>0300 247 278<\/div>\n\t<\/a>\n    \n    <a href=\"tel:0300 247 295\" class=\"sp-list-item\">\n      <div>Tampere Lielahti<\/div>\n      <div>0300 247 295<\/div>\n\t<\/a>\n    \n    <a href=\"tel:0300 247 249\" class=\"sp-list-item\">\n      <div>Turku Kuninkoja<\/div>\n      <div>0300 247 249<\/div>\n\t<\/a>\n    \n    <a href=\"tel:0300 247 248\" class=\"sp-list-item\">\n      <div>Turku Oriketo<\/div>\n      <div>0300 247 248<\/div>\n\t<\/a>\n    \n    <a href=\"tel:0300 247 277\" class=\"sp-list-item\">\n      <div>Turku V\u00e4tti<\/div>\n      <div>0300 247 277<\/div>\n\t<\/a>\n    \n    <a href=\"tel:0300 247 299\" class=\"sp-list-item\">\n      <div>Vaasa Klemettil\u00e4<\/div>\n      <div>0300 247 299<\/div>\n\t<\/a>\n    \n    <a href=\"tel:0300 247 257\" class=\"sp-list-item\">\n      <div>InCar Vaasa Liisanlehto<\/div>\n      <div>0300 247 257<\/div>\n\t<\/a>\n    \n    <a href=\"tel:0300 247 250\" class=\"sp-list-item\">\n      <div>Vantaa Airport<\/div>\n      <div>0300 247 250<\/div>\n\t<\/a>\n    \n    <a href=\"tel:0300 247 245\" class=\"sp-list-item\">\n      <div>Vantaa Jaguar Land Rover<\/div>\n      <div>0300 247 245<\/div>\n\t<\/a>\n    \n    <a href=\"tel:0300 247 269\" class=\"sp-list-item\">\n      <div>Yl\u00f6j\u00e4rvi Elovainio<\/div>\n      <div>0300 247 269<\/div>\n\t<\/a>\n    \n    <a href=\"tel:0300 247 298\" class=\"sp-list-item\">\n      <div>\u00c4\u00e4nekoski Laajalahti<\/div>\n      <div>0300 247 298<\/div>\n\t<\/a>\n    \n\t\n  <\/div>\n\t\n\t\n<\/div>\n\n<\/div><\/div>\n","protected":false},"excerpt":{"rendered":"<p>Soita InCariin Asiakaspalvelumme auttaa mielell\u00e4\u00e4n sinua arkisin 8-18. Huomioithan, ett\u00e4 arkipyhin\u00e4 asiakaspalvelumme on suljettu. Toimipisteiden puhelinnumerot. Puhelun hinta 0300-numeroon 0,42 \u20ac\/min + pvm\/mpm. Soita klikkaamalla toimipisteen puhelinnumeroa, muut yhteydenottotavat klikkaamalla [&hellip;]<\/p>\n","protected":false},"author":1,"featured_media":3522,"parent":0,"menu_order":26,"comment_status":"closed","ping_status":"closed","template":"","meta":{"_uag_custom_page_level_css":"","site-sidebar-layout":"default","site-content-layout":"default","ast-site-content-layout":"default","site-content-style":"default","site-sidebar-style":"default","ast-global-header-display":"","ast-banner-title-visibility":"","ast-main-header-display":"","ast-hfb-above-header-display":"","ast-hfb-below-header-display":"","ast-hfb-mobile-header-display":"","site-post-title":"","ast-breadcrumbs-content":"","ast-featured-img":"","footer-sml-layout":"","ast-disable-related-posts":"","theme-transparent-header-meta":"default","adv-header-id-meta":"","stick-header-meta":"default","header-above-stick-meta":"","header-main-stick-meta":"","header-below-stick-meta":"","astra-migrate-meta-layouts":"set","ast-page-background-enabled":"default","ast-page-background-meta":{"desktop":{"background-color":"","background-image":"","background-repeat":"repeat","background-position":"center center","background-size":"auto","background-attachment":"scroll","background-type":"","background-media":"","overlay-type":"","overlay-color":"","overlay-opacity":"","overlay-gradient":""},"tablet":{"background-color":"","background-image":"","background-repeat":"repeat","background-position":"center center","background-size":"auto","background-attachment":"scroll","background-type":"","background-media":"","overlay-type":"","overlay-color":"","overlay-opacity":"","overlay-gradient":""},"mobile":{"background-color":"","background-image":"","background-repeat":"repeat","background-position":"center center","background-size":"auto","background-attachment":"scroll","background-type":"","background-media":"","overlay-type":"","overlay-color":"","overlay-opacity":"","overlay-gradient":""}},"ast-content-background-meta":{"desktop":{"background-color":"var(--ast-global-color-5)","background-image":"","background-repeat":"repeat","background-position":"center center","background-size":"auto","background-attachment":"scroll","background-type":"","background-media":"","overlay-type":"","overlay-color":"","overlay-opacity":"","overlay-gradient":""},"tablet":{"background-color":"var(--ast-global-color-5)","background-image":"","background-repeat":"repeat","background-position":"center center","background-size":"auto","background-attachment":"scroll","background-type":"","background-media":"","overlay-type":"","overlay-color":"","overlay-opacity":"","overlay-gradient":""},"mobile":{"background-color":"var(--ast-global-color-5)","background-image":"","background-repeat":"repeat","background-position":"center center","background-size":"auto","background-attachment":"scroll","background-type":"","background-media":"","overlay-type":"","overlay-color":"","overlay-opacity":"","overlay-gradient":""}},"footnotes":""},"class_list":["post-1202","page","type-page","status-publish","has-post-thumbnail","hentry"],"aioseo_notices":[],"uagb_featured_image_src":{"full":["https:\/\/www.incar.fi\/media\/2021\/04\/Palvelukeskus_2000x800.jpg",2000,801,false],"thumbnail":["https:\/\/www.incar.fi\/media\/2021\/04\/Palvelukeskus_2000x800-400x160.jpg",400,160,true],"medium":["https:\/\/www.incar.fi\/media\/2021\/04\/Palvelukeskus_2000x800-800x320.jpg",800,320,true],"medium_large":["https:\/\/www.incar.fi\/media\/2021\/04\/Palvelukeskus_2000x800-768x308.jpg",768,308,true],"large":["https:\/\/www.incar.fi\/media\/2021\/04\/Palvelukeskus_2000x800-1200x481.jpg",1200,481,true],"1536x1536":["https:\/\/www.incar.fi\/media\/2021\/04\/Palvelukeskus_2000x800-1536x615.jpg",1536,615,true],"2048x2048":["https:\/\/www.incar.fi\/media\/2021\/04\/Palvelukeskus_2000x800.jpg",2000,801,false],"gform-image-choice-sm":["https:\/\/www.incar.fi\/media\/2021\/04\/Palvelukeskus_2000x800.jpg",300,120,false],"gform-image-choice-md":["https:\/\/www.incar.fi\/media\/2021\/04\/Palvelukeskus_2000x800.jpg",400,160,false],"gform-image-choice-lg":["https:\/\/www.incar.fi\/media\/2021\/04\/Palvelukeskus_2000x800.jpg",600,240,false]},"uagb_author_info":{"display_name":"Lauri Aaltonen","author_link":"https:\/\/www.incar.fi\/en\/author\/servotuki\/"},"uagb_comment_info":0,"uagb_excerpt":"Soita InCariin Asiakaspalvelumme auttaa mielell\u00e4\u00e4n sinua arkisin 8-18. Huomioithan, ett\u00e4 arkipyhin\u00e4 asiakaspalvelumme on suljettu. Toimipisteiden puhelinnumerot. Puhelun hinta 0300-numeroon 0,42 \u20ac\/min + pvm\/mpm. Soita klikkaamalla toimipisteen puhelinnumeroa, muut yhteydenottotavat klikkaamalla [&hellip;]","_links":{"self":[{"href":"https:\/\/www.incar.fi\/en\/wp-json\/wp\/v2\/pages\/1202","targetHints":{"allow":["GET"]}}],"collection":[{"href":"https:\/\/www.incar.fi\/en\/wp-json\/wp\/v2\/pages"}],"about":[{"href":"https:\/\/www.incar.fi\/en\/wp-json\/wp\/v2\/types\/page"}],"author":[{"embeddable":true,"href":"https:\/\/www.incar.fi\/en\/wp-json\/wp\/v2\/users\/1"}],"replies":[{"embeddable":true,"href":"https:\/\/www.incar.fi\/en\/wp-json\/wp\/v2\/comments?post=1202"}],"version-history":[{"count":9,"href":"https:\/\/www.incar.fi\/en\/wp-json\/wp\/v2\/pages\/1202\/revisions"}],"predecessor-version":[{"id":11675,"href":"https:\/\/www.incar.fi\/en\/wp-json\/wp\/v2\/pages\/1202\/revisions\/11675"}],"wp:featuredmedia":[{"embeddable":true,"href":"https:\/\/www.incar.fi\/en\/wp-json\/wp\/v2\/media\/3522"}],"wp:attachment":[{"href":"https:\/\/www.incar.fi\/en\/wp-json\/wp\/v2\/media?parent=1202"}],"curies":[{"name":"wp","href":"https:\/\/api.w.org\/{rel}","templated":true}]}}