{"id":12211,"date":"2022-04-22T08:30:05","date_gmt":"2022-04-22T05:30:05","guid":{"rendered":"https:\/\/www.incar.fi\/incar-oy\/billing-addresses\/"},"modified":"2025-09-09T19:01:30","modified_gmt":"2025-09-09T16:01:30","slug":"billing-addresses","status":"publish","type":"page","link":"https:\/\/www.incar.fi\/en\/incar-oy\/billing-addresses\/","title":{"rendered":"Billing addresses"},"content":{"rendered":"\n<h1 class=\"wp-block-heading\" id=\"hallinto\">Billing addresses<\/h1>\n\n<h2 class=\"wp-block-heading\" id=\"hallinto\">Hallinnon yhteystiedot<\/h2>\n\n\n\n<h4 class=\"wp-block-heading\">Postiosoite<\/h4>\n\n\n\n<ul class=\"wp-block-list\">\n<li>InCar Oy | Hallinto<\/li>\n\n\n\n<li>Takomotie 1\u20133<\/li>\n\n\n\n<li>00380 Helsinki<\/li>\n<\/ul>\n\n\n\n<h4 class=\"wp-block-heading\">Verkkolaskuosoitteet<\/h4>\n\n\n\n<div class=\"inherit-container-width wp-block-group is-layout-constrained wp-container-core-group-is-layout-7e031287 wp-block-group-is-layout-constrained\" style=\"margin-top:0;margin-bottom:0;padding-top:var(--wp--preset--spacing--20);padding-right:var(--wp--preset--spacing--20);padding-bottom:var(--wp--preset--spacing--20);padding-left:var(--wp--preset--spacing--20)\"><div class=\"wp-block-group__inner-container\">\n<p><strong>InCar Oy<\/strong><\/p>\n\n\n\n<ul class=\"wp-block-list\">\n<li>Verkkolaskuosoite: 003708297419<\/li>\n\n\n\n<li>Operaattori: Basware<\/li>\n\n\n\n<li>Operaattorin v\u00e4litt\u00e4j\u00e4tunnus: BAWCFI22<\/li>\n<\/ul>\n<\/div><\/div>\n\n\n\n<div class=\"inherit-container-width wp-block-group is-layout-constrained wp-container-core-group-is-layout-7e031287 wp-block-group-is-layout-constrained\" style=\"margin-top:0;margin-bottom:0;padding-top:var(--wp--preset--spacing--20);padding-right:var(--wp--preset--spacing--20);padding-bottom:var(--wp--preset--spacing--20);padding-left:var(--wp--preset--spacing--20)\"><div class=\"wp-block-group__inner-container\">\n<p><strong>InCar J\u00e4rvenp\u00e4\u00e4 Oy<\/strong><\/p>\n\n\n\n<ul class=\"wp-block-list\">\n<li>Verkkolaskuosoite: 003725559337<\/li>\n\n\n\n<li>Operaattori: Basware<\/li>\n\n\n\n<li>Operaattorin v\u00e4litt\u00e4j\u00e4tunnus: BAWCFI22<\/li>\n<\/ul>\n<\/div><\/div>\n\n\n\n<p>Pyyd\u00e4mme huomioimaan, ett\u00e4 yll\u00e4 oleviin verkkolaskuosoitteisiin voi l\u00e4hett\u00e4\u00e4 ainoastaan laskuja, ei muuta postia. Maksuhuomautukset pyyd\u00e4mme l\u00e4hett\u00e4m\u00e4\u00e4n osoitteeseen Takomotie 1\u20133, 00380 Helsinki&nbsp;tai&nbsp;<a href=\"mailto:taloushallinto@suviagroup.com\" target=\"_blank\" rel=\"noreferrer noopener\">taloushallinto@suviagroup.com<\/a>.<\/p>\n\n\n\n<p>Jotta laskunne menisiv\u00e4t meill\u00e4 maksuun ajoissa, pyyd\u00e4mme teit\u00e4 mainitsemaan laskullanne tilausnumeron sek\u00e4 kustannuspaikan numeron. InCar Oy:n kustannuspaikkalistaus on t\u00e4m\u00e4n sivun alaosassa.<\/p>\n\n\n\n<p>Jos verkkolaskujen l\u00e4hetys ei ole teille mahdollista, voitte l\u00e4hett\u00e4\u00e4 laskut s\u00e4hk\u00f6postilla osoitteeseen:<\/p>\n\n\n\n<ul class=\"wp-block-list\">\n<li>Incar Oy: <a href=\"mailto:incar@skannaus.apix.fi\">incar@skannaus.apix.fi<\/a><\/li>\n\n\n\n<li>Incar J\u00e4rvenp\u00e4\u00e4 Oy: <a href=\"mailto:incarjarvenpaa@skannaus.apix.fi\">incarjarvenpaa@skannaus.apix.fi<\/a><\/li>\n<\/ul>\n\n\n\n<p>Ostolaskuihin liittyviss\u00e4 kysymyksiss\u00e4 voitte olla yhteydess\u00e4 s\u00e4hk\u00f6postitse <a href=\"mailto:taloushallinto@suviagroup.com\">taloushallinto@suviagroup.com<\/a>.<\/p>\n\n\n\n<h4 class=\"wp-block-heading\">InCarin kustannuspaikat<\/h4>\n\n\n\n<div class=\"wp-block-buttons is-layout-flex wp-block-buttons-is-layout-flex\">\n<div class=\"wp-block-button\"><a class=\"wp-block-button__link wp-element-button\" href=\"https:\/\/www.incar.fi\/media\/2026\/04\/SuviaGroup-laskutustiedot-1.pdf\">InCarin kustannuspaikat (PDF)<\/a><\/div>\n<\/div>\n","protected":false},"excerpt":{"rendered":"<p>Billing addresses<\/p>\n","protected":false},"author":1,"featured_media":6124,"parent":11426,"menu_order":1,"comment_status":"closed","ping_status":"closed","template":"","meta":{"_uag_custom_page_level_css":"","site-sidebar-layout":"default","site-content-layout":"default","ast-site-content-layout":"default","site-content-style":"default","site-sidebar-style":"default","ast-global-header-display":"","ast-banner-title-visibility":"","ast-main-header-display":"","ast-hfb-above-header-display":"","ast-hfb-below-header-display":"","ast-hfb-mobile-header-display":"","site-post-title":"","ast-breadcrumbs-content":"","ast-featured-img":"","footer-sml-layout":"","ast-disable-related-posts":"","theme-transparent-header-meta":"default","adv-header-id-meta":"","stick-header-meta":"default","header-above-stick-meta":"","header-main-stick-meta":"","header-below-stick-meta":"","astra-migrate-meta-layouts":"default","ast-page-background-enabled":"default","ast-page-background-meta":{"desktop":{"background-color":"","background-image":"","background-repeat":"repeat","background-position":"center center","background-size":"auto","background-attachment":"scroll","background-type":"","background-media":"","overlay-type":"","overlay-color":"","overlay-opacity":"","overlay-gradient":""},"tablet":{"background-color":"","background-image":"","background-repeat":"repeat","background-position":"center center","background-size":"auto","background-attachment":"scroll","background-type":"","background-media":"","overlay-type":"","overlay-color":"","overlay-opacity":"","overlay-gradient":""},"mobile":{"background-color":"","background-image":"","background-repeat":"repeat","background-position":"center center","background-size":"auto","background-attachment":"scroll","background-type":"","background-media":"","overlay-type":"","overlay-color":"","overlay-opacity":"","overlay-gradient":""}},"ast-content-background-meta":{"desktop":{"background-color":"var(--ast-global-color-5)","background-image":"","background-repeat":"repeat","background-position":"center center","background-size":"auto","background-attachment":"scroll","background-type":"","background-media":"","overlay-type":"","overlay-color":"","overlay-opacity":"","overlay-gradient":""},"tablet":{"background-color":"var(--ast-global-color-5)","background-image":"","background-repeat":"repeat","background-position":"center center","background-size":"auto","background-attachment":"scroll","background-type":"","background-media":"","overlay-type":"","overlay-color":"","overlay-opacity":"","overlay-gradient":""},"mobile":{"background-color":"var(--ast-global-color-5)","background-image":"","background-repeat":"repeat","background-position":"center center","background-size":"auto","background-attachment":"scroll","background-type":"","background-media":"","overlay-type":"","overlay-color":"","overlay-opacity":"","overlay-gradient":""}},"footnotes":""},"class_list":["post-12211","page","type-page","status-publish","has-post-thumbnail","hentry"],"aioseo_notices":[],"uagb_featured_image_src":{"full":["https:\/\/www.incar.fi\/media\/2022\/03\/AdobeStock_231032314-2.png",1920,1080,false],"thumbnail":["https:\/\/www.incar.fi\/media\/2022\/03\/AdobeStock_231032314-2-400x225.png",400,225,true],"medium":["https:\/\/www.incar.fi\/media\/2022\/03\/AdobeStock_231032314-2-800x450.png",800,450,true],"medium_large":["https:\/\/www.incar.fi\/media\/2022\/03\/AdobeStock_231032314-2-768x432.png",768,432,true],"large":["https:\/\/www.incar.fi\/media\/2022\/03\/AdobeStock_231032314-2-1200x675.png",1200,675,true],"1536x1536":["https:\/\/www.incar.fi\/media\/2022\/03\/AdobeStock_231032314-2-1536x864.png",1536,864,true],"2048x2048":["https:\/\/www.incar.fi\/media\/2022\/03\/AdobeStock_231032314-2.png",1920,1080,false],"gform-image-choice-sm":["https:\/\/www.incar.fi\/media\/2022\/03\/AdobeStock_231032314-2.png",300,169,false],"gform-image-choice-md":["https:\/\/www.incar.fi\/media\/2022\/03\/AdobeStock_231032314-2.png",400,225,false],"gform-image-choice-lg":["https:\/\/www.incar.fi\/media\/2022\/03\/AdobeStock_231032314-2.png",600,338,false]},"uagb_author_info":{"display_name":"Lauri Aaltonen","author_link":"https:\/\/www.incar.fi\/en\/author\/servotuki\/"},"uagb_comment_info":0,"uagb_excerpt":"Billing addresses","_links":{"self":[{"href":"https:\/\/www.incar.fi\/en\/wp-json\/wp\/v2\/pages\/12211","targetHints":{"allow":["GET"]}}],"collection":[{"href":"https:\/\/www.incar.fi\/en\/wp-json\/wp\/v2\/pages"}],"about":[{"href":"https:\/\/www.incar.fi\/en\/wp-json\/wp\/v2\/types\/page"}],"author":[{"embeddable":true,"href":"https:\/\/www.incar.fi\/en\/wp-json\/wp\/v2\/users\/1"}],"replies":[{"embeddable":true,"href":"https:\/\/www.incar.fi\/en\/wp-json\/wp\/v2\/comments?post=12211"}],"version-history":[{"count":1,"href":"https:\/\/www.incar.fi\/en\/wp-json\/wp\/v2\/pages\/12211\/revisions"}],"predecessor-version":[{"id":12212,"href":"https:\/\/www.incar.fi\/en\/wp-json\/wp\/v2\/pages\/12211\/revisions\/12212"}],"up":[{"embeddable":true,"href":"https:\/\/www.incar.fi\/en\/wp-json\/wp\/v2\/pages\/11426"}],"wp:featuredmedia":[{"embeddable":true,"href":"https:\/\/www.incar.fi\/en\/wp-json\/wp\/v2\/media\/6124"}],"wp:attachment":[{"href":"https:\/\/www.incar.fi\/en\/wp-json\/wp\/v2\/media?parent=12211"}],"curies":[{"name":"wp","href":"https:\/\/api.w.org\/{rel}","templated":true}]}}