{"id":1849,"date":"2019-10-21T13:34:26","date_gmt":"2019-10-21T10:34:26","guid":{"rendered":"https:\/\/www.incar.fi\/?page_id=1849"},"modified":"2023-02-24T08:29:07","modified_gmt":"2023-02-24T06:29:07","slug":"esittely","status":"publish","type":"page","link":"https:\/\/www.incar.fi\/en\/incar-academy\/esittely\/","title":{"rendered":"InCar Akatemian esittely"},"content":{"rendered":"\n<h1 class=\"wp-block-heading\">Korikorjaajia, automaalareita, ty\u00f6njohtajia \u2013 Ammattitaidolla tulevaisuuteen<\/h1>\n\n\n\n<p>InCarin sis\u00e4inen koulutusohjelma InCar Akatemia on ensimm\u00e4inen monimerkkikorjaamon oma koulutusohjelma Suomessa. Koulutusohjelmamme tavoitteena on vahvistaa henkil\u00f6st\u00f6n osaamista sek\u00e4 luoda mahdollisuuksia uusiin urapolkuihin. Sivutuotteena saamme ty\u00f6menetelmist\u00e4mme entist\u00e4 ymp\u00e4rist\u00f6yst\u00e4v\u00e4llisempi\u00e4 ja kustannustehokkaampia luoden n\u00e4in s\u00e4\u00e4st\u00f6j\u00e4 my\u00f6s asiakkaille. InCar Akatemia on suunnattu koko InCarin henkil\u00f6kunnalle koulutustaustasta riippumatta. Koulutuksia j\u00e4rjestet\u00e4\u00e4n muun muassa yhdess\u00e4 oppilaitosten kanssa tutkintoihin t\u00e4hd\u00e4ten. Tulemme my\u00f6s hy\u00f6dynt\u00e4m\u00e4\u00e4n oman henkil\u00f6kuntamme osaamista ja yhteisty\u00f6kumppaneitamme t\u00e4sm\u00e4koulutusten sek\u00e4 kurssimuotoisen opetuksen muodossa. <\/p>\n\n\n\n<figure class=\"wp-block-image alignright is-resized tm10\"><img decoding=\"async\" src=\"https:\/\/www.incar.fi\/media\/2018\/09\/IMG_0206_TuomasPelto-1200x800.jpg\" alt=\"\" class=\"wp-image-949\" width=\"497\" height=\"330\" srcset=\"https:\/\/www.incar.fi\/media\/2018\/09\/IMG_0206_TuomasPelto-1200x800.jpg 1200w, https:\/\/www.incar.fi\/media\/2018\/09\/IMG_0206_TuomasPelto-800x533.jpg 800w, https:\/\/www.incar.fi\/media\/2018\/09\/IMG_0206_TuomasPelto-400x267.jpg 400w, https:\/\/www.incar.fi\/media\/2018\/09\/IMG_0206_TuomasPelto-768x512.jpg 768w, https:\/\/www.incar.fi\/media\/2018\/09\/IMG_0206_TuomasPelto-1536x1024.jpg 1536w, https:\/\/www.incar.fi\/media\/2018\/09\/IMG_0206_TuomasPelto.jpg 2000w\" sizes=\"(max-width: 497px) 100vw, 497px\" \/><\/figure>\n\n\n\n<p class=\"has-text-align-left\"><strong>Tutkintoon t\u00e4ht\u00e4\u00e4v\u00e4t koulutukset<\/strong> toteutetaan yhteisty\u00f6ss\u00e4 oppilaitosten kanssa. Koulutusnimikkeit\u00e4 ovat ammattitutkinto, erikoisammattitutkinto ja perustutkinto. Yhteisty\u00f6koulutuksissa tarjoamme mahdollisuuksia sek\u00e4 ty\u00f6harjoitteluihin ett\u00e4 oppisopimuspaikkoihin. Tutkintoon t\u00e4ht\u00e4\u00e4viin koulutuksiin haetaan aina oppilaitosten kautta. Autoalan perustutkintoa suorittavat voivat oppilaitoksen suosituksella siirty\u00e4 suorittamaan osan tutkinnosta oppisopimuksella InCarille. Mik\u00e4li ty\u00f6skentelet oppilaitoksessa, joka haluaa yhteisty\u00f6h\u00f6n InCar Akatemian kanssa, ota yhteys suoraan vastuukouluttajiimme. <\/p>\n\n\n\n<p><strong>Syvent\u00e4v\u00e4t koulutukset<\/strong> on tarkoitettu jo InCarin palveluksessa olevalle henkil\u00f6st\u00f6lle. Ammattia tukevat p\u00e4tevyyskoulutukset j\u00e4rjestet\u00e4\u00e4n InCarin ja yhteisty\u00f6kumppaneiden toimesta ja koulutukset ovat normaalia ty\u00f6aikaa. Koulutusten tavoitteena on pit\u00e4\u00e4 henkil\u00f6st\u00f6 ajan tasalla alan muuttuvista toimintatavoista sek\u00e4 yll\u00e4pit\u00e4\u00e4 ammattiylpeytt\u00e4 ja mielekkyytt\u00e4 oman ty\u00f6n suorittamiseen.<\/p>\n\n\n\n<p>InCar Akatemian kouluttajat etsiv\u00e4t ja j\u00e4rjest\u00e4v\u00e4t jatkuvasti koulutuksia ymp\u00e4ri Suomea, ja koulutuksiin voi hakeutua koulutuskalenteristamme. InCar Akatemia tukee my\u00f6s omaehtoista ja oma-aloitteista kouluttautumista sek\u00e4 osaamisen kehitt\u00e4mist\u00e4. <\/p>\n","protected":false},"excerpt":{"rendered":"<p>Korikorjaajia, automaalareita, ty\u00f6njohtajia \u2013 Ammattitaidolla tulevaisuuteen InCarin sis\u00e4inen koulutusohjelma InCar Akatemia on ensimm\u00e4inen monimerkkikorjaamon oma koulutusohjelma Suomessa. Koulutusohjelmamme tavoitteena on vahvistaa henkil\u00f6st\u00f6n osaamista sek\u00e4 luoda mahdollisuuksia uusiin urapolkuihin. Sivutuotteena saamme [&hellip;]<\/p>\n","protected":false},"author":18,"featured_media":1818,"parent":1727,"menu_order":1,"comment_status":"closed","ping_status":"closed","template":"","meta":{"_uag_custom_page_level_css":"","site-sidebar-layout":"default","site-content-layout":"default","ast-site-content-layout":"default","site-content-style":"default","site-sidebar-style":"default","ast-global-header-display":"","ast-banner-title-visibility":"","ast-main-header-display":"","ast-hfb-above-header-display":"","ast-hfb-below-header-display":"","ast-hfb-mobile-header-display":"","site-post-title":"","ast-breadcrumbs-content":"","ast-featured-img":"","footer-sml-layout":"","ast-disable-related-posts":"","theme-transparent-header-meta":"default","adv-header-id-meta":"","stick-header-meta":"default","header-above-stick-meta":"","header-main-stick-meta":"","header-below-stick-meta":"","astra-migrate-meta-layouts":"default","ast-page-background-enabled":"default","ast-page-background-meta":{"desktop":{"background-color":"","background-image":"","background-repeat":"repeat","background-position":"center center","background-size":"auto","background-attachment":"scroll","background-type":"","background-media":"","overlay-type":"","overlay-color":"","overlay-opacity":"","overlay-gradient":""},"tablet":{"background-color":"","background-image":"","background-repeat":"repeat","background-position":"center center","background-size":"auto","background-attachment":"scroll","background-type":"","background-media":"","overlay-type":"","overlay-color":"","overlay-opacity":"","overlay-gradient":""},"mobile":{"background-color":"","background-image":"","background-repeat":"repeat","background-position":"center center","background-size":"auto","background-attachment":"scroll","background-type":"","background-media":"","overlay-type":"","overlay-color":"","overlay-opacity":"","overlay-gradient":""}},"ast-content-background-meta":{"desktop":{"background-color":"var(--ast-global-color-5)","background-image":"","background-repeat":"repeat","background-position":"center center","background-size":"auto","background-attachment":"scroll","background-type":"","background-media":"","overlay-type":"","overlay-color":"","overlay-opacity":"","overlay-gradient":""},"tablet":{"background-color":"var(--ast-global-color-5)","background-image":"","background-repeat":"repeat","background-position":"center center","background-size":"auto","background-attachment":"scroll","background-type":"","background-media":"","overlay-type":"","overlay-color":"","overlay-opacity":"","overlay-gradient":""},"mobile":{"background-color":"var(--ast-global-color-5)","background-image":"","background-repeat":"repeat","background-position":"center center","background-size":"auto","background-attachment":"scroll","background-type":"","background-media":"","overlay-type":"","overlay-color":"","overlay-opacity":"","overlay-gradient":""}},"footnotes":""},"class_list":["post-1849","page","type-page","status-publish","has-post-thumbnail","hentry"],"aioseo_notices":[],"uagb_featured_image_src":{"full":["https:\/\/www.incar.fi\/media\/2019\/09\/Mustavalkotaulut_1_valmis.jpg",2000,1333,false],"thumbnail":["https:\/\/www.incar.fi\/media\/2019\/09\/Mustavalkotaulut_1_valmis-400x267.jpg",400,267,true],"medium":["https:\/\/www.incar.fi\/media\/2019\/09\/Mustavalkotaulut_1_valmis-800x533.jpg",800,533,true],"medium_large":["https:\/\/www.incar.fi\/media\/2019\/09\/Mustavalkotaulut_1_valmis-768x512.jpg",768,512,true],"large":["https:\/\/www.incar.fi\/media\/2019\/09\/Mustavalkotaulut_1_valmis-1200x800.jpg",1200,800,true],"1536x1536":["https:\/\/www.incar.fi\/media\/2019\/09\/Mustavalkotaulut_1_valmis-1536x1024.jpg",1536,1024,true],"2048x2048":["https:\/\/www.incar.fi\/media\/2019\/09\/Mustavalkotaulut_1_valmis.jpg",2000,1333,false],"gform-image-choice-sm":["https:\/\/www.incar.fi\/media\/2019\/09\/Mustavalkotaulut_1_valmis.jpg",300,200,false],"gform-image-choice-md":["https:\/\/www.incar.fi\/media\/2019\/09\/Mustavalkotaulut_1_valmis.jpg",400,267,false],"gform-image-choice-lg":["https:\/\/www.incar.fi\/media\/2019\/09\/Mustavalkotaulut_1_valmis.jpg",600,400,false]},"uagb_author_info":{"display_name":"Pasi Tolvanen","author_link":"https:\/\/www.incar.fi\/en\/author\/pasi-tolvanen\/"},"uagb_comment_info":0,"uagb_excerpt":"Korikorjaajia, automaalareita, ty\u00f6njohtajia \u2013 Ammattitaidolla tulevaisuuteen InCarin sis\u00e4inen koulutusohjelma InCar Akatemia on ensimm\u00e4inen monimerkkikorjaamon oma koulutusohjelma Suomessa. Koulutusohjelmamme tavoitteena on vahvistaa henkil\u00f6st\u00f6n osaamista sek\u00e4 luoda mahdollisuuksia uusiin urapolkuihin. Sivutuotteena saamme [&hellip;]","_links":{"self":[{"href":"https:\/\/www.incar.fi\/en\/wp-json\/wp\/v2\/pages\/1849","targetHints":{"allow":["GET"]}}],"collection":[{"href":"https:\/\/www.incar.fi\/en\/wp-json\/wp\/v2\/pages"}],"about":[{"href":"https:\/\/www.incar.fi\/en\/wp-json\/wp\/v2\/types\/page"}],"author":[{"embeddable":true,"href":"https:\/\/www.incar.fi\/en\/wp-json\/wp\/v2\/users\/18"}],"replies":[{"embeddable":true,"href":"https:\/\/www.incar.fi\/en\/wp-json\/wp\/v2\/comments?post=1849"}],"version-history":[{"count":2,"href":"https:\/\/www.incar.fi\/en\/wp-json\/wp\/v2\/pages\/1849\/revisions"}],"predecessor-version":[{"id":9987,"href":"https:\/\/www.incar.fi\/en\/wp-json\/wp\/v2\/pages\/1849\/revisions\/9987"}],"up":[{"embeddable":true,"href":"https:\/\/www.incar.fi\/en\/wp-json\/wp\/v2\/pages\/1727"}],"wp:featuredmedia":[{"embeddable":true,"href":"https:\/\/www.incar.fi\/en\/wp-json\/wp\/v2\/media\/1818"}],"wp:attachment":[{"href":"https:\/\/www.incar.fi\/en\/wp-json\/wp\/v2\/media?parent=1849"}],"curies":[{"name":"wp","href":"https:\/\/api.w.org\/{rel}","templated":true}]}}