{"id":2224,"date":"2020-04-30T14:16:58","date_gmt":"2020-04-30T11:16:58","guid":{"rendered":"https:\/\/www.incar.fi\/?page_id=2224"},"modified":"2026-01-14T19:08:27","modified_gmt":"2026-01-14T17:08:27","slug":"lasipalvelu-turku","status":"publish","type":"page","link":"https:\/\/www.incar.fi\/en\/lasipalvelu-turku\/","title":{"rendered":"Lasipalvelu Turku"},"content":{"rendered":"\n<h2 class=\"tm0 wp-block-heading\">Tuulilasien vaihto ja kalibrointi Turun seudulla<\/h2>\n\n\n\n<div class=\"wp-block-columns is-layout-flex wp-container-core-columns-is-layout-28f84493 wp-block-columns-is-layout-flex\">\n<div class=\"wp-block-column is-layout-flow wp-block-column-is-layout-flow\">\n<p class=\"text-bold\">InCar Turun seudun lasipalvelu auttaa kaikissa lasivahingoissa kahden toimipisteen voimin.<\/p>\n\n\n\n<p>Kiveniskemien korjaus hoituu p\u00e4\u00e4s\u00e4\u00e4nt\u00f6isesti 20 minuutissa ja mik\u00e4li sinulla on lasivakuutus, on korjaus sinulle veloitukseton.<\/p>\n\n\n\n<p>Autojen kalibrointivalmius l\u00f6ytyy kaikilta toimipisteilt\u00e4mme ja takuuksi tekem\u00e4st\u00e4mme ty\u00f6st\u00e4, annamme asiakkaillemme mukaan lasinvaihtotodistuksen.<\/p>\n\n\n\n<p>Tuulilasien vaihdot ja kalibroinnit suoritetaan ammattitaidolla kaikkiin automerkkeihin ja malleihin. K\u00e4ytt\u00e4miemme huippuluokan lasiliimojen ansiosta, auton saa ajoon parhaimmillaan jo kolmessa tunnissa.<br><\/p>\n<\/div>\n\n\n\n<div class=\"wp-block-column is-layout-flow wp-block-column-is-layout-flow\">\n<figure class=\"wp-block-image size-large\"><img decoding=\"async\" width=\"585\" height=\"329\" src=\"https:\/\/www.incar.fi\/media\/2020\/10\/ic_nelikentta_2020.jpg\" alt=\"\" class=\"wp-image-2532\" srcset=\"https:\/\/www.incar.fi\/media\/2020\/10\/ic_nelikentta_2020.jpg 585w, https:\/\/www.incar.fi\/media\/2020\/10\/ic_nelikentta_2020-400x225.jpg 400w\" sizes=\"(max-width: 585px) 100vw, 585px\" \/><\/figure>\n\n\n\n<p><\/p>\n<\/div>\n<\/div>\n\n\n\n<div style=\"height:20px\" aria-hidden=\"true\" class=\"wp-block-spacer\"><\/div>\n\n\n\n<h2 class=\"wp-block-heading\">Yhteydenotto Lasipalvelu Turku<\/h2>\n\n\n\n<div style=\"height:20px\" aria-hidden=\"true\" class=\"wp-block-spacer\"><\/div>\n\n\n<div class=\"featured-items\"><div class=\"featured-container\">\n  <div class=\"fp-featured box-shadow bg-white\">\n    <div class=\"featured-image bg-position\" style=\"background-image: url();\"><\/div>\n    <div class=\"service-name tp30 bp15 double-gutter text-bold\">InCar Turku Oriketo<\/div>\n    <div class=\"double-gutter text-darkgray bp30\">\n      <ul class=\"list-unstyled text-small\">\n        <li>Kuormakatu 17, 20380 Turku<\/li>\n        <li><a href=\"tel:0300 247 248\">0300 247 248<\/a><\/li>\n        <li><a href=\"mailto:turku@incar.fi\">turku@incar.fi<\/a><\/li>\n        <li>Avoinna: Ma\u2013Pe 07:30\u201317:00<\/li>\n      <\/ul>\n      <div class=\"wp-block-buttons tm20\">\n\t  \t<div class=\"wp-block-button\">\n       \t  <a class=\"wp-block-button__link no-border-radius wp-element-button\" href=\"https:\/\/www.incar.fi\/en\/autokorjaamo\/incar-turku-oriketo\/\">Yhteystiedot<\/a><\/div>\n      <\/div>\n    <\/div>\n  <\/div>\n<\/div><div class=\"featured-container\">\n  <div class=\"fp-featured box-shadow bg-white\">\n    <div class=\"featured-image bg-position\" style=\"background-image: url(https:\/\/www.incar.fi\/media\/2017\/11\/726A5419-800x533.jpg);\"><\/div>\n    <div class=\"service-name tp30 bp15 double-gutter text-bold\">InCar Turku V\u00e4tti (Hedin Automotive)<\/div>\n    <div class=\"double-gutter text-darkgray bp30\">\n      <ul class=\"list-unstyled text-small\">\n        <li>Rieskal\u00e4hteentie 71, 20300 Turku<\/li>\n        <li><a href=\"tel:0300 247 277\">0300 247 277<\/a><\/li>\n        <li><a href=\"mailto:turku.vatti@incar.fi\">turku.vatti@incar.fi<\/a><\/li>\n        <li>Avoinna: Ma\u2013Pe 07:30\u201317:00<\/li>\n      <\/ul>\n      <div class=\"wp-block-buttons tm20\">\n\t  \t<div class=\"wp-block-button\">\n       \t  <a class=\"wp-block-button__link no-border-radius wp-element-button\" href=\"https:\/\/www.incar.fi\/en\/autokorjaamo\/incar-turku-vatti\/\">Yhteystiedot<\/a><\/div>\n      <\/div>\n    <\/div>\n  <\/div>\n<\/div><\/div>\n","protected":false},"excerpt":{"rendered":"<p>Tuulilasien vaihto ja kalibrointi Turun seudulla InCar Turun seudun lasipalvelu auttaa kaikissa lasivahingoissa kahden toimipisteen voimin. Kiveniskemien korjaus hoituu p\u00e4\u00e4s\u00e4\u00e4nt\u00f6isesti 20 minuutissa ja mik\u00e4li sinulla on lasivakuutus, on korjaus sinulle veloitukseton. Autojen kalibrointivalmius l\u00f6ytyy kaikilta toimipisteilt\u00e4mme ja takuuksi tekem\u00e4st\u00e4mme ty\u00f6st\u00e4, annamme asiakkaillemme mukaan lasinvaihtotodistuksen. Tuulilasien vaihdot ja kalibroinnit suoritetaan ammattitaidolla kaikkiin automerkkeihin ja malleihin. K\u00e4ytt\u00e4miemme [&hellip;]<\/p>\n","protected":false},"author":1,"featured_media":2176,"parent":0,"menu_order":66,"comment_status":"closed","ping_status":"closed","template":"","meta":{"_uag_custom_page_level_css":"","site-sidebar-layout":"default","site-content-layout":"","ast-site-content-layout":"default","site-content-style":"default","site-sidebar-style":"default","ast-global-header-display":"","ast-banner-title-visibility":"","ast-main-header-display":"","ast-hfb-above-header-display":"","ast-hfb-below-header-display":"","ast-hfb-mobile-header-display":"","site-post-title":"","ast-breadcrumbs-content":"","ast-featured-img":"","footer-sml-layout":"","ast-disable-related-posts":"","theme-transparent-header-meta":"","adv-header-id-meta":"","stick-header-meta":"","header-above-stick-meta":"","header-main-stick-meta":"","header-below-stick-meta":"","astra-migrate-meta-layouts":"set","ast-page-background-enabled":"default","ast-page-background-meta":{"desktop":{"background-color":"","background-image":"","background-repeat":"repeat","background-position":"center center","background-size":"auto","background-attachment":"scroll","background-type":"","background-media":"","overlay-type":"","overlay-color":"","overlay-opacity":"","overlay-gradient":""},"tablet":{"background-color":"","background-image":"","background-repeat":"repeat","background-position":"center center","background-size":"auto","background-attachment":"scroll","background-type":"","background-media":"","overlay-type":"","overlay-color":"","overlay-opacity":"","overlay-gradient":""},"mobile":{"background-color":"","background-image":"","background-repeat":"repeat","background-position":"center center","background-size":"auto","background-attachment":"scroll","background-type":"","background-media":"","overlay-type":"","overlay-color":"","overlay-opacity":"","overlay-gradient":""}},"ast-content-background-meta":{"desktop":{"background-color":"var(--ast-global-color-5)","background-image":"","background-repeat":"repeat","background-position":"center center","background-size":"auto","background-attachment":"scroll","background-type":"","background-media":"","overlay-type":"","overlay-color":"","overlay-opacity":"","overlay-gradient":""},"tablet":{"background-color":"var(--ast-global-color-5)","background-image":"","background-repeat":"repeat","background-position":"center center","background-size":"auto","background-attachment":"scroll","background-type":"","background-media":"","overlay-type":"","overlay-color":"","overlay-opacity":"","overlay-gradient":""},"mobile":{"background-color":"var(--ast-global-color-5)","background-image":"","background-repeat":"repeat","background-position":"center center","background-size":"auto","background-attachment":"scroll","background-type":"","background-media":"","overlay-type":"","overlay-color":"","overlay-opacity":"","overlay-gradient":""}},"footnotes":""},"class_list":["post-2224","page","type-page","status-publish","has-post-thumbnail","hentry"],"aioseo_notices":[],"uagb_featured_image_src":{"full":["https:\/\/www.incar.fi\/media\/2020\/04\/RL_0163_2048.jpg",2048,1365,false],"thumbnail":["https:\/\/www.incar.fi\/media\/2020\/04\/RL_0163_2048-400x267.jpg",400,267,true],"medium":["https:\/\/www.incar.fi\/media\/2020\/04\/RL_0163_2048-800x533.jpg",800,533,true],"medium_large":["https:\/\/www.incar.fi\/media\/2020\/04\/RL_0163_2048-768x512.jpg",768,512,true],"large":["https:\/\/www.incar.fi\/media\/2020\/04\/RL_0163_2048-1200x800.jpg",1200,800,true],"1536x1536":["https:\/\/www.incar.fi\/media\/2020\/04\/RL_0163_2048-1536x1024.jpg",1536,1024,true],"2048x2048":["https:\/\/www.incar.fi\/media\/2020\/04\/RL_0163_2048.jpg",2048,1365,false],"gform-image-choice-sm":["https:\/\/www.incar.fi\/media\/2020\/04\/RL_0163_2048.jpg",300,200,false],"gform-image-choice-md":["https:\/\/www.incar.fi\/media\/2020\/04\/RL_0163_2048.jpg",400,267,false],"gform-image-choice-lg":["https:\/\/www.incar.fi\/media\/2020\/04\/RL_0163_2048.jpg",600,400,false]},"uagb_author_info":{"display_name":"Lauri Aaltonen","author_link":"https:\/\/www.incar.fi\/en\/author\/servotuki\/"},"uagb_comment_info":0,"uagb_excerpt":"Tuulilasien vaihto ja kalibrointi Turun seudulla InCar Turun seudun lasipalvelu auttaa kaikissa lasivahingoissa kahden toimipisteen voimin. Kiveniskemien korjaus hoituu p\u00e4\u00e4s\u00e4\u00e4nt\u00f6isesti 20 minuutissa ja mik\u00e4li sinulla on lasivakuutus, on korjaus sinulle veloitukseton. Autojen kalibrointivalmius l\u00f6ytyy kaikilta toimipisteilt\u00e4mme ja takuuksi tekem\u00e4st\u00e4mme ty\u00f6st\u00e4, annamme asiakkaillemme mukaan lasinvaihtotodistuksen. Tuulilasien vaihdot ja kalibroinnit suoritetaan ammattitaidolla kaikkiin automerkkeihin ja malleihin. K\u00e4ytt\u00e4miemme&hellip;","_links":{"self":[{"href":"https:\/\/www.incar.fi\/en\/wp-json\/wp\/v2\/pages\/2224","targetHints":{"allow":["GET"]}}],"collection":[{"href":"https:\/\/www.incar.fi\/en\/wp-json\/wp\/v2\/pages"}],"about":[{"href":"https:\/\/www.incar.fi\/en\/wp-json\/wp\/v2\/types\/page"}],"author":[{"embeddable":true,"href":"https:\/\/www.incar.fi\/en\/wp-json\/wp\/v2\/users\/1"}],"replies":[{"embeddable":true,"href":"https:\/\/www.incar.fi\/en\/wp-json\/wp\/v2\/comments?post=2224"}],"version-history":[{"count":1,"href":"https:\/\/www.incar.fi\/en\/wp-json\/wp\/v2\/pages\/2224\/revisions"}],"predecessor-version":[{"id":13973,"href":"https:\/\/www.incar.fi\/en\/wp-json\/wp\/v2\/pages\/2224\/revisions\/13973"}],"wp:featuredmedia":[{"embeddable":true,"href":"https:\/\/www.incar.fi\/en\/wp-json\/wp\/v2\/media\/2176"}],"wp:attachment":[{"href":"https:\/\/www.incar.fi\/en\/wp-json\/wp\/v2\/media?parent=2224"}],"curies":[{"name":"wp","href":"https:\/\/api.w.org\/{rel}","templated":true}]}}