{"id":2684,"date":"2020-12-02T16:53:41","date_gmt":"2020-12-02T14:53:41","guid":{"rendered":"https:\/\/www.incar.fi\/?page_id=2684"},"modified":"2024-07-03T12:41:26","modified_gmt":"2024-07-03T09:41:26","slug":"auton-luovutus-ja-nouto-24-7","status":"publish","type":"page","link":"https:\/\/www.incar.fi\/en\/auton-luovutus-ja-nouto-24-7\/","title":{"rendered":"Auton luovutus ja nouto 24\/7"},"content":{"rendered":"\n<h1 class=\"wp-block-heading\">InCar-Avainautomaatti palvelee sinua vuorokauden jokaisena tuntina<\/h1>\n\n\n\n<h3 class=\"wp-block-heading\">Avainautomaatin avulla voit<\/h3>\n\n\n\n<ul class=\"wp-block-list\">\n<li>Toimittaa avaimesi korjaamolle 24\/7<\/li>\n\n\n\n<li>Noutaa sijaisautosi avaimet 24\/7<\/li>\n\n\n\n<li>Sovittaessa hakea autosi korjaamolta ja maksaa korjauksen 24\/7<\/li>\n\n\n\n<li>Palauttaa sijausautosi avaimen korjaamolle 24\/7<\/li>\n<\/ul>\n\n\n\n<p>Toimitamme sinulle korjaukseen tuonnin yhteydess\u00e4 puhelimeesi henkil\u00f6kohtaisen QR-koodin, jonka avulla voit automaattia k\u00e4ytt\u00e4\u00e4 kaikkiin yll\u00e4mainittuihin toimintoihin. Avainautomaattia voi my\u00f6s k\u00e4ytt\u00e4\u00e4 vaikka korjaamomme olisi avoinna.<\/p>\n\n\n\n<p>Avainautomaattimme palvelee t\u00e4ll\u00e4 hetkell\u00e4<a href=\"https:\/\/www.incar.fi\/autokorjaamo\/incar-espoo-espoonlahti\/\"> Espoonlahdessa<\/a> ja <a href=\"https:\/\/www.incar.fi\/autokorjaamo\/incar-lahti\/\">Lahdessa<\/a>.<\/p>\n\n\n\n<h3 class=\"wp-block-heading\">K\u00e4ytt\u00f6ohjeet<\/h3>\n\n\n\n<h4 class=\"wp-block-heading\">Avaimen toimitus korjaamolle<\/h4>\n\n\n\n<ul class=\"wp-block-list\">\n<li>Mik\u00e4li olet sopinut etuk\u00e4teen korjaamon kanssa auton sek\u00e4 avaimen tuonnista ja sinulla on henkil\u00f6kohtainen QR-koodi, n\u00e4yt\u00e4 QR-koodisi laitteelle. Avaimen j\u00e4tt\u00e4minen korjaamolle ilman QR-koodia on my\u00f6s mahdollista.<\/li>\n\n\n\n<li>Toimittaessasi avainta automaatille, poista oma avaimenper\u00e4 ja laita pelkk\u00e4 avain luukkuun.<\/li>\n\n\n\n<li>Toimi n\u00e4yt\u00f6n ohjeiden mukaisesti.<\/li>\n\n\n\n<li>J\u00e4t\u00e4 autosi avaimet lokeroon ja ota mukaan mahdollisen ennakkovaratun sijaisautosi avaimet (vaatii henkil\u00f6kohtaisen QR-koodin ja sijaisauton noudoksi sovitun seuraavan toimintatavan).<\/li>\n<\/ul>\n\n\n\n<h4 class=\"wp-block-heading\">Noutaessasi autoa korjaamolta<\/h4>\n\n\n\n<ul class=\"wp-block-list\">\n<li>N\u00e4yt\u00e4 Qr-koodi lukijalle (s\u00e4\u00e4d\u00e4 puhelimen n\u00e4ytt\u00f6 kirkkaaksi).<\/li>\n\n\n\n<li>Toimi n\u00e4yt\u00f6n ohjeiden mukaisesti.<\/li>\n\n\n\n<li>Maksa maksup\u00e4\u00e4tteell\u00e4 korjauksesi.<\/li>\n<\/ul>\n\n\n\n<h4 class=\"wp-block-heading\">Sinulla ei ole QR-koodia?<\/h4>\n\n\n\n<p>Et tarvitse v\u00e4ltt\u00e4m\u00e4tt\u00e4 QR-koodia toimittaaksesi autosi meille korjattavaksi. Mik\u00e4li sinulle on kuitenkin luotu korjaamon toimesta henkil\u00f6kohtainen QR-koodi, suosittelemme sen k\u00e4ytt\u00e4mist\u00e4.<\/p>\n","protected":false},"excerpt":{"rendered":"<p>InCar-Avainautomaatti palvelee sinua vuorokauden jokaisena tuntina Avainautomaatin avulla voit Toimitamme sinulle korjaukseen tuonnin yhteydess\u00e4 puhelimeesi henkil\u00f6kohtaisen QR-koodin, jonka avulla voit automaattia k\u00e4ytt\u00e4\u00e4 kaikkiin yll\u00e4mainittuihin toimintoihin. Avainautomaattia voi my\u00f6s k\u00e4ytt\u00e4\u00e4 vaikka [&hellip;]<\/p>\n","protected":false},"author":18,"featured_media":2863,"parent":0,"menu_order":3,"comment_status":"closed","ping_status":"closed","template":"","meta":{"_uag_custom_page_level_css":"","site-sidebar-layout":"default","site-content-layout":"","ast-site-content-layout":"default","site-content-style":"default","site-sidebar-style":"default","ast-global-header-display":"","ast-banner-title-visibility":"","ast-main-header-display":"","ast-hfb-above-header-display":"","ast-hfb-below-header-display":"","ast-hfb-mobile-header-display":"","site-post-title":"","ast-breadcrumbs-content":"","ast-featured-img":"","footer-sml-layout":"","ast-disable-related-posts":"","theme-transparent-header-meta":"","adv-header-id-meta":"","stick-header-meta":"","header-above-stick-meta":"","header-main-stick-meta":"","header-below-stick-meta":"","astra-migrate-meta-layouts":"set","ast-page-background-enabled":"default","ast-page-background-meta":{"desktop":{"background-color":"","background-image":"","background-repeat":"repeat","background-position":"center center","background-size":"auto","background-attachment":"scroll","background-type":"","background-media":"","overlay-type":"","overlay-color":"","overlay-opacity":"","overlay-gradient":""},"tablet":{"background-color":"","background-image":"","background-repeat":"repeat","background-position":"center center","background-size":"auto","background-attachment":"scroll","background-type":"","background-media":"","overlay-type":"","overlay-color":"","overlay-opacity":"","overlay-gradient":""},"mobile":{"background-color":"","background-image":"","background-repeat":"repeat","background-position":"center center","background-size":"auto","background-attachment":"scroll","background-type":"","background-media":"","overlay-type":"","overlay-color":"","overlay-opacity":"","overlay-gradient":""}},"ast-content-background-meta":{"desktop":{"background-color":"var(--ast-global-color-5)","background-image":"","background-repeat":"repeat","background-position":"center center","background-size":"auto","background-attachment":"scroll","background-type":"","background-media":"","overlay-type":"","overlay-color":"","overlay-opacity":"","overlay-gradient":""},"tablet":{"background-color":"var(--ast-global-color-5)","background-image":"","background-repeat":"repeat","background-position":"center center","background-size":"auto","background-attachment":"scroll","background-type":"","background-media":"","overlay-type":"","overlay-color":"","overlay-opacity":"","overlay-gradient":""},"mobile":{"background-color":"var(--ast-global-color-5)","background-image":"","background-repeat":"repeat","background-position":"center center","background-size":"auto","background-attachment":"scroll","background-type":"","background-media":"","overlay-type":"","overlay-color":"","overlay-opacity":"","overlay-gradient":""}},"footnotes":""},"class_list":["post-2684","page","type-page","status-publish","has-post-thumbnail","hentry"],"aioseo_notices":[],"uagb_featured_image_src":{"full":["https:\/\/www.incar.fi\/media\/2021\/02\/Avainkaappi_1500x1021px.jpg",1500,1021,false],"thumbnail":["https:\/\/www.incar.fi\/media\/2021\/02\/Avainkaappi_1500x1021px-400x272.jpg",400,272,true],"medium":["https:\/\/www.incar.fi\/media\/2021\/02\/Avainkaappi_1500x1021px-800x545.jpg",800,545,true],"medium_large":["https:\/\/www.incar.fi\/media\/2021\/02\/Avainkaappi_1500x1021px-768x523.jpg",768,523,true],"large":["https:\/\/www.incar.fi\/media\/2021\/02\/Avainkaappi_1500x1021px-1200x817.jpg",1200,817,true],"1536x1536":["https:\/\/www.incar.fi\/media\/2021\/02\/Avainkaappi_1500x1021px.jpg",1500,1021,false],"2048x2048":["https:\/\/www.incar.fi\/media\/2021\/02\/Avainkaappi_1500x1021px.jpg",1500,1021,false],"gform-image-choice-sm":["https:\/\/www.incar.fi\/media\/2021\/02\/Avainkaappi_1500x1021px.jpg",300,204,false],"gform-image-choice-md":["https:\/\/www.incar.fi\/media\/2021\/02\/Avainkaappi_1500x1021px.jpg",400,272,false],"gform-image-choice-lg":["https:\/\/www.incar.fi\/media\/2021\/02\/Avainkaappi_1500x1021px.jpg",600,408,false]},"uagb_author_info":{"display_name":"Pasi Tolvanen","author_link":"https:\/\/www.incar.fi\/en\/author\/pasi-tolvanen\/"},"uagb_comment_info":0,"uagb_excerpt":"InCar-Avainautomaatti palvelee sinua vuorokauden jokaisena tuntina Avainautomaatin avulla voit Toimitamme sinulle korjaukseen tuonnin yhteydess\u00e4 puhelimeesi henkil\u00f6kohtaisen QR-koodin, jonka avulla voit automaattia k\u00e4ytt\u00e4\u00e4 kaikkiin yll\u00e4mainittuihin toimintoihin. Avainautomaattia voi my\u00f6s k\u00e4ytt\u00e4\u00e4 vaikka [&hellip;]","_links":{"self":[{"href":"https:\/\/www.incar.fi\/en\/wp-json\/wp\/v2\/pages\/2684","targetHints":{"allow":["GET"]}}],"collection":[{"href":"https:\/\/www.incar.fi\/en\/wp-json\/wp\/v2\/pages"}],"about":[{"href":"https:\/\/www.incar.fi\/en\/wp-json\/wp\/v2\/types\/page"}],"author":[{"embeddable":true,"href":"https:\/\/www.incar.fi\/en\/wp-json\/wp\/v2\/users\/18"}],"replies":[{"embeddable":true,"href":"https:\/\/www.incar.fi\/en\/wp-json\/wp\/v2\/comments?post=2684"}],"version-history":[{"count":1,"href":"https:\/\/www.incar.fi\/en\/wp-json\/wp\/v2\/pages\/2684\/revisions"}],"predecessor-version":[{"id":9465,"href":"https:\/\/www.incar.fi\/en\/wp-json\/wp\/v2\/pages\/2684\/revisions\/9465"}],"wp:featuredmedia":[{"embeddable":true,"href":"https:\/\/www.incar.fi\/en\/wp-json\/wp\/v2\/media\/2863"}],"wp:attachment":[{"href":"https:\/\/www.incar.fi\/en\/wp-json\/wp\/v2\/media?parent=2684"}],"curies":[{"name":"wp","href":"https:\/\/api.w.org\/{rel}","templated":true}]}}