{"id":273,"date":"2017-11-08T11:29:43","date_gmt":"2017-11-08T09:29:43","guid":{"rendered":"http:\/\/wp04.hostingpalvelu.fi\/~incarfi\/?page_id=273"},"modified":"2025-11-13T15:01:28","modified_gmt":"2025-11-13T13:01:28","slug":"rekisteri-ja-tietosuojaseloste","status":"publish","type":"page","link":"https:\/\/www.incar.fi\/en\/rekisteri-ja-tietosuojaseloste\/","title":{"rendered":"Rekisteri- ja tietosuojaseloste"},"content":{"rendered":"<h2>InCar Oy:n asiakasrekisteri\u00e4 koskeva tietosuojaseloste<\/h2>\n<h4>Rekisterinpit\u00e4j\u00e4<\/h4>\n<ul>\n<li>InCar Oy<\/li>\n<li>Takomotie 1-3, 00380 Helsinki<\/li>\n<li>Y-tunnus: 0829741-9<\/li>\n<\/ul>\n<h4>Rekisteriasioita hoitaa<\/h4>\n<ul>\n<li>Tietosuojavastaava<\/li>\n<li><a href=\"mailto:tietosuoja@suviagroup.com\">tietosuoja@suviagroup.com<\/a><\/li>\n<\/ul>\n<h4>Rekisterin nimi<\/h4>\n<p>InCar Oy:n s\u00e4hk\u00f6isten palvelujen k\u00e4ytt\u00e4j\u00e4- ja asiakasrekisteri<\/p>\n<h4>Rekisterin k\u00e4ytt\u00f6tarkoitus<\/h4>\n<p>Asiakastietoja voidaan k\u00e4sitell\u00e4 seuraavia tarkoituksia varten:<\/p>\n<ul>\n<li>asiakassuhteen hoitaminen, kehitt\u00e4minen ja analysointi<\/li>\n<li>asiakasviestint\u00e4<\/li>\n<li>palvelun toteuttaminen<\/li>\n<li>asiakastapahtumien varmentaminen<\/li>\n<li>asiakaspalvelun ja liiketoiminnan kehitt\u00e4minen<\/li>\n<li>markkinointi<\/li>\n<li>analysointi ja tilastointi<\/li>\n<\/ul>\n<p>Asiakastietoja voidaan k\u00e4sitell\u00e4 my\u00f6s InCar Groupiin kuuluvissa muissa suomalaisissa yhti\u00f6iss\u00e4.<\/p>\n<p>Rekisterin sis\u00e4lt\u00e4mi\u00e4 tietoja voidaan k\u00e4ytt\u00e4\u00e4 lains\u00e4\u00e4d\u00e4nn\u00f6n sallimin tavoin InCar Groupiin kuuluvien yhti\u00f6iden yhteisty\u00f6kumppaneiden suoramainontaan, et\u00e4myyntiin tai muuhun suoramarkkinointiin, mielipide- tai markkinatutkimukseen tai muihin n\u00e4ihin rinnastettaviin osoitteellisiin l\u00e4hetyksiin sek\u00e4 asiakasviestint\u00e4\u00e4n my\u00f6s s\u00e4hk\u00f6isi\u00e4 v\u00e4lineit\u00e4 k\u00e4ytt\u00e4en, jos Asiakas on antanut t\u00e4h\u00e4n suostumuksen palvelua k\u00e4ytt\u00e4ess\u00e4\u00e4n.<\/p>\n<h4>Rekisterin tietosis\u00e4lt\u00f6<\/h4>\n<p>Rekisteri voi sis\u00e4lt\u00e4\u00e4 seuraavia tietoja:<\/p>\n<ul>\n<li>Asiakkaan nimi<\/li>\n<li>Osoite, postinumero ja postitoimipaikka<\/li>\n<li>Syntym\u00e4aika<\/li>\n<li>S\u00e4hk\u00f6postiosoite<\/li>\n<li>Puhelinnumero<\/li>\n<li>Mahdolliset luvat ja suostumukset<\/li>\n<li>Asiakastietojen muutoshistoria<\/li>\n<li>Asiakastunnisteita<\/li>\n<li>Ajoneuvon rekisteritunnus ja muut asiakkaan ajoneuvosta antamat tiedot, kuten merkki, malli ja ensimm\u00e4inen k\u00e4ytt\u00f6\u00f6nottovuosi<\/li>\n<li>Ajoneuvon omistajan ja haltijan tiedot<\/li>\n<li>Liikennevahinkoon liittyv\u00e4t tiedot, kuten ajoneuvo(je)n vauriotiedot ja muiden osapuolien tiedot, vahingon ajankohta, vahingon sijainti ja vahingon olosuhteet. Lis\u00e4ksi rekisteriss\u00e4 s\u00e4ilytet\u00e4\u00e4n vahinkoon liittyvien henkil\u00f6vahinkojen, poliisitutkinnan ja vahingon todistajien tiedot<\/li>\n<li>Mahdolliset muut asiakkaan suostumuksella ker\u00e4tyt tiedot<\/li>\n<li>Asiakassuhdetta koskevat tiedot, kuten laskutus- ja maksutiedot, tuote- ja tilaustiedot, asiakaspalautteet ja yhteydenotot, arvonta- ja kilpailuvastaustiedot sek\u00e4 peruutustiedot<\/li>\n<\/ul>\n<h4>S\u00e4\u00e4nn\u00f6nmukaiset tietol\u00e4hteet<\/h4>\n<p>Asiakasta koskevat tiedot saadaan Asiakkaalta itselt\u00e4\u00e4n tai h\u00e4nen luvallaan vakuutusyhti\u00f6st\u00e4, asiakassuhteen aikana internetin kautta, asiakaspalvelutilanteissa, puhelimitse, s\u00e4hk\u00f6postilla tai muulla vastaavalla tavalla. Nimi-, osoite- ja kuolintietojen p\u00e4ivityksi\u00e4 voidaan saada my\u00f6s p\u00e4ivityspalveluja tarjoavilta viranomaisilta ja yrityksilt\u00e4.<\/p>\n<h4>Tietojen s\u00e4\u00e4nn\u00f6nmukainen luovutus<\/h4>\n<p>Rekisterinpit\u00e4j\u00e4 luovuttaa Asiakkaan liikenne-, auto- tai lasivahinkotietoja ainoastaan Asiakkaan palvelussa ilmoittamille vahinkovakuutusyhti\u00f6ille, autovuokraamoille, InCar Partner korjaamoille sek\u00e4 <span data-olk-copy-source=\"MessageBody\">Euromaster Oy<\/span>:n ja <span data-olk-copy-source=\"MessageBody\">Ayvens Finland Oy:n<\/span> vahinkotietojen k\u00e4sittelyyn m\u00e4\u00e4ritetyille henkil\u00f6ille.<\/p>\n<p><span data-olk-copy-source=\"MessageBody\">Lis\u00e4ksi tietoja voidaan k\u00e4sitell\u00e4 ja luovuttaa konserniin kuuluvien yhti\u00f6iden v\u00e4lill\u00e4, silloin kun se on tarpeen palveluiden tuottamiseksi, asiakassuhteen hoitamiseksi tai lakis\u00e4\u00e4teisten velvoitteiden t\u00e4ytt\u00e4miseksi.<\/span><\/p>\n<p>Rekisterinpit\u00e4j\u00e4 voi luovuttaa tietoja voimassaolevan lains\u00e4\u00e4d\u00e4nn\u00f6n sallimissa ja velvoittamissa rajoissa muun muassa rekisterinpit\u00e4j\u00e4n valikoimille yhteisty\u00f6kumppaneille markkinointitarkoituksiin, jos Asiakas on antanut t\u00e4h\u00e4n suostumuksen palvelua k\u00e4ytt\u00e4ess\u00e4\u00e4n.<\/p>\n<h4>Tietojen siirto EU:n tai ETA.n ulkopuolelle<\/h4>\n<p>Asiakastietoja k\u00e4sitell\u00e4\u00e4n EU:n tietosuoja-asetuksen mukaisesti. EU:n tai ETA:n ulkopuolisten kumppaneiden suhteen edellyt\u00e4mme EU-US Privacy Shield -sopimusta tai muuta tietosuoja-asetuksen mukaan hyv\u00e4ksytty\u00e4 tapaa.<\/p>\n<h4>Rekisterin suojauksen periaatteet<\/h4>\n<p>Asiakasrekisterin k\u00e4ytt\u00f6oikeus on vain niill\u00e4 InCar Groupin ja palvelutarjoajien palveluksessa olevilla henkil\u00f6ill\u00e4, jotka tarvitsevat tietoja teht\u00e4viss\u00e4\u00e4n. Heill\u00e4 on k\u00e4yt\u00f6ss\u00e4\u00e4n henkil\u00f6kohtaiset k\u00e4ytt\u00e4j\u00e4tunnukset ja salasanat. Tiedot ker\u00e4t\u00e4\u00e4n tietokantoihin, jotka ovat palomuurein, salasanoin ja muilla teknisill\u00e4 keinoilla suojattuja. Tietokannat ja niiden varmuuskopiot sijaitsevat lukituissa tiloissa ja niit\u00e4 hallinnoi IT-palvelutoimittaja tietoturvallisten periaatteiden mukaisesti.<\/p>\n<h4>Tarkastusoikeus, oikeus oikaista virheellinen tieto ja oikeus poistaa tiedot<\/h4>\n<p>Asiakkaalla on oikeus tarkastaa h\u00e4nt\u00e4 koskevat kuluttaja-asiakasrekisteriss\u00e4 olevat tiedot. Tarkastuspyynt\u00f6 tulee esitt\u00e4\u00e4 henkil\u00f6kohtaisesti rekisterinpit\u00e4j\u00e4n toimipaikoissa. Tarkastuspyynn\u00f6n voi tehd\u00e4 maksutta kerran vuodessa. Tarkastuspyynt\u00f6ihin vastataan viivytyksett\u00e4, yleens\u00e4 kahden viikon kuluttua pyynn\u00f6n esitt\u00e4misest\u00e4.<\/p>\n<p>Asiakkaalla on oikeus kielt\u00e4\u00e4 tietojensa k\u00e4ytt\u00e4minen markkinointiin tai profilointiin ja oikeus vaatia virheellisen tiedon korjaamista. Asiakkaalla on my\u00f6s oikeus esitt\u00e4\u00e4 pyynt\u00f6 henkil\u00f6tietojensa poistamisesta asiakasrekisterist\u00e4. Kaikkea henkil\u00f6tietoa ei v\u00e4ltt\u00e4m\u00e4tt\u00e4 voida poistaa lains\u00e4\u00e4d\u00e4nn\u00f6llisten velvoitteiden vuoksi.<\/p>\n<p>Henkil\u00f6tietoja koskeva pyynt\u00f6 (tarkastus, korjaus, poisto) tulee esitt\u00e4\u00e4 henkil\u00f6kohtaisesti rekisterinpit\u00e4j\u00e4n toimipaikoissa.<\/p>\n<p>InCar Oy pid\u00e4tt\u00e4\u00e4 oikeuden p\u00e4ivitt\u00e4\u00e4 tietosuojaselostetta palvelun kehityksen tai lains\u00e4\u00e4d\u00e4nn\u00f6n muutosten vuoksi. T\u00e4m\u00e4 tietosuojaseloste korvaa aikaisemman rekisteriselosteen.<\/p>\n<h4>Ev\u00e4steit\u00e4 koskeva seloste<\/h4>\n<div id=\"p_p_id_56_INSTANCE_2QCZtc8dHleK_\" class=\"portlet-boundary portlet-boundary_56_ portlet-static portlet-static-end portlet-borderless portlet-journal-content \">\n<div class=\"portlet-borderless-container\">\n<div class=\"portlet-body\">\n<div class=\"journal-content-article\">\n<p>K\u00e4yt\u00e4mme sivustollamme ev\u00e4steit\u00e4 (\u201dcookies\u201d) ja muita vastaavia tekniikoita, kuten selaimen paikallista varastoa (\u201clocal storage\u201d) toimintojen toteuttamiseen ja analytiikkaan. Ev\u00e4steet ovat p\u00e4\u00e4telaitteen selaimen ja palvelimen v\u00e4lisi\u00e4 pieni\u00e4 tekstitiedostoja.<\/p>\n<p>Hy\u00f6dynn\u00e4mme Google Analyticsia mm. sivustomme k\u00e4yt\u00f6n ja trendien analysointiin. Googlelle l\u00e4hetett\u00e4v\u00e4 tieto on anonymisoitua.<\/p>\n<\/div>\n<\/div>\n<\/div>\n<\/div>\n<div id=\"p_p_id_56_INSTANCE_gLNJFlWVKLIT_\" class=\"portlet-boundary portlet-boundary_56_ portlet-static portlet-static-end portlet-borderless portlet-journal-content \"><span id=\"p_56_INSTANCE_gLNJFlWVKLIT\"><\/span><\/p>\n<div class=\"portlet-borderless-container\">\n<div class=\"portlet-body\">\n<div class=\"journal-content-article\">Lis\u00e4ksi k\u00e4yt\u00e4mme sivustollamme Facebook-pikseli\u00e4, jonka avulla ker\u00e4t\u00e4\u00e4n tietoa verkkosivun k\u00e4vij\u00f6ist\u00e4 hy\u00f6dynnett\u00e4v\u00e4ksi Facebook mainonnassa.<\/div>\n<\/div>\n<\/div>\n<\/div>\n<div id=\"p_p_id_56_INSTANCE_pZRht3gPikbm_\" class=\"portlet-boundary portlet-boundary_56_ portlet-static portlet-static-end portlet-borderless portlet-journal-content \"><span id=\"p_56_INSTANCE_pZRht3gPikbm\"><\/span><\/p>\n<div class=\"portlet-borderless-container\">\n<div class=\"portlet-body\">\n<div class=\"journal-content-article\">\n<p>Chat-palvelumme Giosg k\u00e4ytt\u00e4\u00e4 my\u00f6s ev\u00e4steit\u00e4 palvelun personointiin ja analytiikkaan.<\/p>\n<\/div>\n<\/div>\n<\/div>\n<\/div>\n","protected":false},"excerpt":{"rendered":"<p>InCar Oy:n asiakasrekisteri\u00e4 koskeva tietosuojaseloste Rekisterinpit\u00e4j\u00e4 InCar Oy Takomotie 1-3, 00380 Helsinki Y-tunnus: 0829741-9 Rekisteriasioita hoitaa Tietosuojavastaava tietosuoja@suviagroup.com Rekisterin nimi InCar Oy:n s\u00e4hk\u00f6isten palvelujen k\u00e4ytt\u00e4j\u00e4- ja asiakasrekisteri Rekisterin k\u00e4ytt\u00f6tarkoitus Asiakastietoja [&hellip;]<\/p>\n","protected":false},"author":1,"featured_media":0,"parent":0,"menu_order":54,"comment_status":"closed","ping_status":"closed","template":"","meta":{"_uag_custom_page_level_css":"","site-sidebar-layout":"default","site-content-layout":"default","ast-site-content-layout":"default","site-content-style":"default","site-sidebar-style":"default","ast-global-header-display":"","ast-banner-title-visibility":"","ast-main-header-display":"","ast-hfb-above-header-display":"","ast-hfb-below-header-display":"","ast-hfb-mobile-header-display":"","site-post-title":"","ast-breadcrumbs-content":"","ast-featured-img":"","footer-sml-layout":"","ast-disable-related-posts":"","theme-transparent-header-meta":"disabled","adv-header-id-meta":"5781","stick-header-meta":"disabled","header-above-stick-meta":"","header-main-stick-meta":"","header-below-stick-meta":"","astra-migrate-meta-layouts":"set","ast-page-background-enabled":"default","ast-page-background-meta":{"desktop":{"background-color":"","background-image":"","background-repeat":"repeat","background-position":"center center","background-size":"auto","background-attachment":"scroll","background-type":"","background-media":"","overlay-type":"","overlay-color":"","overlay-opacity":"","overlay-gradient":""},"tablet":{"background-color":"","background-image":"","background-repeat":"repeat","background-position":"center center","background-size":"auto","background-attachment":"scroll","background-type":"","background-media":"","overlay-type":"","overlay-color":"","overlay-opacity":"","overlay-gradient":""},"mobile":{"background-color":"","background-image":"","background-repeat":"repeat","background-position":"center center","background-size":"auto","background-attachment":"scroll","background-type":"","background-media":"","overlay-type":"","overlay-color":"","overlay-opacity":"","overlay-gradient":""}},"ast-content-background-meta":{"desktop":{"background-color":"var(--ast-global-color-5)","background-image":"","background-repeat":"repeat","background-position":"center center","background-size":"auto","background-attachment":"scroll","background-type":"","background-media":"","overlay-type":"","overlay-color":"","overlay-opacity":"","overlay-gradient":""},"tablet":{"background-color":"var(--ast-global-color-5)","background-image":"","background-repeat":"repeat","background-position":"center center","background-size":"auto","background-attachment":"scroll","background-type":"","background-media":"","overlay-type":"","overlay-color":"","overlay-opacity":"","overlay-gradient":""},"mobile":{"background-color":"var(--ast-global-color-5)","background-image":"","background-repeat":"repeat","background-position":"center center","background-size":"auto","background-attachment":"scroll","background-type":"","background-media":"","overlay-type":"","overlay-color":"","overlay-opacity":"","overlay-gradient":""}},"footnotes":""},"class_list":["post-273","page","type-page","status-publish","hentry"],"aioseo_notices":[],"uagb_featured_image_src":{"full":false,"thumbnail":false,"medium":false,"medium_large":false,"large":false,"1536x1536":false,"2048x2048":false,"gform-image-choice-sm":false,"gform-image-choice-md":false,"gform-image-choice-lg":false},"uagb_author_info":{"display_name":"Lauri Aaltonen","author_link":"https:\/\/www.incar.fi\/en\/author\/servotuki\/"},"uagb_comment_info":0,"uagb_excerpt":"InCar Oy:n asiakasrekisteri\u00e4 koskeva tietosuojaseloste Rekisterinpit\u00e4j\u00e4 InCar Oy Takomotie 1-3, 00380 Helsinki Y-tunnus: 0829741-9 Rekisteriasioita hoitaa Tietosuojavastaava tietosuoja@suviagroup.com Rekisterin nimi InCar Oy:n s\u00e4hk\u00f6isten palvelujen k\u00e4ytt\u00e4j\u00e4- ja asiakasrekisteri Rekisterin k\u00e4ytt\u00f6tarkoitus Asiakastietoja [&hellip;]","_links":{"self":[{"href":"https:\/\/www.incar.fi\/en\/wp-json\/wp\/v2\/pages\/273","targetHints":{"allow":["GET"]}}],"collection":[{"href":"https:\/\/www.incar.fi\/en\/wp-json\/wp\/v2\/pages"}],"about":[{"href":"https:\/\/www.incar.fi\/en\/wp-json\/wp\/v2\/types\/page"}],"author":[{"embeddable":true,"href":"https:\/\/www.incar.fi\/en\/wp-json\/wp\/v2\/users\/1"}],"replies":[{"embeddable":true,"href":"https:\/\/www.incar.fi\/en\/wp-json\/wp\/v2\/comments?post=273"}],"version-history":[{"count":2,"href":"https:\/\/www.incar.fi\/en\/wp-json\/wp\/v2\/pages\/273\/revisions"}],"predecessor-version":[{"id":13700,"href":"https:\/\/www.incar.fi\/en\/wp-json\/wp\/v2\/pages\/273\/revisions\/13700"}],"wp:attachment":[{"href":"https:\/\/www.incar.fi\/en\/wp-json\/wp\/v2\/media?parent=273"}],"curies":[{"name":"wp","href":"https:\/\/api.w.org\/{rel}","templated":true}]}}