{"id":3211,"date":"2021-04-14T00:05:49","date_gmt":"2021-04-13T21:05:49","guid":{"rendered":"https:\/\/incar.car-online.fi\/?page_id=3211"},"modified":"2022-04-21T14:04:02","modified_gmt":"2022-04-21T11:04:02","slug":"yritysvastuu-incarilla","status":"publish","type":"page","link":"https:\/\/www.incar.fi\/en\/yritysvastuu-incarilla\/","title":{"rendered":"Yritysvastuu InCarilla"},"content":{"rendered":"\n<h1 class=\"wp-block-heading\">Yritysvastuu InCarilla<\/h1>\n\n\n\n<p><em>\u201dYritysvastuu tehd\u00e4\u00e4n el\u00e4v\u00e4ksi yhdess\u00e4. Siksi se nivoutuu luontevaksi osaksi jokaisen ty\u00f6ntekij\u00e4mme arkea ja ajattelutapaa. Yritysvastuu n\u00e4kyy meill\u00e4 vastuullisina valintoina jokap\u00e4iv\u00e4isess\u00e4 ty\u00f6ss\u00e4mme yhdess\u00e4 sidosryhmiemme kanssa, juurruttamalla ymp\u00e4rist\u00f6n\u00e4k\u00f6kulma kaikkiin toimintoihimme ja vaalimalla taloudellista kivijalkaamme tulevat sukupolvet huomioiden. Tavoitteenamme on tuottaa asiakkaillemme toimialan vastuullisinta palvelua ja edist\u00e4\u00e4 yhteiskunnan kolariturvallisuutta uusinta teknologiaa hy\u00f6dynt\u00e4en\u201d<\/em><\/p>\n\n\n\n<p>Marko Jussila, Toimitusjohtaja, InCar Oy<\/p>\n\n\n\n<h2 class=\"wp-block-heading\">Yritysvastuun painopistealueet 2020-2023<\/h2>\n\n\n\n<p>Yritysvastuu on erottamaton osa strategiaamme luoden vankan pohjan kilpailukyvyllemme omat ja sidosryhmiemme tavoitteet yhteensovittamalla. Toteutamme yhteiskuntavastuuta tavoitteellisesti pienent\u00e4m\u00e4ll\u00e4 ymp\u00e4rist\u00f6jalanj\u00e4lke\u00e4mme, varmistamalla henkil\u00f6st\u00f6llemme turvallisen ja terveellisen ty\u00f6skentely-ymp\u00e4rist\u00f6n ja tuottamalla lis\u00e4arvoa yhteiskunnassa.<\/p>\n\n\n\n<h2 class=\"wp-block-heading\">Ymp\u00e4rist\u00f6jalanj\u00e4ljen pienent\u00e4minen<\/h2>\n\n\n\n<div class=\"wp-block-columns is-layout-flex wp-container-core-columns-is-layout-28f84493 wp-block-columns-is-layout-flex\">\n<div class=\"wp-block-column is-layout-flow wp-block-column-is-layout-flow\">\n<p>Ymp\u00e4rist\u00f6vastuu kulkee punaisena lankana tuotantoketjumme l\u00e4pi ja viitoittaa vahvasti prosessikehityst\u00e4mme. Pienenn\u00e4mme ymp\u00e4rist\u00f6jalanj\u00e4lke\u00e4mme panostammalla mm. materiaalitehokkuuteen sek\u00e4 optimoimalla j\u00e4tehuoltoa, kierr\u00e4tys- ja hy\u00f6tyk\u00e4ytt\u00f6astettamme. Tuemme kiertotaloutta my\u00f6s tehostamalla hy\u00f6tyosien k\u00e4ytt\u00f6\u00e4 ja niiden korjaamista. Panostamme my\u00f6s kiinteist\u00f6jemme energiatehokkuuteen ja uusiutuvan energian k\u00e4ytt\u00f6\u00f6n. Mahdollistamme henkil\u00f6st\u00f6llemme vastuulliset valinnat arjessa valmentamalla heid\u00e4t kest\u00e4v\u00e4n kehityksen vaatimuksiin omissa rooleissaan l\u00e4pi organisaation. Noudatamme tarkasti my\u00f6s kaikkia toimintaamme ja k\u00e4ytt\u00e4miimme tuotteisiin liittyvi\u00e4 ymp\u00e4rist\u00f6m\u00e4\u00e4r\u00e4yksi\u00e4. Valjastamme koko henkil\u00f6st\u00f6mme osaamisen toimintamalliemme, ty\u00f6v\u00e4lineist\u00f6mme ja ohjeistuksiemme kehitt\u00e4miseen, jotta ymp\u00e4rist\u00f6\u00f6n kohdistuva kuormitus saataisiin minimoitua. Autamme my\u00f6s sidosryhmi\u00e4mme onnistumaan omissa ymp\u00e4rist\u00f6tavoitteissaan.<\/p>\n<\/div>\n\n\n\n<div class=\"wp-block-column is-layout-flow wp-block-column-is-layout-flow\">\n<figure class=\"wp-block-image size-large\"><img decoding=\"async\" width=\"1200\" height=\"712\" src=\"https:\/\/www.incar.fi\/media\/2021\/04\/Vastuullisuus_ymparisto_2000x1187_variton-1-1200x712.jpg\" alt=\"\" class=\"wp-image-3737\" srcset=\"https:\/\/www.incar.fi\/media\/2021\/04\/Vastuullisuus_ymparisto_2000x1187_variton-1-1200x712.jpg 1200w, https:\/\/www.incar.fi\/media\/2021\/04\/Vastuullisuus_ymparisto_2000x1187_variton-1-800x475.jpg 800w, https:\/\/www.incar.fi\/media\/2021\/04\/Vastuullisuus_ymparisto_2000x1187_variton-1-400x237.jpg 400w, https:\/\/www.incar.fi\/media\/2021\/04\/Vastuullisuus_ymparisto_2000x1187_variton-1-768x456.jpg 768w, https:\/\/www.incar.fi\/media\/2021\/04\/Vastuullisuus_ymparisto_2000x1187_variton-1-1536x912.jpg 1536w, https:\/\/www.incar.fi\/media\/2021\/04\/Vastuullisuus_ymparisto_2000x1187_variton-1.jpg 2000w\" sizes=\"(max-width: 1200px) 100vw, 1200px\" \/><\/figure>\n\n\n\n<p class=\"has-small-font-size\">Peltisepp\u00e4n\u00e4 InCarilla ty\u00f6skentelev\u00e4 Aleksi Mastosalo kertoo, ett\u00e4 ymp\u00e4rist\u00f6vastuu n\u00e4kyy my\u00f6s p\u00e4ivitt\u00e4isess\u00e4 ty\u00f6nkuvassa. <em>\u201cKyll\u00e4h\u00e4n siit\u00e4 hyv\u00e4 fiilis tulee, kun tiet\u00e4\u00e4 ett\u00e4 pyrit\u00e4\u00e4n kuormittamaan ymp\u00e4rist\u00f6\u00e4 yht\u00e4\u00e4n lis\u00e4\u00e4. Sen lis\u00e4ksi tavat joilla v\u00e4henn\u00e4mme kuormitusta ovat itsellenikin mieluisia, sill\u00e4 kyll\u00e4h\u00e4n sit\u00e4 t\u00e4ll\u00e4 alalla mieluummin korjaa aina kuin vaihtaa osia uusiin.\u201d<\/em>, kuvailee Aleksi.<\/p>\n<\/div>\n<\/div>\n\n\n\n<h2 class=\"wp-block-heading\">Henkil\u00f6st\u00f6n hyvinvoinnin turvaaminen<\/h2>\n\n\n\n<div class=\"wp-block-columns is-layout-flex wp-container-core-columns-is-layout-28f84493 wp-block-columns-is-layout-flex\">\n<div class=\"wp-block-column is-layout-flow wp-block-column-is-layout-flow\">\n<p>Henkil\u00f6st\u00f6kokemuksemme keski\u00f6ss\u00e4 on osallistava ja luottamukseen pohjautuva yrityskulttuuri, jossa jokainen meist\u00e4 saa tilaa kehitt\u00e4\u00e4 omia vahvuuksiaan ja yhteist\u00e4 toimintaamme. Jatkuva oppiminen yhdess\u00e4 innovoiden ja erilaisia tulokulmia arvostaen mahdollistavat vahvan perustan kasvullemme osaavan ja ammattiylpe\u00e4n henkil\u00f6st\u00f6n voimin. Pid\u00e4mme henkil\u00f6st\u00f6mme osaamista aikaansa edell\u00e4 monipuolisin osaamisen kehitt\u00e4misen keinoin mm. InCar-akatemia toiminnallamme. Jotta jokainen meist\u00e4 p\u00e4\u00e4sisi t\u00f6ist\u00e4 turvallisesti kotiin, tunnistamme yhdess\u00e4 aktiivisesti muuttuvan toimintaymp\u00e4rist\u00f6mme riskitekij\u00f6it\u00e4 ja opimme suojautumaan niilt\u00e4. Haluamme mahdollistaa yksil\u00f6llisi\u00e4 urapolkuja ja kuljemme ty\u00f6ntekij\u00f6idemme rinnalla el\u00e4m\u00e4n kaaren eri vaiheissa joustavin ty\u00f6ehdoin. Esimiehemme kohtaavat osaajamme kasvollisesti ja luovat heille omalta osaltaan parhaimmat mahdolliset onnistumisen edellytykset arjessa. Siksi pystymme ty\u00f6llist\u00e4m\u00e4\u00e4n tulevaisuuden osaajat asiakkaidemme eduksi.<\/p>\n<\/div>\n\n\n\n<div class=\"wp-block-column is-layout-flow wp-block-column-is-layout-flow\">\n<figure class=\"wp-block-image size-large\"><img decoding=\"async\" width=\"1200\" height=\"701\" src=\"https:\/\/www.incar.fi\/media\/2021\/04\/Vastuullisuus_henkilosto_2000x1169_variton-1200x701.jpg\" alt=\"\" class=\"wp-image-3741\" srcset=\"https:\/\/www.incar.fi\/media\/2021\/04\/Vastuullisuus_henkilosto_2000x1169_variton-1200x701.jpg 1200w, https:\/\/www.incar.fi\/media\/2021\/04\/Vastuullisuus_henkilosto_2000x1169_variton-800x468.jpg 800w, https:\/\/www.incar.fi\/media\/2021\/04\/Vastuullisuus_henkilosto_2000x1169_variton-400x234.jpg 400w, https:\/\/www.incar.fi\/media\/2021\/04\/Vastuullisuus_henkilosto_2000x1169_variton-768x449.jpg 768w, https:\/\/www.incar.fi\/media\/2021\/04\/Vastuullisuus_henkilosto_2000x1169_variton-1536x898.jpg 1536w, https:\/\/www.incar.fi\/media\/2021\/04\/Vastuullisuus_henkilosto_2000x1169_variton.jpg 2000w\" sizes=\"(max-width: 1200px) 100vw, 1200px\" \/><\/figure>\n\n\n\n<p class=\"has-small-font-size\">Nykyisin tuotantojohtajana ty\u00f6skentelev\u00e4 Tino Honkaniemi tiet\u00e4\u00e4, ettei InCar j\u00e4t\u00e4 yksin vaikeassakaan tilanteessa. &#8220;<em>Olin ty\u00f6skennellyt InCarilla peltisepp\u00e4n\u00e4 l\u00e4hes viisi vuotta, kun loukkasin k\u00e4teni. Loukkaantumisen seurauksena en voinut en\u00e4\u00e4 jatkaa ty\u00f6t\u00e4ni peltisepp\u00e4n\u00e4. InCar tarjosi minulle mahdollisuutta siirty\u00e4 ty\u00f6njohtoon. Sittemmin olen kouluttautunut syvemm\u00e4lle alaan, ja siirtynyt korjaamop\u00e4\u00e4llik\u00f6n pestin kautta nykyiseen toimenkuvaani prosessien kehitysp\u00e4\u00e4llik\u00f6ksi&#8221;<\/em>, taustoittaa Honkaniemi.<\/p>\n<\/div>\n<\/div>\n\n\n\n<h2 class=\"wp-block-heading\">Aktiivisesti vastuullinen toimija yhteiskunnassa<\/h2>\n\n\n\n<div class=\"wp-block-columns is-layout-flex wp-container-core-columns-is-layout-28f84493 wp-block-columns-is-layout-flex\">\n<div class=\"wp-block-column is-layout-flow wp-block-column-is-layout-flow\">\n<p>Tavoitteena on tarjota laadukkaita ja kustannustehokkaita korjaamopalveluja noudattamalla Suomen lakia ja tavarantoimittajien sek\u00e4 autotehtaiden vaatimuksia. Kilpailukyvyn s\u00e4ilytt\u00e4miseksi auditoimme ja kehit\u00e4mme aktiivisesti kaikkia toimintojamme. Kehitt\u00e4m\u00e4ll\u00e4 aktiivisesti korjaamoidemme laatua pystymme edist\u00e4m\u00e4\u00e4n kolariturvallisuutta my\u00f6s koko yhteiskunnassa. Olemme kotimainen ja valtakunnallinen ty\u00f6nantaja, josta kannamme ylpeydell\u00e4 meille my\u00f6nnetty\u00e4 avainlippumerkki\u00e4.<\/p>\n<\/div>\n\n\n\n<div class=\"wp-block-column is-layout-flow wp-block-column-is-layout-flow\">\n<p>Toimimme hyv\u00e4n hallintotavan, eettisten ohjeiden sek\u00e4 tietosuoja- ja tietoturvaohjeiden mukaisesti. Sitoudumme my\u00f6s kaikessa toiminnassamme noudattamaan toimintaamme liittyvi\u00e4 viranomaism\u00e4\u00e4r\u00e4yksi\u00e4 ja ty\u00f6ehtosopimuksia. Ensiluokkainen ja vaivaton asiakaskokemus on kaiken toimintamme perusta, siksi noudatamme asiakkaidemme ja yhteisty\u00f6kumppaneidemme kanssa tehtyj\u00e4 sopimuksia tarkasti ja haluamme ylitt\u00e4\u00e4 heid\u00e4n odotuksensa. Rehellisell\u00e4 toiminnalla ja pit\u00e4m\u00e4ll\u00e4 lupauksistamme kiinni s\u00e4ilyt\u00e4mme asiakkaidemme ja sidosryhmiemme luottamuksen.<\/p>\n<\/div>\n<\/div>\n","protected":false},"excerpt":{"rendered":"<p>Yritysvastuu InCarilla \u201dYritysvastuu tehd\u00e4\u00e4n el\u00e4v\u00e4ksi yhdess\u00e4. Siksi se nivoutuu luontevaksi osaksi jokaisen ty\u00f6ntekij\u00e4mme arkea ja ajattelutapaa. Yritysvastuu n\u00e4kyy meill\u00e4 vastuullisina valintoina jokap\u00e4iv\u00e4isess\u00e4 ty\u00f6ss\u00e4mme yhdess\u00e4 sidosryhmiemme kanssa, juurruttamalla ymp\u00e4rist\u00f6n\u00e4k\u00f6kulma kaikkiin toimintoihimme [&hellip;]<\/p>\n","protected":false},"author":18,"featured_media":3408,"parent":0,"menu_order":27,"comment_status":"closed","ping_status":"closed","template":"","meta":{"_uag_custom_page_level_css":"","site-sidebar-layout":"default","site-content-layout":"default","ast-site-content-layout":"default","site-content-style":"default","site-sidebar-style":"default","ast-global-header-display":"","ast-banner-title-visibility":"","ast-main-header-display":"","ast-hfb-above-header-display":"","ast-hfb-below-header-display":"","ast-hfb-mobile-header-display":"","site-post-title":"","ast-breadcrumbs-content":"","ast-featured-img":"","footer-sml-layout":"","ast-disable-related-posts":"","theme-transparent-header-meta":"default","adv-header-id-meta":"","stick-header-meta":"default","header-above-stick-meta":"","header-main-stick-meta":"","header-below-stick-meta":"","astra-migrate-meta-layouts":"default","ast-page-background-enabled":"default","ast-page-background-meta":{"desktop":{"background-color":"","background-image":"","background-repeat":"repeat","background-position":"center center","background-size":"auto","background-attachment":"scroll","background-type":"","background-media":"","overlay-type":"","overlay-color":"","overlay-opacity":"","overlay-gradient":""},"tablet":{"background-color":"","background-image":"","background-repeat":"repeat","background-position":"center center","background-size":"auto","background-attachment":"scroll","background-type":"","background-media":"","overlay-type":"","overlay-color":"","overlay-opacity":"","overlay-gradient":""},"mobile":{"background-color":"","background-image":"","background-repeat":"repeat","background-position":"center center","background-size":"auto","background-attachment":"scroll","background-type":"","background-media":"","overlay-type":"","overlay-color":"","overlay-opacity":"","overlay-gradient":""}},"ast-content-background-meta":{"desktop":{"background-color":"var(--ast-global-color-5)","background-image":"","background-repeat":"repeat","background-position":"center center","background-size":"auto","background-attachment":"scroll","background-type":"","background-media":"","overlay-type":"","overlay-color":"","overlay-opacity":"","overlay-gradient":""},"tablet":{"background-color":"var(--ast-global-color-5)","background-image":"","background-repeat":"repeat","background-position":"center center","background-size":"auto","background-attachment":"scroll","background-type":"","background-media":"","overlay-type":"","overlay-color":"","overlay-opacity":"","overlay-gradient":""},"mobile":{"background-color":"var(--ast-global-color-5)","background-image":"","background-repeat":"repeat","background-position":"center center","background-size":"auto","background-attachment":"scroll","background-type":"","background-media":"","overlay-type":"","overlay-color":"","overlay-opacity":"","overlay-gradient":""}},"footnotes":""},"class_list":["post-3211","page","type-page","status-publish","has-post-thumbnail","hentry"],"aioseo_notices":[],"uagb_featured_image_src":{"full":["https:\/\/www.incar.fi\/media\/2021\/04\/Academy_2000x800-1.jpg",2000,801,false],"thumbnail":["https:\/\/www.incar.fi\/media\/2021\/04\/Academy_2000x800-1-400x160.jpg",400,160,true],"medium":["https:\/\/www.incar.fi\/media\/2021\/04\/Academy_2000x800-1-800x320.jpg",800,320,true],"medium_large":["https:\/\/www.incar.fi\/media\/2021\/04\/Academy_2000x800-1-768x308.jpg",768,308,true],"large":["https:\/\/www.incar.fi\/media\/2021\/04\/Academy_2000x800-1-1200x481.jpg",1200,481,true],"1536x1536":["https:\/\/www.incar.fi\/media\/2021\/04\/Academy_2000x800-1-1536x615.jpg",1536,615,true],"2048x2048":["https:\/\/www.incar.fi\/media\/2021\/04\/Academy_2000x800-1.jpg",2000,801,false],"gform-image-choice-sm":["https:\/\/www.incar.fi\/media\/2021\/04\/Academy_2000x800-1.jpg",300,120,false],"gform-image-choice-md":["https:\/\/www.incar.fi\/media\/2021\/04\/Academy_2000x800-1.jpg",400,160,false],"gform-image-choice-lg":["https:\/\/www.incar.fi\/media\/2021\/04\/Academy_2000x800-1.jpg",600,240,false]},"uagb_author_info":{"display_name":"Pasi Tolvanen","author_link":"https:\/\/www.incar.fi\/en\/author\/pasi-tolvanen\/"},"uagb_comment_info":0,"uagb_excerpt":"Yritysvastuu InCarilla \u201dYritysvastuu tehd\u00e4\u00e4n el\u00e4v\u00e4ksi yhdess\u00e4. Siksi se nivoutuu luontevaksi osaksi jokaisen ty\u00f6ntekij\u00e4mme arkea ja ajattelutapaa. Yritysvastuu n\u00e4kyy meill\u00e4 vastuullisina valintoina jokap\u00e4iv\u00e4isess\u00e4 ty\u00f6ss\u00e4mme yhdess\u00e4 sidosryhmiemme kanssa, juurruttamalla ymp\u00e4rist\u00f6n\u00e4k\u00f6kulma kaikkiin toimintoihimme [&hellip;]","_links":{"self":[{"href":"https:\/\/www.incar.fi\/en\/wp-json\/wp\/v2\/pages\/3211","targetHints":{"allow":["GET"]}}],"collection":[{"href":"https:\/\/www.incar.fi\/en\/wp-json\/wp\/v2\/pages"}],"about":[{"href":"https:\/\/www.incar.fi\/en\/wp-json\/wp\/v2\/types\/page"}],"author":[{"embeddable":true,"href":"https:\/\/www.incar.fi\/en\/wp-json\/wp\/v2\/users\/18"}],"replies":[{"embeddable":true,"href":"https:\/\/www.incar.fi\/en\/wp-json\/wp\/v2\/comments?post=3211"}],"version-history":[{"count":0,"href":"https:\/\/www.incar.fi\/en\/wp-json\/wp\/v2\/pages\/3211\/revisions"}],"wp:featuredmedia":[{"embeddable":true,"href":"https:\/\/www.incar.fi\/en\/wp-json\/wp\/v2\/media\/3408"}],"wp:attachment":[{"href":"https:\/\/www.incar.fi\/en\/wp-json\/wp\/v2\/media?parent=3211"}],"curies":[{"name":"wp","href":"https:\/\/api.w.org\/{rel}","templated":true}]}}