{"id":5022,"date":"2021-06-30T10:57:31","date_gmt":"2021-06-30T07:57:31","guid":{"rendered":"https:\/\/www.incar.fi\/?page_id=5022"},"modified":"2023-08-23T10:35:09","modified_gmt":"2023-08-23T07:35:09","slug":"ilmoituskanava","status":"publish","type":"page","link":"https:\/\/www.incar.fi\/en\/ilmoituskanava\/","title":{"rendered":"Suvia Groupin ilmoituskanava ja ilmoittamisohjeet"},"content":{"rendered":"\n<h1 class=\"wp-block-heading\">Suvia Groupin ilmoituskanava ja ilmoittamisohjeet<\/h1>\n\n\n\n<p>Olemme sitoutuneet toimimaan Suvia Groupissa vastuullisesti, lainmukaisesti ja konsernin eettisi\u00e4 toimintaperiaatteita noudattaen.&nbsp;Meille on t\u00e4rke\u00e4\u00e4 seurata eettisten periaatteidemme toteutumista jokap\u00e4iv\u00e4isess\u00e4 toiminnassamme ja puuttua mahdollisiin ep\u00e4kohtiin. Siksi olemme luoneet henkil\u00f6st\u00f6\u00e4mme ja ulkopuolisia osapuolia varten anonyymin ilmoituskanavan, jonka avulla voit ilmoittaa meille luottamuksellisesti v\u00e4\u00e4rink\u00e4yt\u00f6sep\u00e4ilyst\u00e4 tai eettisten periaatteidemme vastaisesta toiminnasta.&nbsp;Vaalimme toiminnassamme avointa organisaatiokulttuuria, jossa jokainen voi kertoa huolenaiheistaan pelk\u00e4\u00e4m\u00e4tt\u00e4 kielteisi\u00e4 seuraamuksia.<\/p>\n\n\n\n<h2 class=\"wp-block-heading\">Milloin voin k\u00e4ytt\u00e4\u00e4 anonyymia ilmoituskanavaa?<\/h2>\n\n\n\n<p>Voit k\u00e4ytt\u00e4\u00e4 ilmoituskanavaa ep\u00e4illess\u00e4si toiminnassamme ep\u00e4kohtaa tai v\u00e4\u00e4rink\u00e4yt\u00f6st\u00e4, joka voi liitty\u00e4 esimerkiksi lain ja s\u00e4\u00e4d\u00f6sten rikkomiseen, ep\u00e4eettiseen menettelytapaan, petokseen, lahjontaan tai eturistiriitaan. Huomioithan, ett\u00e4 tavanomaista asiakaspalautetta voit antaa niihin tarkoitettujen palautekanavien kautta.<\/p>\n\n\n\n<h2 class=\"wp-block-heading\">Kuinka teen ilmoituksen?<\/h2>\n\n\n\n<p>Ilmoituskanava on toteutettu puolueettoman ja ulkopuolisen kumppanin, Keskuskauppakamarin, kanssa ilmoittajan nimett\u00f6myyden varmistamiseksi. Kaikki ilmoitukset k\u00e4sitell\u00e4\u00e4n luottamuksellisesti Suvia Groupin vakioidun k\u00e4sittelymenettelyn mukaisesti t\u00e4h\u00e4n teht\u00e4v\u00e4\u00e4n koulutettujen henkil\u00f6iden toimesta henkil\u00f6st\u00f6hallinnossa. Selvityksess\u00e4 voidaan k\u00e4ytt\u00e4\u00e4 tarvittaessa my\u00f6s muita asiantuntijoita tarkoituksenmukaisen k\u00e4sittelyn varmistamiseksi.<\/p>\n\n\n\n<p>Kerro ep\u00e4kohdasta riitt\u00e4v\u00e4n yksityiskohtaisesti, jotta voimme aloittaa asian tutkimisen. Ilmoitukseen ei tule sis\u00e4llytt\u00e4\u00e4 arkaluonteisia henkil\u00f6tietoja, elleiv\u00e4t ne ole v\u00e4ltt\u00e4m\u00e4tt\u00f6mi\u00e4 ilmoituksen selvitt\u00e4misen kannalta.<\/p>\n\n\n\n<p>Ilmoituksen voit tehd\u00e4 Internetiss\u00e4 mill\u00e4 tahansa \u00e4lylaitteella tai tietokoneella.<\/p>\n\n\n\n<h2 class=\"wp-block-heading\">Kuinka saan vastauksen tekem\u00e4\u00e4ni ilmoitukseen?<\/h2>\n\n\n\n<p>Voit tehd\u00e4 ilmoituksen omalla nimell\u00e4si tai nimett\u00f6m\u00e4n\u00e4. Muista ottaa talteen koodi, jonka saat ilmoituksen j\u00e4tt\u00e4misen j\u00e4lkeen. Koodin avulla p\u00e4\u00e4set seuraamaan ilmoituksesi etenemist\u00e4 ilmoitusportaalissa k\u00e4sittelyprosessin aikana ja viestim\u00e4\u00e4n k\u00e4sittelij\u00f6iden kanssa siihen liittyen. Pyyd\u00e4mme sinulta tarvittaessa lis\u00e4tietoja tapauksen k\u00e4sittelyss\u00e4 ilmoitusportaalissa.<\/p>\n\n\n\n<p>Pyrimme antamaan vastaanottokuittauksen seitsem\u00e4n vuorokauden sis\u00e4ll\u00e4 ilmoituksen tekemisest\u00e4 ja vastaamme kolmen kuukauden sis\u00e4ll\u00e4, mihin toimenpiteisiimme ryhdymme ilmoitukseen liittyen.<\/p>\n\n\n\n<p>Ilmoitus tulee tehd\u00e4 vilpitt\u00f6m\u00e4sti. Suvia Group ei hyv\u00e4ksy ilmoituskanavan v\u00e4\u00e4rink\u00e4ytt\u00f6\u00e4.<\/p>\n\n\n\n<p>Ilmoituskanavaan p\u00e4\u00e4set alla olevasta painikkeesta.<\/p>\n\n\n\n<div class=\"wp-block-buttons is-layout-flex wp-block-buttons-is-layout-flex\">\n<div class=\"wp-block-button\"><a class=\"wp-block-button__link wp-element-button\" href=\"https:\/\/suviagroup-whistleblow.granitegrc.com\/?id=yhug3qyc8kexkgmxatvfmn50s\" target=\"_blank\" rel=\"noreferrer noopener\">Suvia Groupin ilmoituskanava<\/a><\/div>\n<\/div>\n\n\n\n<p><strong>Kiitos ilmoituksestasi!<\/strong><\/p>\n","protected":false},"excerpt":{"rendered":"<p>Suvia Groupin ilmoituskanava ja ilmoittamisohjeet Olemme sitoutuneet toimimaan Suvia Groupissa vastuullisesti, lainmukaisesti ja konsernin eettisi\u00e4 toimintaperiaatteita noudattaen.&nbsp;Meille on t\u00e4rke\u00e4\u00e4 seurata eettisten periaatteidemme toteutumista jokap\u00e4iv\u00e4isess\u00e4 toiminnassamme ja puuttua mahdollisiin ep\u00e4kohtiin. Siksi [&hellip;]<\/p>\n","protected":false},"author":1,"featured_media":3522,"parent":0,"menu_order":100,"comment_status":"closed","ping_status":"closed","template":"","meta":{"_uag_custom_page_level_css":"","site-sidebar-layout":"default","site-content-layout":"default","ast-site-content-layout":"default","site-content-style":"default","site-sidebar-style":"default","ast-global-header-display":"","ast-banner-title-visibility":"","ast-main-header-display":"","ast-hfb-above-header-display":"","ast-hfb-below-header-display":"","ast-hfb-mobile-header-display":"","site-post-title":"","ast-breadcrumbs-content":"","ast-featured-img":"","footer-sml-layout":"","ast-disable-related-posts":"","theme-transparent-header-meta":"default","adv-header-id-meta":"","stick-header-meta":"default","header-above-stick-meta":"","header-main-stick-meta":"","header-below-stick-meta":"","astra-migrate-meta-layouts":"set","ast-page-background-enabled":"default","ast-page-background-meta":{"desktop":{"background-color":"","background-image":"","background-repeat":"repeat","background-position":"center center","background-size":"auto","background-attachment":"scroll","background-type":"","background-media":"","overlay-type":"","overlay-color":"","overlay-opacity":"","overlay-gradient":""},"tablet":{"background-color":"","background-image":"","background-repeat":"repeat","background-position":"center center","background-size":"auto","background-attachment":"scroll","background-type":"","background-media":"","overlay-type":"","overlay-color":"","overlay-opacity":"","overlay-gradient":""},"mobile":{"background-color":"","background-image":"","background-repeat":"repeat","background-position":"center center","background-size":"auto","background-attachment":"scroll","background-type":"","background-media":"","overlay-type":"","overlay-color":"","overlay-opacity":"","overlay-gradient":""}},"ast-content-background-meta":{"desktop":{"background-color":"var(--ast-global-color-5)","background-image":"","background-repeat":"repeat","background-position":"center center","background-size":"auto","background-attachment":"scroll","background-type":"","background-media":"","overlay-type":"","overlay-color":"","overlay-opacity":"","overlay-gradient":""},"tablet":{"background-color":"var(--ast-global-color-5)","background-image":"","background-repeat":"repeat","background-position":"center center","background-size":"auto","background-attachment":"scroll","background-type":"","background-media":"","overlay-type":"","overlay-color":"","overlay-opacity":"","overlay-gradient":""},"mobile":{"background-color":"var(--ast-global-color-5)","background-image":"","background-repeat":"repeat","background-position":"center center","background-size":"auto","background-attachment":"scroll","background-type":"","background-media":"","overlay-type":"","overlay-color":"","overlay-opacity":"","overlay-gradient":""}},"footnotes":""},"class_list":["post-5022","page","type-page","status-publish","has-post-thumbnail","hentry"],"aioseo_notices":[],"uagb_featured_image_src":{"full":["https:\/\/www.incar.fi\/media\/2021\/04\/Palvelukeskus_2000x800.jpg",2000,801,false],"thumbnail":["https:\/\/www.incar.fi\/media\/2021\/04\/Palvelukeskus_2000x800-400x160.jpg",400,160,true],"medium":["https:\/\/www.incar.fi\/media\/2021\/04\/Palvelukeskus_2000x800-800x320.jpg",800,320,true],"medium_large":["https:\/\/www.incar.fi\/media\/2021\/04\/Palvelukeskus_2000x800-768x308.jpg",768,308,true],"large":["https:\/\/www.incar.fi\/media\/2021\/04\/Palvelukeskus_2000x800-1200x481.jpg",1200,481,true],"1536x1536":["https:\/\/www.incar.fi\/media\/2021\/04\/Palvelukeskus_2000x800-1536x615.jpg",1536,615,true],"2048x2048":["https:\/\/www.incar.fi\/media\/2021\/04\/Palvelukeskus_2000x800.jpg",2000,801,false],"gform-image-choice-sm":["https:\/\/www.incar.fi\/media\/2021\/04\/Palvelukeskus_2000x800.jpg",300,120,false],"gform-image-choice-md":["https:\/\/www.incar.fi\/media\/2021\/04\/Palvelukeskus_2000x800.jpg",400,160,false],"gform-image-choice-lg":["https:\/\/www.incar.fi\/media\/2021\/04\/Palvelukeskus_2000x800.jpg",600,240,false]},"uagb_author_info":{"display_name":"Lauri Aaltonen","author_link":"https:\/\/www.incar.fi\/en\/author\/servotuki\/"},"uagb_comment_info":0,"uagb_excerpt":"Suvia Groupin ilmoituskanava ja ilmoittamisohjeet Olemme sitoutuneet toimimaan Suvia Groupissa vastuullisesti, lainmukaisesti ja konsernin eettisi\u00e4 toimintaperiaatteita noudattaen.&nbsp;Meille on t\u00e4rke\u00e4\u00e4 seurata eettisten periaatteidemme toteutumista jokap\u00e4iv\u00e4isess\u00e4 toiminnassamme ja puuttua mahdollisiin ep\u00e4kohtiin. Siksi [&hellip;]","_links":{"self":[{"href":"https:\/\/www.incar.fi\/en\/wp-json\/wp\/v2\/pages\/5022","targetHints":{"allow":["GET"]}}],"collection":[{"href":"https:\/\/www.incar.fi\/en\/wp-json\/wp\/v2\/pages"}],"about":[{"href":"https:\/\/www.incar.fi\/en\/wp-json\/wp\/v2\/types\/page"}],"author":[{"embeddable":true,"href":"https:\/\/www.incar.fi\/en\/wp-json\/wp\/v2\/users\/1"}],"replies":[{"embeddable":true,"href":"https:\/\/www.incar.fi\/en\/wp-json\/wp\/v2\/comments?post=5022"}],"version-history":[{"count":0,"href":"https:\/\/www.incar.fi\/en\/wp-json\/wp\/v2\/pages\/5022\/revisions"}],"wp:featuredmedia":[{"embeddable":true,"href":"https:\/\/www.incar.fi\/en\/wp-json\/wp\/v2\/media\/3522"}],"wp:attachment":[{"href":"https:\/\/www.incar.fi\/en\/wp-json\/wp\/v2\/media?parent=5022"}],"curies":[{"name":"wp","href":"https:\/\/api.w.org\/{rel}","templated":true}]}}