{"id":6407,"date":"2022-04-04T09:22:39","date_gmt":"2022-04-04T06:22:39","guid":{"rendered":"https:\/\/www.incar.fi\/mincar-copy\/"},"modified":"2022-12-09T08:50:42","modified_gmt":"2022-12-09T06:50:42","slug":"turvakilsat","status":"publish","type":"page","link":"https:\/\/www.incar.fi\/en\/turvakilsat\/","title":{"rendered":"Turvakilsat"},"content":{"rendered":"\n<section class=\"wp-block-uagb-section uagb-section__wrap uagb-section__background-color uagb-block-e68e0412 box-shadow\"><div class=\"uagb-section__overlay\"><\/div><div class=\"uagb-section__inner-wrap\">\n<h1 class=\"wp-block-heading\">Turvakilsat<\/h1>\n\n\n\n<div class=\"wp-block-columns is-layout-flex wp-container-core-columns-is-layout-28f84493 wp-block-columns-is-layout-flex\">\n<div class=\"wp-block-column is-layout-flow wp-block-column-is-layout-flow\">\n<p>Turvakilsat on osa vastuullisuusohjelmaamme. Turvakilsat -hankkeen kautta haluamme edist\u00e4\u00e4 turvallista ja vastuullista ajotapaa sek\u00e4 ajotaitojen yll\u00e4pit\u00e4misen t\u00e4rkeytt\u00e4. Sivuston kautta tarjoamme vinkkej\u00e4 sek\u00e4 muuta ajoturvallisuuden teemaan liittyv\u00e4\u00e4 sis\u00e4lt\u00f6\u00e4!<\/p>\n\n\n\n<div class=\"wp-block-buttons is-vertical is-content-justification-left is-layout-flex wp-container-core-buttons-is-layout-9bad8146 wp-block-buttons-is-layout-flex\">\n<div class=\"wp-block-button\"><a class=\"wp-block-button__link wp-element-button\" href=\"#parkkis\">Pelotta per\u00e4 edell\u00e4<\/a><\/div>\n\n\n\n<div class=\"wp-block-button\"><a class=\"wp-block-button__link wp-element-button\" href=\"#nopeus\">NOpeuden vaikutus ajoturvallisuuteen<\/a><\/div>\n\n\n\n<div class=\"wp-block-button\"><a class=\"wp-block-button__link wp-element-button\" href=\"#lue-lisaa\">Lue lis\u00e4\u00e4 ajoturvallisuudesta<\/a><\/div>\n\n\n\n<div class=\"wp-block-button\"><a class=\"wp-block-button__link wp-element-button\" href=\"#parkkis\">Miten voimme auttaa<\/a><\/div>\n<\/div>\n<\/div>\n\n\n\n<div class=\"wp-block-column is-layout-flow wp-block-column-is-layout-flow\">\n<figure class=\"wp-block-image size-large\"><img decoding=\"async\" width=\"810\" height=\"506\" src=\"https:\/\/www.incar.fi\/media\/2022\/09\/AdobeStock_224147094-rajattu-edited-1.jpg\" alt=\"\" class=\"wp-image-6998\" srcset=\"https:\/\/www.incar.fi\/media\/2022\/09\/AdobeStock_224147094-rajattu-edited-1.jpg 810w, https:\/\/www.incar.fi\/media\/2022\/09\/AdobeStock_224147094-rajattu-edited-1-800x500.jpg 800w, https:\/\/www.incar.fi\/media\/2022\/09\/AdobeStock_224147094-rajattu-edited-1-400x250.jpg 400w, https:\/\/www.incar.fi\/media\/2022\/09\/AdobeStock_224147094-rajattu-edited-1-768x480.jpg 768w\" sizes=\"(max-width: 810px) 100vw, 810px\" \/><\/figure>\n<\/div>\n<\/div>\n<\/div><\/section>\n\n\n\n<section class=\"wp-block-uagb-section uagb-section__wrap uagb-section__background-color uagb-block-6c53ef6f box-shadow\" id=\"parkkis\"><div class=\"uagb-section__overlay\"><\/div><div class=\"uagb-section__inner-wrap\">\n<h2 class=\"has-text-align-center wp-block-heading\" id=\"miten-voimme-auttaa\">Pelotta per\u00e4 edell\u00e4<\/h2>\n\n\n\n<p class=\"has-text-align-center\"><strong>Taskupys\u00e4k\u00f6inti\u00e4 pel\u00e4t\u00e4\u00e4n ja siit\u00e4 kerrotaan kauhutarinoita autokouluun meneville. Ei se oikeasti niin vaikeaa ole.<\/strong>&nbsp;<\/p>\n\n\n\n<p class=\"has-text-align-center\">Vilkas katu, yksi ahdas parkkipaikka kadun varressa kahden auton v\u00e4liss\u00e4, siihen pit\u00e4isi p\u00e4\u00e4st\u00e4 peruuttamalla. Takana useampia autoja, ruuhka painaa p\u00e4\u00e4lle.&nbsp;&nbsp;<\/p>\n\n\n\n<figure class=\"wp-block-video\"><video height=\"720\" style=\"aspect-ratio: 1280 \/ 720;\" width=\"1280\" controls poster=\"https:\/\/www.incar.fi\/media\/2022\/09\/ilmakuva_still-scaled.jpg\" src=\"https:\/\/www.incar.fi\/media\/2022\/09\/TIISERI_FINAL_LONG.mp4\"><\/video><\/figure>\n\n\n\n<p class=\"has-text-align-center\"><a href=\"https:\/\/www.incar.fi\/2022\/09\/pelotta-pera-edella\/\"><strong>Lue tarina blogistamme<\/strong><\/a><\/p>\n\n\n\n<div class=\"wp-block-columns is-layout-flex wp-container-core-columns-is-layout-defbe903 wp-block-columns-is-layout-flex\" style=\"margin-top:2em\">\n<div class=\"wp-block-column is-layout-flow wp-block-column-is-layout-flow\">\n<h2 class=\"has-text-align-center wp-block-heading\">Taskuunperuutus<\/h2>\n\n\n\n<figure class=\"wp-block-video\"><video height=\"720\" style=\"aspect-ratio: 1280 \/ 720;\" width=\"1280\" controls poster=\"https:\/\/www.incar.fi\/media\/2022\/09\/huuto_2022-scaled.jpg\" src=\"https:\/\/www.incar.fi\/media\/2022\/09\/TASKUUNPERUUTUS_FINAL_V2.mp4\"><\/video><\/figure>\n<\/div>\n\n\n\n<div class=\"wp-block-column is-vertically-aligned-center is-layout-flow wp-block-column-is-layout-flow\">\n<h2 class=\"has-text-align-center wp-block-heading\">Kulmaperuutus<\/h2>\n\n\n\n<figure class=\"wp-block-video\"><video height=\"720\" style=\"aspect-ratio: 1280 \/ 720;\" width=\"1280\" controls poster=\"https:\/\/www.incar.fi\/media\/2022\/09\/kieli_keskella_suuta-scaled.jpg\" src=\"https:\/\/www.incar.fi\/media\/2022\/09\/KULMAPERUUTUS_FINAL_V2.mp4\"><\/video><\/figure>\n<\/div>\n<\/div>\n\n\n\n<p class=\"has-text-align-center\"><a href=\"https:\/\/www.incar.fi\/parkkis-kysely\/\"><strong>Vastaa kyselyymme ja kerro meille kuinka konkari olet parkkeeraamaan!<\/strong><\/a><\/p>\n<\/div><\/section>\n\n\n\n<section class=\"wp-block-uagb-section uagb-section__wrap uagb-section__background-color uagb-block-8f0139c6 box-shadow\" id=\"nopeus\"><div class=\"uagb-section__overlay\"><\/div><div class=\"uagb-section__inner-wrap\">\n<h2 class=\"has-text-align-center wp-block-heading\" id=\"miten-voimme-auttaa\">Nopeuden vaikutus ajoturvallisuuteen<\/h2>\n\n\n\n<figure class=\"wp-block-embed is-type-video is-provider-youtube wp-block-embed-youtube wp-embed-aspect-16-9 wp-has-aspect-ratio\"><div class=\"wp-block-embed__wrapper\">\n<iframe title=\"Nopeuden vaikutus ajoturvallisuuteen - Turvakilsat\" width=\"500\" height=\"281\" data-cookieconsent=\"statistics, marketing\" data-src=\"https:\/\/www.youtube.com\/embed\/mp27rf9kKl8?feature=oembed\" frameborder=\"0\" allow=\"accelerometer; autoplay; clipboard-write; encrypted-media; gyroscope; picture-in-picture; web-share\" referrerpolicy=\"strict-origin-when-cross-origin\" allowfullscreen><\/iframe><div class=\"cookieconsent-optout-statistics cookieconsent-optout-marketing\">Please accept <a href=\"javascript:Cookiebot.renew()\">statistics, marketing<\/a> cookies to watch this video.\t\t\t\t\t\t<\/div>\n<\/div><\/figure>\n<\/div><\/section>\n\n\n\n<section class=\"wp-block-uagb-section uagb-section__wrap uagb-section__background-color uagb-block-bc089382 box-shadow\" id=\"lue-lisaa\"><div class=\"uagb-section__overlay\"><\/div><div class=\"uagb-section__inner-wrap\">\n<h2 class=\"has-text-align-center wp-block-heading\" id=\"miten-voimme-auttaa\">Lue lis\u00e4\u00e4 ajoturvallisuudesta<\/h2>\n\n\n\n\n\n<div class=\"featured-items\"><a href=\"https:\/\/www.incar.fi\/en\/2023\/10\/hyvalla-nakyvyydella-valtat-kolhuja-pysakointitilanteissa\/\"><div class=\"fp-featured box-shadow bg-white\"><div class=\"featured-image bg-position\" style=\"background-image: url(https:\/\/www.incar.fi\/media\/2023\/10\/parkkeeraus_1920x1080-800x450.png);\"><\/div><div class=\"service-name tp30 bp15 double-gutter text-bold\">Hyv\u00e4ll\u00e4 n\u00e4kyvyydell\u00e4 v\u00e4lt\u00e4t kolhuja pys\u00e4k\u00f6intitilanteissa<br><span class=\"text-light text-small\">Julkaistu: 26.10.2023, Kategoria: Article<\/span><\/div><div class=\"double-gutter text-darkgray bp30\"><p>Marketin pihalla ostokset kyydiss\u00e4, edess\u00e4 kotimatka ja tutut rutiinit. Takana jo pitk\u00e4 p\u00e4iv\u00e4. Viel\u00e4&#8230;<\/p>\n<\/div><\/div><\/a><a href=\"https:\/\/www.incar.fi\/en\/2023\/06\/sahkoauton-lataussovellukset-kayttajan-abc\/\"><div class=\"fp-featured box-shadow bg-white\"><div class=\"featured-image bg-position\" style=\"background-image: url(https:\/\/www.incar.fi\/media\/2023\/06\/InCar_latausapit_1920x1080-800x450.png);\"><\/div><div class=\"service-name tp30 bp15 double-gutter text-bold\">S\u00e4hk\u00f6auton lataussovellukset \u2013 k\u00e4ytt\u00e4j\u00e4n ABC<br><span class=\"text-light text-small\">Julkaistu: 22.6.2023, Kategoria: Article<\/span><\/div><div class=\"double-gutter text-darkgray bp30\"><p>S\u00e4hk\u00f6autoilun yleistyess\u00e4 s\u00e4hk\u00f6n julkisia latauspisteit\u00e4 ilmestyy jatkuvasti lis\u00e4\u00e4 ymp\u00e4ri Suomen. La&#8230;<\/p>\n<\/div><\/div><\/a><a href=\"https:\/\/www.incar.fi\/en\/2023\/05\/hymyileva-kone\/\"><div class=\"fp-featured box-shadow bg-white\"><div class=\"featured-image bg-position\" style=\"background-image: url(https:\/\/www.incar.fi\/media\/2023\/05\/InCar_tulevaisuuden_auto-banneri-800x453.jpg);\"><\/div><div class=\"service-name tp30 bp15 double-gutter text-bold\">Hymyilev\u00e4 kone ja \u00e4lyk\u00e4s diagnostiikka: tervetuloa tulevaisuuden autoihin!<br><span class=\"text-light text-small\">Julkaistu: 3.5.2023, Kategoria: Blog<\/span><\/div><div class=\"double-gutter text-darkgray bp30\"><p>Autojen diagnostiikka on tullut pitk\u00e4n matkan viime vuosikymmenin\u00e4. Ennen vanhaan autonkorjaajat k\u00e4y&#8230;<\/p>\n<\/div><\/div><\/a><a href=\"https:\/\/www.incar.fi\/en\/2023\/04\/sahkolla-vai-bensalla-millainen-auto-nyt-kannattaa-ostaa\/\"><div class=\"fp-featured box-shadow bg-white\"><div class=\"featured-image bg-position\" style=\"background-image: url(https:\/\/www.incar.fi\/media\/2023\/04\/eri-moottorit-banneri-800x245.jpg);\"><\/div><div class=\"service-name tp30 bp15 double-gutter text-bold\">S\u00e4hk\u00f6ll\u00e4 vai bensalla \u2013 millainen auto nyt kannattaa ostaa?<br><span class=\"text-light text-small\">Julkaistu: 18.4.2023, Kategoria: Article<\/span><\/div><div class=\"double-gutter text-darkgray bp30\"><p>Onko s\u00e4hk\u00f6auto todella halvempi vaihtoehto polttomoottoriautoon verrattuna? T\u00e4m\u00e4 on kysymys, joka as&#8230;<\/p>\n<\/div><\/div><\/a><a href=\"https:\/\/www.incar.fi\/en\/2023\/04\/kohti-itseajavia-autoja\/\"><div class=\"fp-featured box-shadow bg-white\"><div class=\"featured-image bg-position\" style=\"background-image: url(https:\/\/www.incar.fi\/media\/2023\/04\/autonomiset-autot-banneri-800x281.jpg);\"><\/div><div class=\"service-name tp30 bp15 double-gutter text-bold\">Kohti itseajavia autoja \u2013 N\u00e4in autonominen ajaminen voi mullistaa liikkumisen\u00a0\u00a0<br><span class=\"text-light text-small\">Julkaistu: 18.4.2023, Kategoria: Article<\/span><\/div><div class=\"double-gutter text-darkgray bp30\"><p>Autonominen ajaminen tarkoittaa autojen kyky\u00e4 liikkua ilman ihmisen aktiivista hallintaa. Ajatus aut&#8230;<\/p>\n<\/div><\/div><\/a><a href=\"https:\/\/www.incar.fi\/en\/2022\/12\/miksi-niin-moni-raivoaa-ratissa\/\"><div class=\"fp-featured box-shadow bg-white\"><div class=\"featured-image bg-position\" style=\"background-image: url(https:\/\/www.incar.fi\/media\/2022\/12\/rattiraivo-banneri-800x396.jpg);\"><\/div><div class=\"service-name tp30 bp15 double-gutter text-bold\">Miksi niin moni raivoaa ratissa?<br><span class=\"text-light text-small\">Julkaistu: 20.12.2022, Kategoria: Article<\/span><\/div><div class=\"double-gutter text-darkgray bp30\"><p>Suomalaiset pid\u00e4ttyv\u00e4t usein raivoamasta suoraan toiselle tiell\u00e4liikkujalle, mutta auton sis\u00e4ll\u00e4 sad&#8230;<\/p>\n<\/div><\/div><\/a><\/div>\n\n<\/div><\/section>\n\n\n\n<section class=\"wp-block-uagb-section uagb-section__wrap uagb-section__background-color uagb-block-61576716 box-shadow\" id=\"apu\"><div class=\"uagb-section__overlay\"><\/div><div class=\"uagb-section__inner-wrap\">\n<h2 class=\"has-text-align-center wp-block-heading\" id=\"miten-voimme-auttaa\">Miten voimme auttaa?<\/h2>\n\n\n\n<div class=\"wp-block-columns is-layout-flex wp-container-core-columns-is-layout-28f84493 wp-block-columns-is-layout-flex\">\n<div class=\"wp-block-column is-layout-flow wp-block-column-is-layout-flow\" style=\"flex-basis:25%\">\n<div class=\"wp-block-uagb-icon-list uagb-block-18ba9f58 uagb-icon-list__outer-wrap uagb-icon-list__layout-horizontal\"><div class=\"uagb-icon-list__wrap\">\n<div class=\"wp-block-uagb-icon-list-child uagb-block-6f187722 uagb-icon-list-repeater uagb-icon-list__wrapper\"><a target=\"_self\" aria-label=\"Etsi juuri sinulle sopivin korjaamo\" rel=\"noopener noreferrer\" href=\"#\"> <\/a><span class=\"uagb-icon-list__source-wrap\"><svg xmlns=\"https:\/\/www.w3.org\/2000\/svg\" viewBox=\"0 0 384 512\"><path d=\"M168.3 499.2C116.1 435 0 279.4 0 192C0 85.96 85.96 0 192 0C298 0 384 85.96 384 192C384 279.4 267 435 215.7 499.2C203.4 514.5 180.6 514.5 168.3 499.2H168.3zM192 256C227.3 256 256 227.3 256 192C256 156.7 227.3 128 192 128C156.7 128 128 156.7 128 192C128 227.3 156.7 256 192 256z\"><\/path><\/svg><\/span><span class=\"uagb-icon-list__label\">Etsi juuri sinulle sopivin korjaamo<\/span><\/div>\n<\/div><\/div>\n\n\n\n<div style=\"height:20px\" aria-hidden=\"true\" class=\"wp-block-spacer\"><\/div>\n\n\n\n<div class=\"wp-block-buttons fw-buttons is-layout-flex wp-block-buttons-is-layout-flex\">\n<div class=\"wp-block-button\"><a class=\"wp-block-button__link wp-element-button\" href=\"https:\/\/www.incar.fi\/autokorjaamot\/\">N\u00e4yt\u00e4 korjaamot<\/a><\/div>\n<\/div>\n<\/div>\n\n\n\n<div class=\"wp-block-column is-layout-flow wp-block-column-is-layout-flow\" style=\"flex-basis:25%\">\n<div class=\"wp-block-uagb-icon-list uagb-block-5dae84e0 uagb-icon-list__outer-wrap uagb-icon-list__layout-horizontal\"><div class=\"uagb-icon-list__wrap\">\n<div class=\"wp-block-uagb-icon-list-child uagb-block-8de8ce19 uagb-icon-list-repeater uagb-icon-list__wrapper\"><a target=\"_self\" aria-label=\"Vahinkotarkastuksen ajanvaraus\" rel=\"noopener noreferrer\" href=\"#\"> <\/a><span class=\"uagb-icon-list__source-wrap\"><svg xmlns=\"https:\/\/www.w3.org\/2000\/svg\" viewBox=\"0 0 448 512\"><path d=\"M160 32V64H288V32C288 14.33 302.3 0 320 0C337.7 0 352 14.33 352 32V64H400C426.5 64 448 85.49 448 112V160H0V112C0 85.49 21.49 64 48 64H96V32C96 14.33 110.3 0 128 0C145.7 0 160 14.33 160 32zM0 192H448V464C448 490.5 426.5 512 400 512H48C21.49 512 0 490.5 0 464V192zM64 304C64 312.8 71.16 320 80 320H112C120.8 320 128 312.8 128 304V272C128 263.2 120.8 256 112 256H80C71.16 256 64 263.2 64 272V304zM192 304C192 312.8 199.2 320 208 320H240C248.8 320 256 312.8 256 304V272C256 263.2 248.8 256 240 256H208C199.2 256 192 263.2 192 272V304zM336 256C327.2 256 320 263.2 320 272V304C320 312.8 327.2 320 336 320H368C376.8 320 384 312.8 384 304V272C384 263.2 376.8 256 368 256H336zM64 432C64 440.8 71.16 448 80 448H112C120.8 448 128 440.8 128 432V400C128 391.2 120.8 384 112 384H80C71.16 384 64 391.2 64 400V432zM208 384C199.2 384 192 391.2 192 400V432C192 440.8 199.2 448 208 448H240C248.8 448 256 440.8 256 432V400C256 391.2 248.8 384 240 384H208zM320 432C320 440.8 327.2 448 336 448H368C376.8 448 384 440.8 384 432V400C384 391.2 376.8 384 368 384H336C327.2 384 320 391.2 320 400V432z\"><\/path><\/svg><\/span><span class=\"uagb-icon-list__label\">Vahinkotarkastuksen ajanvaraus<\/span><\/div>\n<\/div><\/div>\n\n\n\n<div style=\"height:20px\" aria-hidden=\"true\" class=\"wp-block-spacer\"><\/div>\n\n\n\n<div class=\"wp-block-buttons fw-buttons is-layout-flex wp-block-buttons-is-layout-flex\">\n<div class=\"wp-block-button\"><a class=\"wp-block-button__link wp-element-button\" href=\"https:\/\/www.incar.fi\/ajanvaraus\/#vahinkotarkastus\">Varaa aika<\/a><\/div>\n<\/div>\n<\/div>\n\n\n\n<div class=\"wp-block-column is-layout-flow wp-block-column-is-layout-flow\" style=\"flex-basis:25%\">\n<div class=\"wp-block-uagb-icon-list uagb-block-0b5b986c uagb-icon-list__outer-wrap uagb-icon-list__layout-horizontal\"><div class=\"uagb-icon-list__wrap\">\n<div class=\"wp-block-uagb-icon-list-child uagb-block-58ea2756 uagb-icon-list-repeater uagb-icon-list__wrapper\"><a target=\"_self\" aria-label=\"Tee vahinkotarkastus puhelimella\" rel=\"noopener noreferrer\" href=\"#\"> <\/a><span class=\"uagb-icon-list__source-wrap\"><svg xmlns=\"https:\/\/www.w3.org\/2000\/svg\" viewBox=\"0 0 384 512\"><path d=\"M304 0h-224c-35.35 0-64 28.65-64 64v384c0 35.35 28.65 64 64 64h224c35.35 0 64-28.65 64-64V64C368 28.65 339.3 0 304 0zM192 480c-17.75 0-32-14.25-32-32s14.25-32 32-32s32 14.25 32 32S209.8 480 192 480zM304 64v320h-224V64H304z\"><\/path><\/svg><\/span><span class=\"uagb-icon-list__label\">Tee vahinkotarkastus puhelimella<\/span><\/div>\n<\/div><\/div>\n\n\n\n<div style=\"height:20px\" aria-hidden=\"true\" class=\"wp-block-spacer\"><\/div>\n\n\n\n<div class=\"wp-block-buttons fw-buttons is-layout-flex wp-block-buttons-is-layout-flex\">\n<div class=\"wp-block-button\"><a class=\"wp-block-button__link wp-element-button\" href=\"https:\/\/www.incar.fi\/app\/kamera\/\" target=\"_blank\" rel=\"noreferrer noopener\">Siirry palveluun<\/a><\/div>\n<\/div>\n<\/div>\n\n\n\n<div class=\"wp-block-column is-layout-flow wp-block-column-is-layout-flow\" style=\"flex-basis:25%\">\n<div class=\"wp-block-uagb-icon-list uagb-block-b58a3f22 uagb-icon-list__outer-wrap uagb-icon-list__layout-horizontal\"><div class=\"uagb-icon-list__wrap\">\n<div class=\"wp-block-uagb-icon-list-child uagb-block-ac845af3 uagb-icon-list-repeater uagb-icon-list__wrapper\"><a target=\"_self\" aria-label=\"Maan kattavin ja osaavin lasipalvelu\" rel=\"noopener noreferrer\" href=\"#\"> <\/a><span class=\"uagb-icon-list__source-wrap\"><svg xmlns=\"https:\/\/www.w3.org\/2000\/svg\" viewBox=\"0 0 448 512\"><path d=\"M417.1 368c-5.937 10.27-16.69 16-27.75 16c-5.422 0-10.92-1.375-15.97-4.281L256 311.4V448c0 17.67-14.33 32-31.1 32S192 465.7 192 448V311.4l-118.3 68.29C68.67 382.6 63.17 384 57.75 384c-11.06 0-21.81-5.734-27.75-16c-8.828-15.31-3.594-34.88 11.72-43.72L159.1 256L41.72 187.7C26.41 178.9 21.17 159.3 29.1 144C36.63 132.5 49.26 126.7 61.65 128.2C65.78 128.7 69.88 130.1 73.72 132.3L192 200.6V64c0-17.67 14.33-32 32-32S256 46.33 256 64v136.6l118.3-68.29c3.838-2.213 7.939-3.539 12.07-4.051C398.7 126.7 411.4 132.5 417.1 144c8.828 15.31 3.594 34.88-11.72 43.72L288 256l118.3 68.28C421.6 333.1 426.8 352.7 417.1 368z\"><\/path><\/svg><\/span><span class=\"uagb-icon-list__label\">Maan kattavin ja osaavin lasipalvelu<\/span><\/div>\n<\/div><\/div>\n\n\n\n<div style=\"height:20px\" aria-hidden=\"true\" class=\"wp-block-spacer\"><\/div>\n\n\n\n<div class=\"wp-block-buttons fw-buttons is-layout-flex wp-block-buttons-is-layout-flex\">\n<div class=\"wp-block-button\"><a class=\"wp-block-button__link wp-element-button\" href=\"https:\/\/www.incar.fi\/ajanvaraus\/#tuulilasit\">Varaa aika<\/a><\/div>\n<\/div>\n<\/div>\n<\/div>\n<\/div><\/section>\n","protected":false},"excerpt":{"rendered":"","protected":false},"author":1,"featured_media":6123,"parent":0,"menu_order":1000,"comment_status":"closed","ping_status":"closed","template":"","meta":{"_uag_custom_page_level_css":"","site-sidebar-layout":"default","site-content-layout":"page-builder","ast-site-content-layout":"default","site-content-style":"default","site-sidebar-style":"default","ast-global-header-display":"","ast-banner-title-visibility":"","ast-main-header-display":"","ast-hfb-above-header-display":"","ast-hfb-below-header-display":"","ast-hfb-mobile-header-display":"","site-post-title":"","ast-breadcrumbs-content":"","ast-featured-img":"disabled","footer-sml-layout":"","ast-disable-related-posts":"","theme-transparent-header-meta":"default","adv-header-id-meta":"","stick-header-meta":"","header-above-stick-meta":"","header-main-stick-meta":"","header-below-stick-meta":"","astra-migrate-meta-layouts":"default","ast-page-background-enabled":"default","ast-page-background-meta":{"desktop":{"background-color":"","background-image":"","background-repeat":"repeat","background-position":"center center","background-size":"auto","background-attachment":"scroll","background-type":"","background-media":"","overlay-type":"","overlay-color":"","overlay-opacity":"","overlay-gradient":""},"tablet":{"background-color":"","background-image":"","background-repeat":"repeat","background-position":"center center","background-size":"auto","background-attachment":"scroll","background-type":"","background-media":"","overlay-type":"","overlay-color":"","overlay-opacity":"","overlay-gradient":""},"mobile":{"background-color":"","background-image":"","background-repeat":"repeat","background-position":"center center","background-size":"auto","background-attachment":"scroll","background-type":"","background-media":"","overlay-type":"","overlay-color":"","overlay-opacity":"","overlay-gradient":""}},"ast-content-background-meta":{"desktop":{"background-color":"var(--ast-global-color-5)","background-image":"","background-repeat":"repeat","background-position":"center center","background-size":"auto","background-attachment":"scroll","background-type":"","background-media":"","overlay-type":"","overlay-color":"","overlay-opacity":"","overlay-gradient":""},"tablet":{"background-color":"var(--ast-global-color-5)","background-image":"","background-repeat":"repeat","background-position":"center center","background-size":"auto","background-attachment":"scroll","background-type":"","background-media":"","overlay-type":"","overlay-color":"","overlay-opacity":"","overlay-gradient":""},"mobile":{"background-color":"var(--ast-global-color-5)","background-image":"","background-repeat":"repeat","background-position":"center center","background-size":"auto","background-attachment":"scroll","background-type":"","background-media":"","overlay-type":"","overlay-color":"","overlay-opacity":"","overlay-gradient":""}},"footnotes":""},"class_list":["post-6407","page","type-page","status-publish","has-post-thumbnail","hentry"],"aioseo_notices":[],"uagb_featured_image_src":{"full":["https:\/\/www.incar.fi\/media\/2022\/03\/AdobeStock_231032314-2.png",1920,1080,false],"thumbnail":["https:\/\/www.incar.fi\/media\/2022\/03\/AdobeStock_231032314-2-400x225.png",400,225,true],"medium":["https:\/\/www.incar.fi\/media\/2022\/03\/AdobeStock_231032314-2-800x450.png",800,450,true],"medium_large":["https:\/\/www.incar.fi\/media\/2022\/03\/AdobeStock_231032314-2-768x432.png",768,432,true],"large":["https:\/\/www.incar.fi\/media\/2022\/03\/AdobeStock_231032314-2-1200x675.png",1200,675,true],"1536x1536":["https:\/\/www.incar.fi\/media\/2022\/03\/AdobeStock_231032314-2-1536x864.png",1536,864,true],"2048x2048":["https:\/\/www.incar.fi\/media\/2022\/03\/AdobeStock_231032314-2.png",1920,1080,false],"gform-image-choice-sm":["https:\/\/www.incar.fi\/media\/2022\/03\/AdobeStock_231032314-2.png",300,169,false],"gform-image-choice-md":["https:\/\/www.incar.fi\/media\/2022\/03\/AdobeStock_231032314-2.png",400,225,false],"gform-image-choice-lg":["https:\/\/www.incar.fi\/media\/2022\/03\/AdobeStock_231032314-2.png",600,338,false]},"uagb_author_info":{"display_name":"Lauri Aaltonen","author_link":"https:\/\/www.incar.fi\/en\/author\/servotuki\/"},"uagb_comment_info":0,"uagb_excerpt":null,"_links":{"self":[{"href":"https:\/\/www.incar.fi\/en\/wp-json\/wp\/v2\/pages\/6407","targetHints":{"allow":["GET"]}}],"collection":[{"href":"https:\/\/www.incar.fi\/en\/wp-json\/wp\/v2\/pages"}],"about":[{"href":"https:\/\/www.incar.fi\/en\/wp-json\/wp\/v2\/types\/page"}],"author":[{"embeddable":true,"href":"https:\/\/www.incar.fi\/en\/wp-json\/wp\/v2\/users\/1"}],"replies":[{"embeddable":true,"href":"https:\/\/www.incar.fi\/en\/wp-json\/wp\/v2\/comments?post=6407"}],"version-history":[{"count":0,"href":"https:\/\/www.incar.fi\/en\/wp-json\/wp\/v2\/pages\/6407\/revisions"}],"wp:featuredmedia":[{"embeddable":true,"href":"https:\/\/www.incar.fi\/en\/wp-json\/wp\/v2\/media\/6123"}],"wp:attachment":[{"href":"https:\/\/www.incar.fi\/en\/wp-json\/wp\/v2\/media?parent=6407"}],"curies":[{"name":"wp","href":"https:\/\/api.w.org\/{rel}","templated":true}]}}