{"id":8133,"date":"2023-04-19T11:49:08","date_gmt":"2023-04-19T08:49:08","guid":{"rendered":"https:\/\/www.incar.fi\/?page_id=8133"},"modified":"2026-02-27T14:07:01","modified_gmt":"2026-02-27T12:07:01","slug":"muistathan","status":"publish","type":"page","link":"https:\/\/www.incar.fi\/en\/muistathan\/","title":{"rendered":"Muistathan n\u00e4m\u00e4 \u2013\u00a0tsekkaa vinkit!"},"content":{"rendered":"\n<div class=\"wp-block-uagb-container uagb-block-11ddfafb default uagb-is-root-container\">\n<h2 class=\"wp-block-heading has-text-align-center has-ast-global-color-2-color has-text-color\" style=\"margin-top:0;margin-right:0;margin-bottom:var(--wp--preset--spacing--20);margin-left:0\"><strong>Tsekkaa vinkit!<\/strong><\/h2>\n\n\n\n<div class=\"wp-block-uagb-image uagb-block-149abe25 wp-block-uagb-image--layout-default wp-block-uagb-image--effect-static wp-block-uagb-image--align-none\"><figure class=\"wp-block-uagb-image__figure\"><img decoding=\"async\" srcset=\"https:\/\/www.incar.fi\/media\/2023\/04\/auton-pesu-pieni-1-1200x583.jpg \" sizes=\"auto, (max-width: 480px) 150px\" src=\"https:\/\/www.incar.fi\/media\/2023\/04\/auton-pesu-pieni-1-1200x583.jpg\" alt=\"\" class=\"uag-image-8021\" width=\"1200\" height=\"583\" title=\"\" loading=\"lazy\" role=\"img\"\/><\/figure><\/div>\n\n\n<div class=\"wp-block-uagb-faq uagb-faq__outer-wrap uagb-block-d6c73f11 uagb-faq-icon-row-reverse uagb-faq-layout-accordion uagb-faq-expand-first-true uagb-faq-inactive-other-true uagb-faq__wrap uagb-buttons-layout-wrap uagb-faq-equal-height     \" data-faqtoggle=\"true\" role=\"tablist\"><div class=\"wp-block-uagb-faq-child uagb-faq-child__outer-wrap uagb-faq-item uagb-block-a48ef38d \" role=\"tab\" tabindex=\"0\"><div class=\"uagb-faq-questions-button uagb-faq-questions\">\t\t\t<span class=\"uagb-icon uagb-faq-icon-wrap\">\n\t\t\t\t\t\t\t\t<svg xmlns=\"https:\/\/www.w3.org\/2000\/svg\" viewBox= \"0 0 448 512\"><path d=\"M432 256c0 17.69-14.33 32.01-32 32.01H256v144c0 17.69-14.33 31.99-32 31.99s-32-14.3-32-31.99v-144H48c-17.67 0-32-14.32-32-32.01s14.33-31.99 32-31.99H192v-144c0-17.69 14.33-32.01 32-32.01s32 14.32 32 32.01v144h144C417.7 224 432 238.3 432 256z\"><\/path><\/svg>\n\t\t\t\t\t\t\t<\/span>\n\t\t\t\t\t\t<span class=\"uagb-icon-active uagb-faq-icon-wrap\">\n\t\t\t\t\t\t\t\t<svg xmlns=\"https:\/\/www.w3.org\/2000\/svg\" viewBox= \"0 0 448 512\"><path d=\"M400 288h-352c-17.69 0-32-14.32-32-32.01s14.31-31.99 32-31.99h352c17.69 0 32 14.3 32 31.99S417.7 288 400 288z\"><\/path><\/svg>\n\t\t\t\t\t\t\t<\/span>\n\t\t\t<span class=\"uagb-question\">Autosi on vastamaalattu \u2013 WOW, kyll\u00e4p\u00e4 se kiilt\u00e4\u00e4!<\/span><\/div><div class=\"uagb-faq-content\"><p>Tiesitk\u00f6, ett\u00e4 uusi maalipinta tarvitsee hieman enemm\u00e4n huolenpitoa ensimm\u00e4isten kuukausien aikana? Nappaa t\u00e4st\u00e4 talteen vinkit tuoreen maalipinnan hoitamiseen!<br><br>1.\u00a0 K\u00e4yt\u00e4 mietoa pesuainetta ja viile\u00e4\u00e4 vett\u00e4 auton pesuun ensimm\u00e4isten kahden kuukauden aikana. Vastamaalattu pinta on herkk\u00e4 kemikaaleille.<br><br>2. V\u00e4lt\u00e4 vahaamista ja pinnoittamista ensimm\u00e4isen kahden kuukauden aikana. T\u00e4m\u00e4 voi aiheuttaa ongelmia, sill\u00e4 maalattu pinta on herkk\u00e4 kemikaaleille.<br><br>3. Maalattu pinta kuivuu noin 2\u20133 kuukautta maalauksen j\u00e4lkeen, jolloin liuottimia haihtuu viel\u00e4 pois. Vaha tai pinnoite saattaa est\u00e4\u00e4 liuottimien haihtumisen, joten niit\u00e4 on syyt\u00e4 v\u00e4ltt\u00e4\u00e4 tuona aikana.<br>Noudattamalla n\u00e4it\u00e4 vinkkej\u00e4 voit auttaa suojaamaan maalipintaa ja varmistaa, ett\u00e4 se pysyy kauniina ja kest\u00e4v\u00e4n\u00e4 pitk\u00e4\u00e4n.<\/p><\/div><\/div><div class=\"wp-block-uagb-faq-child uagb-faq-child__outer-wrap uagb-faq-item uagb-block-0494c131 \" role=\"tab\" tabindex=\"0\"><div class=\"uagb-faq-questions-button uagb-faq-questions\">\t\t\t<span class=\"uagb-icon uagb-faq-icon-wrap\">\n\t\t\t\t\t\t\t\t<svg xmlns=\"https:\/\/www.w3.org\/2000\/svg\" viewBox= \"0 0 448 512\"><path d=\"M432 256c0 17.69-14.33 32.01-32 32.01H256v144c0 17.69-14.33 31.99-32 31.99s-32-14.3-32-31.99v-144H48c-17.67 0-32-14.32-32-32.01s14.33-31.99 32-31.99H192v-144c0-17.69 14.33-32.01 32-32.01s32 14.32 32 32.01v144h144C417.7 224 432 238.3 432 256z\"><\/path><\/svg>\n\t\t\t\t\t\t\t<\/span>\n\t\t\t\t\t\t<span class=\"uagb-icon-active uagb-faq-icon-wrap\">\n\t\t\t\t\t\t\t\t<svg xmlns=\"https:\/\/www.w3.org\/2000\/svg\" viewBox= \"0 0 448 512\"><path d=\"M400 288h-352c-17.69 0-32-14.32-32-32.01s14.31-31.99 32-31.99h352c17.69 0 32 14.3 32 31.99S417.7 288 400 288z\"><\/path><\/svg>\n\t\t\t\t\t\t\t<\/span>\n\t\t\t<span class=\"uagb-question\">Tuulilasisi on vasta vaihdettu \u2013 WOW, tulipa siit\u00e4 hieno!<\/span><\/div><div class=\"uagb-faq-content\"><p>Mit\u00e4 korjattiin?<br>\u00a0<br><strong>Kiveniskem\u00e4<\/strong><br>Kiveniskun tai nastan iskem\u00e4n korjauksen j\u00e4lkeen ei ole juurikaan mit\u00e4\u00e4n rajoitteita. Joskus iskem\u00e4n j\u00e4lke\u00e4 ei saada kokonaan h\u00e4vitetty\u00e4 ja se voi harmittaa. Jos iskem\u00e4n pohjalle on p\u00e4\u00e4ssyt ennen korjausta ep\u00e4puhtauksia tai kosteutta, se voi tehd\u00e4 iskem\u00e4n kokonaan h\u00e4ivytt\u00e4misest\u00e4 mahdotonta. Nyt iskem\u00e4 on kuitenkin korjattu huippuammattilaisen k\u00e4siss\u00e4 ja voit ajaa huristella huoletta: tuulilasi ei mene enemm\u00e4n rikki!<br><br><strong>Koko tuulilasi on vaihdettu<\/strong>\u00a0<br>Jos k\u00e4vi niin huono m\u00e4ih\u00e4, ett\u00e4 koko tuulilasi piti vaihtaa, v\u00e4lt\u00e4 seuraavan vuorokauden ajan auton pesemist\u00e4. Uutta ja s\u00e4ihkyv\u00e4\u00e4 tuulilasia ei kannata my\u00f6sk\u00e4\u00e4n pest\u00e4 painepesurilla ensimm\u00e4isen vuorokauden aikana.<br><\/p><\/div><\/div><\/div>\n\n\n<div class=\"wp-block-uagb-image uagb-block-109fc9d2 wp-block-uagb-image--layout-default wp-block-uagb-image--effect-static wp-block-uagb-image--align-none\"><figure class=\"wp-block-uagb-image__figure\"><img decoding=\"async\" srcset=\"https:\/\/www.incar.fi\/media\/2023\/03\/Automaalari-Oikotie-800x530.jpg \" sizes=\"auto, (max-width: 480px) 150px\" src=\"https:\/\/www.incar.fi\/media\/2023\/03\/Automaalari-Oikotie-800x530.jpg\" alt=\"Miten onnistuimme? Kerrothan meille\" class=\"uag-image-7970\" width=\"800\" height=\"530\" title=\"\" loading=\"lazy\" role=\"img\"\/><\/figure><\/div>\n\n\n\n<div class=\"wp-block-uagb-container text-block uag-hide-desktop uag-hide-tab uag-hide-mob uagb-block-cc1d4d71\">\n<h2 class=\"wp-block-heading has-text-align-center has-ast-global-color-5-color has-text-color\" style=\"margin-top:0;margin-right:0;margin-bottom:var(--wp--preset--spacing--40);margin-left:0\"><strong>Miten meill\u00e4 meni?<\/strong><\/h2>\n\n\n\n<p class=\"has-text-align-center has-ast-global-color-6-color has-text-color\">Hurraa \u2013 sin\u00e4 valitsit meid\u00e4t! No miten meill\u00e4 menik\u00e4\u00e4n? Kaikki ajanvarauksesta viimeiseen avaimen luovutukseen asti on osa asiakaskokemusta, jossa me haluamme olla alamme paras. Kerrothan meille miten ja miss\u00e4 onnistuimme ja mokasimme.<\/p>\n\n\n\n<p class=\"has-text-align-center has-ast-global-color-6-color has-text-color\">Rakentava palaute on meille t\u00e4rke\u00e4\u00e4. Kehujakin arvokkaampaa on saada tiet\u00e4\u00e4 mit\u00e4 voimme tehd\u00e4 entist\u00e4kin paremmin. Lupaamme palkita parhaat kehitysehdotukset. J\u00e4t\u00e4th\u00e4n siis yhteystietosi, niin voimme tarvittaessa jutella lis\u00e4\u00e4.<\/p>\n\n\n\n<div class=\"wp-block-buttons is-content-justification-center is-layout-flex wp-container-core-buttons-is-layout-a89b3969 wp-block-buttons-is-layout-flex\">\n<div class=\"wp-block-button\"><a class=\"wp-block-button__link wp-element-button\" href=\"https:\/\/www.incar.fi\/palaute\/?source=Verkkosivut\">Anna palautetta t\u00e4st\u00e4<\/a><\/div>\n<\/div>\n<\/div>\n<\/div>\n","protected":false},"excerpt":{"rendered":"<p>Tsekkaa vinkit! Miten meill\u00e4 meni? Hurraa \u2013 sin\u00e4 valitsit meid\u00e4t! No miten meill\u00e4 menik\u00e4\u00e4n? Kaikki ajanvarauksesta viimeiseen avaimen luovutukseen asti on osa asiakaskokemusta, jossa me haluamme olla alamme paras. Kerrothan [&hellip;]<\/p>\n","protected":false},"author":1,"featured_media":0,"parent":0,"menu_order":0,"comment_status":"closed","ping_status":"closed","template":"","meta":{"_uag_custom_page_level_css":".text-block {\n\tdisplay: block !important;\n}","site-sidebar-layout":"no-sidebar","site-content-layout":"page-builder","ast-site-content-layout":"full-width-container","site-content-style":"unboxed","site-sidebar-style":"unboxed","ast-global-header-display":"","ast-banner-title-visibility":"","ast-main-header-display":"","ast-hfb-above-header-display":"","ast-hfb-below-header-display":"","ast-hfb-mobile-header-display":"","site-post-title":"disabled","ast-breadcrumbs-content":"","ast-featured-img":"","footer-sml-layout":"","ast-disable-related-posts":"","theme-transparent-header-meta":"disabled","adv-header-id-meta":"5781","stick-header-meta":"disabled","header-above-stick-meta":"","header-main-stick-meta":"","header-below-stick-meta":"","astra-migrate-meta-layouts":"set","ast-page-background-enabled":"default","ast-page-background-meta":{"desktop":{"background-color":"","background-image":"","background-repeat":"repeat","background-position":"center center","background-size":"auto","background-attachment":"scroll","background-type":"","background-media":"","overlay-type":"","overlay-color":"","overlay-opacity":"","overlay-gradient":""},"tablet":{"background-color":"","background-image":"","background-repeat":"repeat","background-position":"center center","background-size":"auto","background-attachment":"scroll","background-type":"","background-media":"","overlay-type":"","overlay-color":"","overlay-opacity":"","overlay-gradient":""},"mobile":{"background-color":"","background-image":"","background-repeat":"repeat","background-position":"center center","background-size":"auto","background-attachment":"scroll","background-type":"","background-media":"","overlay-type":"","overlay-color":"","overlay-opacity":"","overlay-gradient":""}},"ast-content-background-meta":{"desktop":{"background-color":"var(--ast-global-color-5)","background-image":"","background-repeat":"repeat","background-position":"center center","background-size":"auto","background-attachment":"scroll","background-type":"","background-media":"","overlay-type":"","overlay-color":"","overlay-opacity":"","overlay-gradient":""},"tablet":{"background-color":"var(--ast-global-color-5)","background-image":"","background-repeat":"repeat","background-position":"center center","background-size":"auto","background-attachment":"scroll","background-type":"","background-media":"","overlay-type":"","overlay-color":"","overlay-opacity":"","overlay-gradient":""},"mobile":{"background-color":"var(--ast-global-color-5)","background-image":"","background-repeat":"repeat","background-position":"center center","background-size":"auto","background-attachment":"scroll","background-type":"","background-media":"","overlay-type":"","overlay-color":"","overlay-opacity":"","overlay-gradient":""}},"footnotes":""},"class_list":["post-8133","page","type-page","status-publish","hentry"],"aioseo_notices":[],"uagb_featured_image_src":{"full":false,"thumbnail":false,"medium":false,"medium_large":false,"large":false,"1536x1536":false,"2048x2048":false,"gform-image-choice-sm":false,"gform-image-choice-md":false,"gform-image-choice-lg":false},"uagb_author_info":{"display_name":"Lauri Aaltonen","author_link":"https:\/\/www.incar.fi\/en\/author\/servotuki\/"},"uagb_comment_info":0,"uagb_excerpt":"Tsekkaa vinkit! Miten meill\u00e4 meni? Hurraa \u2013 sin\u00e4 valitsit meid\u00e4t! No miten meill\u00e4 menik\u00e4\u00e4n? Kaikki ajanvarauksesta viimeiseen avaimen luovutukseen asti on osa asiakaskokemusta, jossa me haluamme olla alamme paras. Kerrothan [&hellip;]","_links":{"self":[{"href":"https:\/\/www.incar.fi\/en\/wp-json\/wp\/v2\/pages\/8133","targetHints":{"allow":["GET"]}}],"collection":[{"href":"https:\/\/www.incar.fi\/en\/wp-json\/wp\/v2\/pages"}],"about":[{"href":"https:\/\/www.incar.fi\/en\/wp-json\/wp\/v2\/types\/page"}],"author":[{"embeddable":true,"href":"https:\/\/www.incar.fi\/en\/wp-json\/wp\/v2\/users\/1"}],"replies":[{"embeddable":true,"href":"https:\/\/www.incar.fi\/en\/wp-json\/wp\/v2\/comments?post=8133"}],"version-history":[{"count":1,"href":"https:\/\/www.incar.fi\/en\/wp-json\/wp\/v2\/pages\/8133\/revisions"}],"predecessor-version":[{"id":14246,"href":"https:\/\/www.incar.fi\/en\/wp-json\/wp\/v2\/pages\/8133\/revisions\/14246"}],"wp:attachment":[{"href":"https:\/\/www.incar.fi\/en\/wp-json\/wp\/v2\/media?parent=8133"}],"curies":[{"name":"wp","href":"https:\/\/api.w.org\/{rel}","templated":true}]}}