{"id":8951,"date":"2024-02-21T20:35:58","date_gmt":"2024-02-21T18:35:58","guid":{"rendered":"https:\/\/www.incar.fi\/?page_id=8951"},"modified":"2026-03-04T09:47:34","modified_gmt":"2026-03-04T07:47:34","slug":"lasikisa","status":"publish","type":"page","link":"https:\/\/www.incar.fi\/en\/lasikisa\/","title":{"rendered":"Osallistu InCarin Lasikisaan!"},"content":{"rendered":"\n<div id=\"tervetuloa\" class=\"wp-block-uagb-container uagb-block-0db85cdd default uagb-is-root-container\"><div class=\"uagb-container__shape uagb-container__shape-bottom uagb-container__invert\" data-negative=\"false\"><svg xmlns=\"https:\/\/www.w3.org\/2000\/svg\" viewBox=\"0 0 1000 100\" preserveAspectRatio=\"none\"><path class=\"uagb-container__shape-fill\" d=\"M761.9,44.1L643.1,27.2L333.8,98L0,3.8V0l1000,0v3.9\"><\/path><\/svg><\/div>\n<h1 class=\"wp-block-heading has-text-align-center has-ast-global-color-5-color has-text-color has-link-color wp-elements-fedf12e7681b308a75947b2a217b5825\" style=\"margin-top:0;margin-right:0;margin-bottom:0;margin-left:0\">Osallistu InCarin Lasikisaan!<\/h1>\n<\/div>\n\n\n\n<div id=\"kilpailu\" class=\"wp-block-uagb-container uagb-block-56d2965d alignfull uagb-is-root-container\"><div class=\"uagb-container-inner-blocks-wrap\">      \n\t\t\t<div class=\"uagb-icon-wrapper uagb-block-40ba4ed1  wp-block-uagb-icon--has-margin    \"\n\t\t\tstyle=\"\" >\n\t\t\t\t\t\t\t\t<div class='uagb-icon-margin-wrapper'>\n\t\t\t\t\t\t\t\t\t<span class=\"uagb-svg-wrapper\" \n\t\t\t\t\t aria-label=\"angles-down\"\t\t\t\t\ttabindex=\"0\">\t\t\n\t\t\t\t\t\t\t\t\t\t<svg xmlns=\"https:\/\/www.w3.org\/2000\/svg\" viewBox= \"0 0 384 512\" role=\"graphics-symbol\" aria-hidden=\"false\" aria-label=\"\"><path d=\"M169.4 278.6C175.6 284.9 183.8 288 192 288s16.38-3.125 22.62-9.375l160-160c12.5-12.5 12.5-32.75 0-45.25s-32.75-12.5-45.25 0L192 210.8L54.63 73.38c-12.5-12.5-32.75-12.5-45.25 0s-12.5 32.75 0 45.25L169.4 278.6zM329.4 265.4L192 402.8L54.63 265.4c-12.5-12.5-32.75-12.5-45.25 0s-12.5 32.75 0 45.25l160 160C175.6 476.9 183.8 480 192 480s16.38-3.125 22.62-9.375l160-160c12.5-12.5 12.5-32.75 0-45.25S341.9 252.9 329.4 265.4z\"><\/path><\/svg>\n\t\t\t\t\t\t\t\t\t<\/span>\n\t\t\t\t\t\t\t\t<\/div>\n\t\t\t\t\t\t\t<\/div>\n\t\t\t\n\n\n<div class=\"wp-block-uagb-separator uagb-block-3ce33be9 wp-block-uagb-separator--text uag-hide-desktop uag-hide-tab uag-hide-mob\"><div class=\"wp-block-uagb-separator__inner\" style=\"--my-background-image:\"><div class=\"wp-block-uagb-separator-element\"><h4 class=\"uagb-html-tag\">Arvonta<\/h4><\/div><\/div><\/div>\n\n\n\n<h2 class=\"wp-block-heading has-text-align-center\">Suomen laajin autolasien korjausten palveluverkosto k\u00e4yt\u00f6ss\u00e4si<\/h2>\n\n\n\n<div class=\"wp-block-columns is-layout-flex wp-container-core-columns-is-layout-939eaa57 wp-block-columns-is-layout-flex\" style=\"margin-top:var(--wp--preset--spacing--50);margin-bottom:var(--wp--preset--spacing--50);padding-top:0;padding-right:0;padding-bottom:0;padding-left:0\">\n<div class=\"wp-block-column is-layout-flow wp-container-core-column-is-layout-f5bb311e wp-block-column-is-layout-flow\">\n<p><strong>Onko tuulilasissasi kiveniskem\u00e4 tai halkeama? Ei h\u00e4t\u00e4\u00e4, InCarin asiantunteva lasipalvelu on t\u00e4\u00e4ll\u00e4 auttamassa!<\/strong><\/p>\n\n\n\n<p>Palvelumme kattaa kaiken tarvittavan \u2013 oli kyseess\u00e4 sitten tuulilasin vaihto, korjaus tai lasikalibrointi. Voit luottaa 35 vuoden kokemukseemme ja osaamiseemme, joka takaa parhaan mahdollisen hoidon autollesi, riippumatta merkist\u00e4 tai mallista. InCar on Avainlippu-yritys,<br>jonka valitsemalla tuet kotimaista ty\u00f6t\u00e4.<\/p>\n\n\n\n<p>InCar palvelee sinua kattavasti koko Suomen alueella. Miss\u00e4 tahansa oletkin, l\u00f6yd\u00e4t l\u00e4helt\u00e4si ammattitaitoisen korjaamomme.<\/p>\n<\/div>\n\n\n\n<div class=\"wp-block-column is-layout-flow wp-container-core-column-is-layout-f5bb311e wp-block-column-is-layout-flow\">\n<p><strong>Tuulilasin vaihto tai korjaus on InCarilla nopeaa, vaivatonta, ja mik\u00e4 parasta \u2013 olemme kaikkien vakuutusyhti\u00f6iden yhteisty\u00f6kumppani.<\/strong><\/p>\n\n\n\n<p>Hy\u00f6dynn\u00e4mme ainoastaan korkeatasoisia lasituotteita, kuten Saint-Gobain Sekurit ja Pilkington, jotka vastaavat autoteollisuuden tiukkoja ensiasennusstandardeja. T\u00e4m\u00e4 tarkoittaa, ett\u00e4 autosi on aina parhaissa k\u00e4siss\u00e4 ja lasisi kest\u00e4v\u00e4t aikaa sek\u00e4 teiden koettelemuksia.<\/p>\n\n\n\n<p>\u00c4l\u00e4 anna s\u00e4r\u00f6jen tai halkeamien h\u00e4irit\u00e4 n\u00e4kyvyytt\u00e4si tai turvallisuuttasi, <a href=\"https:\/\/varaa.incar.fi\/\" target=\"_blank\" rel=\"noopener\" title=\"varaa aika t\u00e4st\u00e4\">varaa aika t\u00e4st\u00e4<\/a> ja koe InCarin huippuluokan lasipalvelu itse! <\/p>\n<\/div>\n<\/div>\n\n\n\n<div style=\"height:60px\" aria-hidden=\"true\" class=\"wp-block-spacer\"><\/div>\n\n\n      \n\t\t\t<div class=\"uagb-icon-wrapper uagb-block-e2e67390  wp-block-uagb-icon--has-margin    \"\n\t\t\tstyle=\"\" >\n\t\t\t\t\t\t\t\t<div class='uagb-icon-margin-wrapper'>\n\t\t\t\t\t\t\t\t\t<span class=\"uagb-svg-wrapper\" \n\t\t\t\t\t aria-label=\"angles-down\"\t\t\t\t\ttabindex=\"0\">\t\t\n\t\t\t\t\t\t\t\t\t\t<svg xmlns=\"https:\/\/www.w3.org\/2000\/svg\" viewBox= \"0 0 384 512\" role=\"graphics-symbol\" aria-hidden=\"false\" aria-label=\"\"><path d=\"M169.4 278.6C175.6 284.9 183.8 288 192 288s16.38-3.125 22.62-9.375l160-160c12.5-12.5 12.5-32.75 0-45.25s-32.75-12.5-45.25 0L192 210.8L54.63 73.38c-12.5-12.5-32.75-12.5-45.25 0s-12.5 32.75 0 45.25L169.4 278.6zM329.4 265.4L192 402.8L54.63 265.4c-12.5-12.5-32.75-12.5-45.25 0s-12.5 32.75 0 45.25l160 160C175.6 476.9 183.8 480 192 480s16.38-3.125 22.62-9.375l160-160c12.5-12.5 12.5-32.75 0-45.25S341.9 252.9 329.4 265.4z\"><\/path><\/svg>\n\t\t\t\t\t\t\t\t\t<\/span>\n\t\t\t\t\t\t\t\t<\/div>\n\t\t\t\t\t\t\t<\/div>\n\t\t\t\n\n\n<div class=\"wp-block-uagb-separator uagb-block-cdb32122 wp-block-uagb-separator--text\"><div class=\"wp-block-uagb-separator__inner\" style=\"--my-background-image:\"><div class=\"wp-block-uagb-separator-element\"><h4 class=\"uagb-html-tag\">InCar Lasikisa<\/h4><\/div><\/div><\/div>\n\n\n\n<p class=\"has-text-align-center\">Voit osallistua InCarin Lasikisaan t\u00e4ll\u00e4 sivulla 30.4.2026 menness\u00e4.<br><strong>Onnea matkaan! <\/strong><\/p>\n\n\n\n<figure class=\"wp-block-image size-full has-custom-border uag-hide-mob\"><img decoding=\"async\" width=\"1200\" height=\"300\" src=\"https:\/\/www.incar.fi\/media\/2026\/02\/InCar_lasikisa-26-1200x300-1.jpg\" alt=\"\" class=\"wp-image-14211\" style=\"border-radius:4px\" srcset=\"https:\/\/www.incar.fi\/media\/2026\/02\/InCar_lasikisa-26-1200x300-1.jpg 1200w, https:\/\/www.incar.fi\/media\/2026\/02\/InCar_lasikisa-26-1200x300-1-800x200.jpg 800w, https:\/\/www.incar.fi\/media\/2026\/02\/InCar_lasikisa-26-1200x300-1-400x100.jpg 400w, https:\/\/www.incar.fi\/media\/2026\/02\/InCar_lasikisa-26-1200x300-1-768x192.jpg 768w\" sizes=\"(max-width: 1200px) 100vw, 1200px\" \/><\/figure>\n\n\n\n<div style=\"height:20px\" aria-hidden=\"true\" class=\"wp-block-spacer\"><\/div>\n\n\n\n<a class=\"wp-block-toolset-blocks-container tb-container\" href=\"#osallistu\" style=\"display:block\" data-toolset-blocks-container=\"6f6b6b87fb1bec4c7f4f4820965e7867\">\n<p class=\"has-text-align-center\" style=\"margin-top:0;margin-right:0;margin-bottom:0;margin-left:0;padding-top:0;padding-right:0;padding-bottom:0;padding-left:0;font-size:2em\"><strong>Testaa tietosi t\u00e4st\u00e4!<\/strong><\/p>\n<\/a>\n\n\n\n<div class=\"wp-block-uagb-modal uagb-block-b06e34db uagb-modal-wrapper\" data-escpress=\"enable\" data-overlayclick=\"enable\"><span class=\"uagb-modal-text uagb-modal-trigger\">Arvonnan s\u00e4\u00e4nn\u00f6t<\/span><div class=\"uagb-effect-default uagb-modal-popup uagb-block-b06e34db uagb-modal-type-undefined\"><div class=\"uagb-modal-popup-wrap\"><div class=\"uagb-modal-popup-content\">\n<h3 class=\"wp-block-heading\"><strong>InCar lasikisa 2026<\/strong><\/h3>\n\n\n\n<h5 class=\"wp-block-heading\"><strong>J\u00e4rjest\u00e4j\u00e4<\/strong><\/h5>\n\n\n\n<p>InCar Oy, Takomotie 1-3, 00380 Helsinki<\/p>\n\n\n\n<h5 class=\"wp-block-heading\"><strong>Arvonnan toteuttaja<\/strong><\/h5>\n\n\n\n<p>InCar Oy, Takomotie 1-3, 00380 Helsinki<\/p>\n\n\n\n<h5 class=\"wp-block-heading\"><strong>Osallistumiskelpoisuus<\/strong><\/h5>\n\n\n\n<p>Arvontaan voivat osallistua kaikki Suomessa asuvat henkil\u00f6t, lukuun ottamatta alla lueteltuja poikkeuksia.<\/p>\n\n\n\n<p>Alle 18-vuotiaat voivat osallistua huoltajan luvalla arvontaan. Arvontaan eiv\u00e4t saa osallistua j\u00e4rjest\u00e4v\u00e4n yrityksen ty\u00f6ntekij\u00e4t. J\u00e4rjest\u00e4j\u00e4ll\u00e4 on oikeus ilman erillist\u00e4 ilmoitusta j\u00e4tt\u00e4\u00e4 huomioimatta sellaiset osallistumiset arvontaan, joita ei ole tehty n\u00e4iden ehtojen mukaisesti. Osallistumalla arvontaan osallistuja sitoutuu noudattamaan n\u00e4it\u00e4 s\u00e4\u00e4nt\u00f6j\u00e4 ja J\u00e4rjest\u00e4j\u00e4n niiden perusteella tekemi\u00e4 p\u00e4\u00e4t\u00f6ksi\u00e4.<\/p>\n\n\n\n<h5 class=\"wp-block-heading\"><strong>Osallistumisaika<\/strong><\/h5>\n\n\n\n<p>Arvontaan voi osallistua 2.3-30.4.2026, ellei toisin ilmoiteta. Osallistumisajan ulkopuolella tehtyj\u00e4 osallistumisia ei hyv\u00e4ksyt\u00e4 arvontaan.\u202f<\/p>\n\n\n\n<h5 class=\"wp-block-heading\"><strong>Osallistuminen<\/strong><\/h5>\n\n\n\n<p>Arvontaan voi osallistua J\u00e4rjest\u00e4j\u00e4n verkkosivujen kautta osoitteessa <a href=\"http:\/\/www.incar.fi\/lasikisa\">www.incar.fi\/lasikisa<\/a>.<\/p>\n\n\n\n<h5 class=\"wp-block-heading\"><strong>Palkinnot\u202f \u202f<\/strong><\/h5>\n\n\n\n<p>Arvonnan voittaja voittaa 500 euron Motonet-lahjakortin. <\/p>\n\n\n\n<p>Lis\u00e4ksi arvotaan 3 kappaletta Bosch EasyPump akkuk\u00e4ytt\u00f6isi\u00e4 painepumppuja, arvoltaan 74,90 euroa. &nbsp;<\/p>\n\n\n\n<p>Voittajat vastaavat kaikista voiton lunastamiseen liittyvist\u00e4 mahdollisista kustannuksista.<\/p>\n\n\n\n<h5 class=\"wp-block-heading\"><strong>Arvonta<\/strong><\/h5>\n\n\n\n<p>Arvonta suoritetaan 4.5.2026, ja voittajille ilmoitetaan asiasta henkil\u00f6kohtaisesti.<\/p>\n\n\n\n<p>P\u00e4\u00e4palkinto luovutetaan voittajalle l\u00e4himm\u00e4st\u00e4 J\u00e4rjest\u00e4j\u00e4n toimipisteest\u00e4, toimipistetiedot l\u00f6ytyv\u00e4t t\u00e4\u00e4lt\u00e4 <a href=\"https:\/\/www.incar.fi\/autokorjaamot\/\">https:\/\/www.incar.fi\/autokorjaamot\/<\/a>. Muut palkinnot postitetaan voittajille.&nbsp;<\/p>\n\n\n\n<p>Palkintojen viimeinen lunastusp\u00e4iv\u00e4 on 30.6.2026.<\/p>\n\n\n\n<h5 class=\"wp-block-heading\"><strong>J\u00e4rjest\u00e4j\u00e4n vastuu<\/strong><\/h5>\n\n\n\n<p>Palkinnon vastaanottaja vapauttaa J\u00e4rjest\u00e4j\u00e4n vastuusta, joka koskee vammaa tai vahinkoa, joka aiheutuu tai jonka v\u00e4itet\u00e4\u00e4n aiheutuneen osallistumisesta t\u00e4h\u00e4n arvontaan tai palkinnon vastaanottamiseen tai k\u00e4ytt\u00e4miseen. Arvonnan j\u00e4rjest\u00e4j\u00e4n vastuu osallistujia kohtaan ei voi miss\u00e4\u00e4n tilanteessa ylitt\u00e4\u00e4 n\u00e4iss\u00e4 s\u00e4\u00e4nn\u00f6iss\u00e4 mainittujen palkintojen arvoa tai m\u00e4\u00e4r\u00e4\u00e4.\u202f J\u00e4rjest\u00e4j\u00e4, arvonnan toteuttaja tai arvonnan yhteisty\u00f6kumppanit eiv\u00e4t vastaa mahdollisista painovirheist\u00e4, osallistujien yhteystiedoissa olevista virheist\u00e4 taikka tietoteknisist\u00e4 syist\u00e4 johtuvista esteist\u00e4 arvontaan osallistumisessa, palkinnon vastaanottamisessa tai sen k\u00e4ytt\u00e4misess\u00e4.\u202fEdell\u00e4 mainitut vastuunrajoitukset eiv\u00e4t rajoita sellaista korvausvelvollisuutta, jota ei voida poissulkea tai rajoittaa kuluttajansuojalains\u00e4\u00e4d\u00e4nn\u00f6n, tuotevastuulain tai muun pakottavan lains\u00e4\u00e4d\u00e4nn\u00f6n nojalla.<\/p>\n\n\n\n<h5 class=\"wp-block-heading\"><strong>Henkil\u00f6tietojen k\u00e4sittely<\/strong><\/h5>\n\n\n\n<p>Arvontaan osallistumisen yhteydess\u00e4 antamiasi henkil\u00f6tietoja k\u00e4sitell\u00e4\u00e4n soveltuvan tietosuojalains\u00e4\u00e4d\u00e4nn\u00f6n mukaisesti.<\/p>\n\n\n\n<h5 class=\"wp-block-heading\"><strong>Immateriaalioikeudet<\/strong><\/h5>\n\n\n\n<p>Oikeudet arvonnan toteuttamisessa k\u00e4ytettyyn materiaaliin ja siihen liittyviin immateriaalioikeuksiin kuuluvat J\u00e4rjest\u00e4j\u00e4lle. Kaiken arvontaan liittyv\u00e4n materiaalin k\u00e4ytt\u00f6 on kielletty ilman J\u00e4rjest\u00e4j\u00e4n kirjallista etuk\u00e4teislupaa.<\/p>\n\n\n\n<h5 class=\"wp-block-heading\"><strong>S\u00e4\u00e4nt\u00f6jen muutokset ja tulkinta<\/strong><\/h5>\n\n\n\n<p>J\u00e4rjest\u00e4j\u00e4 pid\u00e4tt\u00e4\u00e4 itsell\u00e4\u00e4n oikeuden s\u00e4\u00e4nt\u00f6muutoksiin. Mahdollisista s\u00e4\u00e4nt\u00f6muutoksista ilmoitetaan arvontaan liittyvill\u00e4 verkkosivuilla. J\u00e4rjest\u00e4j\u00e4 voi my\u00f6s oikaista tai muuttaa s\u00e4\u00e4nt\u00f6j\u00e4 mahdollisten paino- ja muiden virheiden korjaamiseksi arvontaan osallistumisajan aikana. Arvontas\u00e4\u00e4nt\u00f6jen soveltamiseen ja tulkintaan liittyv\u00e4t mahdolliset ep\u00e4selvyydet ratkaisee J\u00e4rjest\u00e4j\u00e4.<\/p>\n<\/div><button class=\"uagb-modal-popup-close\" aria-label=\"Close Modal\"><svg xmlns=\"https:\/\/www.w3.org\/2000\/svg\" viewBox=\"0 0 320 512\"><path d=\"M310.6 361.4c12.5 12.5 12.5 32.75 0 45.25C304.4 412.9 296.2 416 288 416s-16.38-3.125-22.62-9.375L160 301.3L54.63 406.6C48.38 412.9 40.19 416 32 416S15.63 412.9 9.375 406.6c-12.5-12.5-12.5-32.75 0-45.25l105.4-105.4L9.375 150.6c-12.5-12.5-12.5-32.75 0-45.25s32.75-12.5 45.25 0L160 210.8l105.4-105.4c12.5-12.5 32.75-12.5 45.25 0s12.5 32.75 0 45.25l-105.4 105.4L310.6 361.4z\"><\/path><\/svg><\/button><\/div><\/div><\/div>\n<\/div><\/div>\n\n\n\n<div id=\"palkinnot\" class=\"wp-block-uagb-container uagb-block-e896211b alignfull uagb-is-root-container\"><div class=\"uagb-container__shape uagb-container__shape-top\"><svg xmlns=\"https:\/\/www.w3.org\/2000\/svg\" viewBox=\"0 0 1000 100\" preserveAspectRatio=\"none\"><path class=\"uagb-container__shape-fill\" d=\"M761.9,44.1L643.1,27.2L333.8,98L0,3.8V0l1000,0v3.9\"><\/path><\/svg><\/div><div class=\"uagb-container-inner-blocks-wrap\">\n<div class=\"wp-block-uagb-separator uagb-block-784cb7db wp-block-uagb-separator--text\"><div class=\"wp-block-uagb-separator__inner\" style=\"--my-background-image:\"><div class=\"wp-block-uagb-separator-element\"><h4 class=\"uagb-html-tag\">Palkinnot<\/h4><\/div><\/div><\/div>\n\n\n\n<div class=\"wp-block-uagb-container uagb-block-6fc3a4b4\">\n<div class=\"wp-block-uagb-container uagb-block-e6c01471\">\n<div class=\"wp-block-uagb-container uagb-block-0ad94bbf\">\n<div class=\"wp-block-uagb-image aligncenter uagb-block-18da7107 wp-block-uagb-image--layout-default wp-block-uagb-image--effect-static wp-block-uagb-image--align-center\"><figure class=\"wp-block-uagb-image__figure\"><img decoding=\"async\" srcset=\"https:\/\/www.incar.fi\/media\/2026\/02\/Motonet-1.jpg ,https:\/\/www.incar.fi\/media\/2026\/02\/Motonet-1.jpg 780w, https:\/\/www.incar.fi\/media\/2026\/02\/Motonet-1.jpg 360w\" sizes=\"auto, (max-width: 480px) 150px\" src=\"https:\/\/www.incar.fi\/media\/2026\/02\/Motonet-1.jpg\" alt=\"InCar Lasikisa -kilpailun palkintona 500 euron Motonetin lahjakortti!\" class=\"uag-image-14218\" width=\"152\" height=\"152\" title=\"Motonet\" loading=\"lazy\" role=\"img\"\/><\/figure><\/div>\n<\/div>\n\n\n\n<h3 class=\"wp-block-heading has-text-align-center\">Motonet-lahjakortti<\/h3>\n\n\n\n<p class=\"has-text-align-center\">Osallistuneiden kesken arvotaan Motonetin lahjakortti arvoltaan 500 \u20ac.<\/p>\n\n\n\n<p class=\"has-text-align-center\"><strong><a href=\"https:\/\/www.motonet.fi\/\" title=\"Motonetin verkkosivut\">Motonetin verkkosivut<\/a><\/strong><\/p>\n<\/div>\n\n\n\n<div class=\"wp-block-uagb-container uagb-block-7a1382bc\">\n<div class=\"wp-block-uagb-container uagb-block-5e3b558f\">\n<div class=\"wp-block-uagb-image aligncenter uagb-block-2f5655c6 wp-block-uagb-image--layout-default wp-block-uagb-image--effect-static wp-block-uagb-image--align-center\"><figure class=\"wp-block-uagb-image__figure\"><img decoding=\"async\" srcset=\"https:\/\/www.incar.fi\/media\/2024\/02\/bosch-logo-400x400.jpg ,https:\/\/www.incar.fi\/media\/2024\/02\/bosch-logo.jpg 780w, https:\/\/www.incar.fi\/media\/2024\/02\/bosch-logo.jpg 360w\" sizes=\"auto, (max-width: 480px) 150px\" src=\"https:\/\/www.incar.fi\/media\/2024\/02\/bosch-logo-400x400.jpg\" alt=\"\" class=\"uag-image-9083\" width=\"125\" height=\"125\" title=\"\" loading=\"lazy\" role=\"img\"\/><\/figure><\/div>\n<\/div>\n\n\n\n<h3 class=\"wp-block-heading has-text-align-center\">Bosch-painepumppu<\/h3>\n\n\n\n<p class=\"has-text-align-center\">Lis\u00e4ksi arvotaan kolme kappaletta Bosch EasyPump akkuk\u00e4ytt\u00f6isi\u00e4 painepumppuja, arvoltaan 74,90 euroa kappale.<\/p>\n\n\n\n<p class=\"has-text-align-center\"><strong><a href=\"https:\/\/www.bosch-diy.com\/fi\/fi\/p\/easypump-0603947000\" target=\"_blank\" rel=\"noopener nofollow\" title=\"\">Tuotetietoa<\/a><\/strong><\/p>\n<\/div>\n<\/div>\n<\/div><\/div>\n\n\n\n<div id=\"video\" class=\"wp-block-uagb-container uagb-block-66bc4af5 alignfull uagb-is-root-container\"><div class=\"uagb-container__shape uagb-container__shape-top uagb-container__shape-flip\"><svg xmlns=\"https:\/\/www.w3.org\/2000\/svg\" viewBox=\"0 0 1000 100\" preserveAspectRatio=\"none\"><path class=\"uagb-container__shape-fill\" d=\"M761.9,44.1L643.1,27.2L333.8,98L0,3.8V0l1000,0v3.9\"><\/path><\/svg><\/div><div class=\"uagb-container__shape uagb-container__shape-bottom uagb-container__shape-flip uagb-container__invert\" data-negative=\"false\"><svg xmlns=\"https:\/\/www.w3.org\/2000\/svg\" viewBox=\"0 0 1000 100\" preserveAspectRatio=\"none\"><path class=\"uagb-container__shape-fill\" d=\"M761.9,44.1L643.1,27.2L333.8,98L0,3.8V0l1000,0v3.9\"><\/path><\/svg><\/div><div class=\"uagb-container-inner-blocks-wrap\">\n<div class=\"wp-block-uagb-separator uagb-block-4db1fc0e wp-block-uagb-separator--text\"><div class=\"wp-block-uagb-separator__inner\" style=\"--my-background-image:\"><div class=\"wp-block-uagb-separator-element\"><h4 class=\"uagb-html-tag\">Tsekkaa video<\/h4><\/div><\/div><\/div>\n\n\n\n<figure class=\"wp-block-video\"><video height=\"720\" style=\"aspect-ratio: 1280 \/ 720;\" width=\"1280\" controls poster=\"https:\/\/www.incar.fi\/media\/2026\/02\/ic-lasikisa-2026-video-poster-scaled.jpg\" src=\"https:\/\/www.incar.fi\/media\/2026\/02\/InCar_Miten_kavi_2026_15s_16x9sub.mp4.mp4\"><\/video><\/figure>\n<\/div><\/div>\n\n\n\n<div id=\"osallistu\" class=\"wp-block-uagb-container uagb-block-607168bb alignfull uagb-is-root-container\"><div class=\"uagb-container__shape uagb-container__shape-bottom uagb-container__invert\" data-negative=\"false\"><svg xmlns=\"https:\/\/www.w3.org\/2000\/svg\" viewBox=\"0 0 1000 100\" preserveAspectRatio=\"none\"><path class=\"uagb-container__shape-fill\" d=\"M761.9,44.1L643.1,27.2L333.8,98L0,3.8V0l1000,0v3.9\"><\/path><\/svg><\/div><div class=\"uagb-container-inner-blocks-wrap\">      \n\t\t\t<div class=\"uagb-icon-wrapper uagb-block-33203884      \"\n\t\t\tstyle=\"\" >\n\t\t\t\t\t\t\t\t\t<span class=\"uagb-svg-wrapper\" \n\t\t\t\t\t aria-label=\"angles-down\"\t\t\t\t\ttabindex=\"0\">\t\t\n\t\t\t\t\t\t\t\t\t\t<svg xmlns=\"https:\/\/www.w3.org\/2000\/svg\" viewBox= \"0 0 384 512\" role=\"graphics-symbol\" aria-hidden=\"false\" aria-label=\"\"><path d=\"M169.4 278.6C175.6 284.9 183.8 288 192 288s16.38-3.125 22.62-9.375l160-160c12.5-12.5 12.5-32.75 0-45.25s-32.75-12.5-45.25 0L192 210.8L54.63 73.38c-12.5-12.5-32.75-12.5-45.25 0s-12.5 32.75 0 45.25L169.4 278.6zM329.4 265.4L192 402.8L54.63 265.4c-12.5-12.5-32.75-12.5-45.25 0s-12.5 32.75 0 45.25l160 160C175.6 476.9 183.8 480 192 480s16.38-3.125 22.62-9.375l160-160c12.5-12.5 12.5-32.75 0-45.25S341.9 252.9 329.4 265.4z\"><\/path><\/svg>\n\t\t\t\t\t\t\t\t\t<\/span>\n\t\t\t\t\t\t\t<\/div>\n\t\t\t\n\n\n<div class=\"wp-block-uagb-separator uagb-block-75bca83e wp-block-uagb-separator--text\"><div class=\"wp-block-uagb-separator__inner\" style=\"--my-background-image:\"><div class=\"wp-block-uagb-separator-element\"><h4 class=\"uagb-html-tag\">Onnea arvontaan!<\/h4><\/div><\/div><\/div>\n\n\n<p>Osallistuminen InCar Lasikisaan on p\u00e4\u00e4ttynyt. Arvonta suoritetaan 4.5.2026, voittajille ilmoitetaan asiasta henkil\u00f6kohtaisesti. Kiit\u00e4mme kaikkia osallistujia!<\/p>\n<\/div><\/div>\n\n\n\n<p><\/p>\n","protected":false},"excerpt":{"rendered":"<p>Osallistu InCarin Lasikisaan! Suomen laajin autolasien korjausten palveluverkosto k\u00e4yt\u00f6ss\u00e4si Onko tuulilasissasi kiveniskem\u00e4 tai halkeama? Ei h\u00e4t\u00e4\u00e4, InCarin asiantunteva lasipalvelu on t\u00e4\u00e4ll\u00e4 auttamassa! Palvelumme kattaa kaiken tarvittavan \u2013 oli kyseess\u00e4 sitten [&hellip;]<\/p>\n","protected":false},"author":1,"featured_media":14239,"parent":0,"menu_order":0,"comment_status":"closed","ping_status":"closed","template":"","meta":{"_uag_custom_page_level_css":".gform-theme--foundation .gform_fields {\n    row-gap: 10px;\n    grid-row-gap: 10px;\n}\n\n\/*h3.gsection_title,\n.gfield--type-html {\n    color: var(--ast-global-color-5);\n}*\/\n\nlegend.gfield_label.gform-field-label {\n    font-weight: bold;\n}\n\nspan.gfield_required {\n    display: none !important;\n}\n\n.gform-theme--framework .gfield--type-section {\n    border: 0;\n}\n\n.gfield.gfield_html {\n\tfont-size: 16px;\n}\n\n.title-emphasis {\n\tdisplay: none;\n}\n\ninput#gform_next_button_63_3,\ninput#gform_next_button_63_53,\ninput#gform_next_button_63_54,\ninput#gform_next_button_63_55,\ninput#gform_next_button_63_56,\ninput#gform_next_button_63_57 {\n\tdisplay: none;\n}\n\n.gchoice {\nmargin-bottom: 10px !important;\nline-height: 1.2 !important;\n}","site-sidebar-layout":"default","site-content-layout":"","ast-site-content-layout":"full-width-container","site-content-style":"default","site-sidebar-style":"default","ast-global-header-display":"","ast-banner-title-visibility":"","ast-main-header-display":"","ast-hfb-above-header-display":"","ast-hfb-below-header-display":"","ast-hfb-mobile-header-display":"","site-post-title":"disabled","ast-breadcrumbs-content":"","ast-featured-img":"disabled","footer-sml-layout":"","ast-disable-related-posts":"","theme-transparent-header-meta":"disabled","adv-header-id-meta":"5781","stick-header-meta":"disabled","header-above-stick-meta":"","header-main-stick-meta":"","header-below-stick-meta":"","astra-migrate-meta-layouts":"set","ast-page-background-enabled":"default","ast-page-background-meta":{"desktop":{"background-color":"","background-image":"","background-repeat":"repeat","background-position":"center center","background-size":"auto","background-attachment":"scroll","background-type":"","background-media":"","overlay-type":"","overlay-color":"","overlay-opacity":"","overlay-gradient":""},"tablet":{"background-color":"","background-image":"","background-repeat":"repeat","background-position":"center center","background-size":"auto","background-attachment":"scroll","background-type":"","background-media":"","overlay-type":"","overlay-color":"","overlay-opacity":"","overlay-gradient":""},"mobile":{"background-color":"","background-image":"","background-repeat":"repeat","background-position":"center center","background-size":"auto","background-attachment":"scroll","background-type":"","background-media":"","overlay-type":"","overlay-color":"","overlay-opacity":"","overlay-gradient":""}},"ast-content-background-meta":{"desktop":{"background-color":"var(--ast-global-color-5)","background-image":"","background-repeat":"repeat","background-position":"center center","background-size":"auto","background-attachment":"scroll","background-type":"","background-media":"","overlay-type":"","overlay-color":"","overlay-opacity":"","overlay-gradient":""},"tablet":{"background-color":"var(--ast-global-color-5)","background-image":"","background-repeat":"repeat","background-position":"center center","background-size":"auto","background-attachment":"scroll","background-type":"","background-media":"","overlay-type":"","overlay-color":"","overlay-opacity":"","overlay-gradient":""},"mobile":{"background-color":"var(--ast-global-color-5)","background-image":"","background-repeat":"repeat","background-position":"center center","background-size":"auto","background-attachment":"scroll","background-type":"","background-media":"","overlay-type":"","overlay-color":"","overlay-opacity":"","overlay-gradient":""}},"footnotes":""},"class_list":["post-8951","page","type-page","status-publish","has-post-thumbnail","hentry"],"aioseo_notices":[],"uagb_featured_image_src":{"full":["https:\/\/www.incar.fi\/media\/2026\/02\/InCar_lasikisa2026_featured-800x400-1.jpg",800,400,false],"thumbnail":["https:\/\/www.incar.fi\/media\/2026\/02\/InCar_lasikisa2026_featured-800x400-1-400x200.jpg",400,200,true],"medium":["https:\/\/www.incar.fi\/media\/2026\/02\/InCar_lasikisa2026_featured-800x400-1.jpg",800,400,false],"medium_large":["https:\/\/www.incar.fi\/media\/2026\/02\/InCar_lasikisa2026_featured-800x400-1-768x384.jpg",768,384,true],"large":["https:\/\/www.incar.fi\/media\/2026\/02\/InCar_lasikisa2026_featured-800x400-1.jpg",800,400,false],"1536x1536":["https:\/\/www.incar.fi\/media\/2026\/02\/InCar_lasikisa2026_featured-800x400-1.jpg",800,400,false],"2048x2048":["https:\/\/www.incar.fi\/media\/2026\/02\/InCar_lasikisa2026_featured-800x400-1.jpg",800,400,false],"gform-image-choice-sm":["https:\/\/www.incar.fi\/media\/2026\/02\/InCar_lasikisa2026_featured-800x400-1.jpg",300,150,false],"gform-image-choice-md":["https:\/\/www.incar.fi\/media\/2026\/02\/InCar_lasikisa2026_featured-800x400-1.jpg",400,200,false],"gform-image-choice-lg":["https:\/\/www.incar.fi\/media\/2026\/02\/InCar_lasikisa2026_featured-800x400-1.jpg",600,300,false]},"uagb_author_info":{"display_name":"Lauri Aaltonen","author_link":"https:\/\/www.incar.fi\/en\/author\/servotuki\/"},"uagb_comment_info":0,"uagb_excerpt":"Osallistu InCarin Lasikisaan! Suomen laajin autolasien korjausten palveluverkosto k\u00e4yt\u00f6ss\u00e4si Onko tuulilasissasi kiveniskem\u00e4 tai halkeama? Ei h\u00e4t\u00e4\u00e4, InCarin asiantunteva lasipalvelu on t\u00e4\u00e4ll\u00e4 auttamassa! Palvelumme kattaa kaiken tarvittavan \u2013 oli kyseess\u00e4 sitten [&hellip;]","_links":{"self":[{"href":"https:\/\/www.incar.fi\/en\/wp-json\/wp\/v2\/pages\/8951","targetHints":{"allow":["GET"]}}],"collection":[{"href":"https:\/\/www.incar.fi\/en\/wp-json\/wp\/v2\/pages"}],"about":[{"href":"https:\/\/www.incar.fi\/en\/wp-json\/wp\/v2\/types\/page"}],"author":[{"embeddable":true,"href":"https:\/\/www.incar.fi\/en\/wp-json\/wp\/v2\/users\/1"}],"replies":[{"embeddable":true,"href":"https:\/\/www.incar.fi\/en\/wp-json\/wp\/v2\/comments?post=8951"}],"version-history":[{"count":130,"href":"https:\/\/www.incar.fi\/en\/wp-json\/wp\/v2\/pages\/8951\/revisions"}],"predecessor-version":[{"id":14277,"href":"https:\/\/www.incar.fi\/en\/wp-json\/wp\/v2\/pages\/8951\/revisions\/14277"}],"wp:featuredmedia":[{"embeddable":true,"href":"https:\/\/www.incar.fi\/en\/wp-json\/wp\/v2\/media\/14239"}],"wp:attachment":[{"href":"https:\/\/www.incar.fi\/en\/wp-json\/wp\/v2\/media?parent=8951"}],"curies":[{"name":"wp","href":"https:\/\/api.w.org\/{rel}","templated":true}]}}