{"id":11799,"date":"2017-11-12T12:05:15","date_gmt":"2017-11-12T10:05:15","guid":{"rendered":"https:\/\/www.incar.fi\/jobba-hos-oss\/"},"modified":"2025-09-07T22:26:09","modified_gmt":"2025-09-07T19:26:09","slug":"jobba-hos-oss","status":"publish","type":"page","link":"https:\/\/www.incar.fi\/sv\/jobba-hos-oss\/","title":{"rendered":"Jobba hos oss"},"content":{"rendered":"\n<h1 class=\"wp-block-heading\">En arbetsplats med \u00f6ver 500 stj\u00e4rnor<\/h1>\n\n<div class=\"wp-block-columns is-layout-flex wp-container-core-columns-is-layout-28f84493 wp-block-columns-is-layout-flex\">\n<div class=\"wp-block-column is-layout-flow wp-block-column-is-layout-flow\">\n<p>InCars historia b\u00f6rjar 1991 med ett finl\u00e4ndskt familjef\u00f6retag och en passion f\u00f6r att reparera, lackera och erbjuda glastj\u00e4nster \u2013 alltid med kompromissl\u00f6s yrkesskicklighet.<\/p>\n\n\n\n<p>Genom \u00e5ren har f\u00f6retaget vuxit tack vare motiverade medarbetare, f\u00f6r vilka InCar \u00e4r mer \u00e4n bara en arbetsplats. Det \u00e4r en sammansvetsad och familj\u00e4r gemenskap som tar hand om sina egna och g\u00f6r ett best\u00e5ende intryck p\u00e5 kunderna med sitt arbete, som pr\u00e4glas av yrkesstolthet och arbetsgl\u00e4dje. <\/p>\n\n\n\n<p><strong>I dag \u00e4r InCar Finlands ledande skadeverkstadskedja och en pionj\u00e4r inom branschens utveckling, d\u00e4r \u00f6ver 500 medarbetare f\u00e5r gl\u00e4nsa som experter p\u00e5 mer \u00e4n 60 verkst\u00e4der i 49 orter runtom i landet.<\/strong><\/p>\n\n\n\n<p>Vi tror fortfarande p\u00e5 att en arbetsgemenskap d\u00e4r alla f\u00e5r utrymme att utveckla sig sj\u00e4lva, sitt arbete och v\u00e5rt gemensamma samarbete \u2013 och d\u00e4r olika perspektiv v\u00e4rdes\u00e4tts \u2013 kan uppn\u00e5 vad som helst tillsammans!<\/p>\n<\/div>\n\n\n\n<div class=\"wp-block-column is-layout-flow wp-block-column-is-layout-flow\">\n<div class=\"wp-block-buttons is-layout-flex wp-container-core-buttons-is-layout-1c8af475 wp-block-buttons-is-layout-flex\">\n<div class=\"wp-block-button has-custom-width wp-block-button__width-75\"><a class=\"wp-block-button__link wp-element-button\" href=\"https:\/\/www.incar.fi\/toihin-meille\/avoimet-tyopaikat\/\">Lediga jobb<\/a><\/div>\n\n\n\n<div class=\"wp-block-button has-custom-width wp-block-button__width-75\"><a class=\"wp-block-button__link wp-element-button\" href=\"https:\/\/www.incar.fi\/tyopaikka\/avoin-hakemus-2025\/\">L\u00e4mna en \u00f6ppen ans\u00f6kan<\/a><\/div>\n\n\n\n<div class=\"wp-block-button has-custom-width wp-block-button__width-75\"><a class=\"wp-block-button__link wp-element-button\" href=\"https:\/\/www.incar.fi\/sv\/kategoria\/medarbetarberattelser\/\">Medarbetarnas ber\u00e4ttelser<\/a><\/div>\n\n\n\n<div class=\"wp-block-button has-custom-width wp-block-button__width-75\"><a class=\"wp-block-button__link wp-element-button\" href=\"https:\/\/www.incar.fi\/sv\/jobba-hos-oss\/incar-som-arbetsgivare\/\">InCar som arbetsgivare<\/a><\/div>\n<\/div>\n\n\n\n<div style=\"height:47px\" aria-hidden=\"true\" class=\"wp-block-spacer\"><\/div>\n\n\n\n<p><strong>Vill du s\u00e4tta ditt eget avtryck i v\u00e5r unika tillv\u00e4xtresa?<\/strong> Vi s\u00f6ker st\u00e4ndigt motiverade och serviceinriktade pl\u00e5tslagare, billackerare, glasmont\u00f6rer, arbetsledare, verkstadsmedarbetare och m\u00e5nga andra fordonsproffs till v\u00e5rt v\u00e4xande team. Se alla v\u00e5ra lediga jobb och bli en del av InCar-familjen! <\/p>\n<\/div>\n<\/div>\n","protected":false},"excerpt":{"rendered":"<p>En arbetsplats med \u00f6ver 500 stj\u00e4rnor InCars historia b\u00f6rjar 1991 med ett finl\u00e4ndskt familjef\u00f6retag och en passion f\u00f6r att reparera, lackera och erbjuda glastj\u00e4nster \u2013 alltid med kompromissl\u00f6s yrkesskicklighet. Genom [&hellip;]<\/p>\n","protected":false},"author":1,"featured_media":11803,"parent":0,"menu_order":42,"comment_status":"closed","ping_status":"closed","template":"","meta":{"_uag_custom_page_level_css":"","site-sidebar-layout":"default","site-content-layout":"default","ast-site-content-layout":"default","site-content-style":"default","site-sidebar-style":"default","ast-global-header-display":"","ast-banner-title-visibility":"","ast-main-header-display":"","ast-hfb-above-header-display":"","ast-hfb-below-header-display":"","ast-hfb-mobile-header-display":"","site-post-title":"","ast-breadcrumbs-content":"","ast-featured-img":"","footer-sml-layout":"","ast-disable-related-posts":"","theme-transparent-header-meta":"default","adv-header-id-meta":"3037","stick-header-meta":"default","header-above-stick-meta":"","header-main-stick-meta":"","header-below-stick-meta":"","astra-migrate-meta-layouts":"default","ast-page-background-enabled":"default","ast-page-background-meta":{"desktop":{"background-color":"","background-image":"","background-repeat":"repeat","background-position":"center center","background-size":"auto","background-attachment":"scroll","background-type":"","background-media":"","overlay-type":"","overlay-color":"","overlay-opacity":"","overlay-gradient":""},"tablet":{"background-color":"","background-image":"","background-repeat":"repeat","background-position":"center center","background-size":"auto","background-attachment":"scroll","background-type":"","background-media":"","overlay-type":"","overlay-color":"","overlay-opacity":"","overlay-gradient":""},"mobile":{"background-color":"","background-image":"","background-repeat":"repeat","background-position":"center center","background-size":"auto","background-attachment":"scroll","background-type":"","background-media":"","overlay-type":"","overlay-color":"","overlay-opacity":"","overlay-gradient":""}},"ast-content-background-meta":{"desktop":{"background-color":"var(--ast-global-color-5)","background-image":"","background-repeat":"repeat","background-position":"center center","background-size":"auto","background-attachment":"scroll","background-type":"","background-media":"","overlay-type":"","overlay-color":"","overlay-opacity":"","overlay-gradient":""},"tablet":{"background-color":"var(--ast-global-color-5)","background-image":"","background-repeat":"repeat","background-position":"center center","background-size":"auto","background-attachment":"scroll","background-type":"","background-media":"","overlay-type":"","overlay-color":"","overlay-opacity":"","overlay-gradient":""},"mobile":{"background-color":"var(--ast-global-color-5)","background-image":"","background-repeat":"repeat","background-position":"center center","background-size":"auto","background-attachment":"scroll","background-type":"","background-media":"","overlay-type":"","overlay-color":"","overlay-opacity":"","overlay-gradient":""}},"footnotes":""},"class_list":["post-11799","page","type-page","status-publish","has-post-thumbnail","hentry"],"aioseo_notices":[],"uagb_featured_image_src":{"full":["https:\/\/www.incar.fi\/media\/2022\/03\/Toihin_meille.jpg",1920,622,false],"thumbnail":["https:\/\/www.incar.fi\/media\/2022\/03\/Toihin_meille-400x130.jpg",400,130,true],"medium":["https:\/\/www.incar.fi\/media\/2022\/03\/Toihin_meille-800x259.jpg",800,259,true],"medium_large":["https:\/\/www.incar.fi\/media\/2022\/03\/Toihin_meille-768x249.jpg",768,249,true],"large":["https:\/\/www.incar.fi\/media\/2022\/03\/Toihin_meille-1200x389.jpg",1200,389,true],"1536x1536":["https:\/\/www.incar.fi\/media\/2022\/03\/Toihin_meille-1536x498.jpg",1536,498,true],"2048x2048":["https:\/\/www.incar.fi\/media\/2022\/03\/Toihin_meille.jpg",1920,622,false],"gform-image-choice-sm":["https:\/\/www.incar.fi\/media\/2022\/03\/Toihin_meille.jpg",300,97,false],"gform-image-choice-md":["https:\/\/www.incar.fi\/media\/2022\/03\/Toihin_meille.jpg",400,130,false],"gform-image-choice-lg":["https:\/\/www.incar.fi\/media\/2022\/03\/Toihin_meille.jpg",600,194,false]},"uagb_author_info":{"display_name":"Lauri Aaltonen","author_link":"https:\/\/www.incar.fi\/sv\/author\/servotuki\/"},"uagb_comment_info":0,"uagb_excerpt":"En arbetsplats med \u00f6ver 500 stj\u00e4rnor InCars historia b\u00f6rjar 1991 med ett finl\u00e4ndskt familjef\u00f6retag och en passion f\u00f6r att reparera, lackera och erbjuda glastj\u00e4nster \u2013 alltid med kompromissl\u00f6s yrkesskicklighet. Genom [&hellip;]","_links":{"self":[{"href":"https:\/\/www.incar.fi\/sv\/wp-json\/wp\/v2\/pages\/11799","targetHints":{"allow":["GET"]}}],"collection":[{"href":"https:\/\/www.incar.fi\/sv\/wp-json\/wp\/v2\/pages"}],"about":[{"href":"https:\/\/www.incar.fi\/sv\/wp-json\/wp\/v2\/types\/page"}],"author":[{"embeddable":true,"href":"https:\/\/www.incar.fi\/sv\/wp-json\/wp\/v2\/users\/1"}],"replies":[{"embeddable":true,"href":"https:\/\/www.incar.fi\/sv\/wp-json\/wp\/v2\/comments?post=11799"}],"version-history":[{"count":6,"href":"https:\/\/www.incar.fi\/sv\/wp-json\/wp\/v2\/pages\/11799\/revisions"}],"predecessor-version":[{"id":12060,"href":"https:\/\/www.incar.fi\/sv\/wp-json\/wp\/v2\/pages\/11799\/revisions\/12060"}],"wp:featuredmedia":[{"embeddable":true,"href":"https:\/\/www.incar.fi\/sv\/wp-json\/wp\/v2\/media\/11803"}],"wp:attachment":[{"href":"https:\/\/www.incar.fi\/sv\/wp-json\/wp\/v2\/media?parent=11799"}],"curies":[{"name":"wp","href":"https:\/\/api.w.org\/{rel}","templated":true}]}}