{"id":11837,"date":"2024-09-02T13:39:21","date_gmt":"2024-09-02T10:39:21","guid":{"rendered":"https:\/\/www.incar.fi\/valkommen-till-reparationen\/"},"modified":"2025-09-05T22:32:50","modified_gmt":"2025-09-05T19:32:50","slug":"valkommen-till-reparationen","status":"publish","type":"page","link":"https:\/\/www.incar.fi\/sv\/valkommen-till-reparationen\/","title":{"rendered":"V\u00e4lkommen till reparationen"},"content":{"rendered":"\n<div id=\"vinkit-asiointiin\" class=\"wp-block-uagb-container uagb-block-902dbd01 alignfull uagb-is-root-container\"><div class=\"uagb-container-inner-blocks-wrap\">\n<h1 class=\"wp-block-heading\">Vi v\u00e4lkomnar ditt fordon till reparation! <\/h1>\n\n\n\n<p>Vi har f\u00f6rberett ett informationspaket som ger dig tydlig information om din bilreparation. <\/p>\n\n\n\n<p>Du har f\u00e5tt en bekr\u00e4ftelse p\u00e5 reparationstiden via sms direkt vid bokningen. Dagen f\u00f6re reparationen f\u00e5r du en p\u00e5minnelse via sms. P\u00e5minnelsen inneh\u00e5ller ocks\u00e5 en l\u00e4nk d\u00e4r du kan f\u00f6lja hur reparationen av ditt fordon framskrider.   <\/p>\n\n\n\n<p>N\u00e4sta steg \u00e4r att l\u00e4mna in fordonet till oss f\u00f6r reparation. <\/p>\n\n\n<div class=\"wp-block-uagb-faq uagb-faq__outer-wrap uagb-block-5193334f uagb-faq-icon-row-reverse uagb-faq-layout-accordion uagb-faq-expand-first-false uagb-faq-inactive-other-true uagb-faq__wrap uagb-buttons-layout-wrap uagb-faq-equal-height     \" data-faqtoggle=\"true\" role=\"tablist\"><div class=\"wp-block-uagb-faq-child uagb-faq-child__outer-wrap uagb-faq-item uagb-block-c923df2d \" role=\"tab\" tabindex=\"0\"><div class=\"uagb-faq-questions-button uagb-faq-questions\">\t\t\t<span class=\"uagb-icon uagb-faq-icon-wrap\">\n\t\t\t\t\t\t\t\t<svg xmlns=\"https:\/\/www.w3.org\/2000\/svg\" viewBox= \"0 0 448 512\"><path d=\"M432 256c0 17.69-14.33 32.01-32 32.01H256v144c0 17.69-14.33 31.99-32 31.99s-32-14.3-32-31.99v-144H48c-17.67 0-32-14.32-32-32.01s14.33-31.99 32-31.99H192v-144c0-17.69 14.33-32.01 32-32.01s32 14.32 32 32.01v144h144C417.7 224 432 238.3 432 256z\"><\/path><\/svg>\n\t\t\t\t\t\t\t<\/span>\n\t\t\t\t\t\t<span class=\"uagb-icon-active uagb-faq-icon-wrap\">\n\t\t\t\t\t\t\t\t<svg xmlns=\"https:\/\/www.w3.org\/2000\/svg\" viewBox= \"0 0 448 512\"><path d=\"M400 288h-352c-17.69 0-32-14.32-32-32.01s14.31-31.99 32-31.99h352c17.69 0 32 14.3 32 31.99S417.7 288 400 288z\"><\/path><\/svg>\n\t\t\t\t\t\t\t<\/span>\n\t\t\t<span class=\"uagb-question\">Att l\u00e4mna in fordonet till verkstaden <\/span><\/div><div class=\"uagb-faq-content\"><p>F\u00f6rs\u00e4kringsbolaget har nu godk\u00e4nt reparationskalkylen och vi kan p\u00e5b\u00f6rja reparationsprocessen. Det betyder att vi har f\u00e5tt ett reparationstillst\u00e5nd. Tillst\u00e5ndet \u00e4r n\u00e5got annat \u00e4n f\u00f6rs\u00e4kringsbolagets ers\u00e4ttningsbeslut.   <br><br>V\u00e4gbeskrivning till InCar-verkstaden hittar du <a href=\"https:\/\/www.incar.fi\/autokorjaamot\/\" target=\"_blank\" rel=\"noreferrer noopener\">h\u00e4r<\/a>. P\u00e5 samma adress finns \u00e4ven \u00f6ppettider och kontaktuppgifter.  <br><br>Vi rekommenderar att du l\u00e4mnar in bilen p\u00e5 reparationsdagen vid den tidpunkt som anges i sms:et. Meddela oss om ditt schema \u00e4ndras. Om du vill l\u00e4mna in fordonet redan dagen innan, kom \u00f6verens med verkstaden. Om du l\u00e4mnar bilen utanf\u00f6r \u00f6ppettiderna kan du l\u00e4gga nycklarna i en l\u00e5st brevl\u00e5da \u2013 kom d\u00e5 ih\u00e5g att meddela oss genom att svara p\u00e5 sms:et.     <br><br>Om ditt fordon har levererats till verkstaden av en b\u00e4rgningsfirma, kontakta firman direkt f\u00f6r mer detaljerade kontaktuppgifter till verkstaden och f\u00f6r att komma i kontakt med oss. <\/p><\/div><\/div><div class=\"wp-block-uagb-faq-child uagb-faq-child__outer-wrap uagb-faq-item uagb-block-7342456f \" role=\"tab\" tabindex=\"0\"><div class=\"uagb-faq-questions-button uagb-faq-questions\">\t\t\t<span class=\"uagb-icon uagb-faq-icon-wrap\">\n\t\t\t\t\t\t\t\t<svg xmlns=\"https:\/\/www.w3.org\/2000\/svg\" viewBox= \"0 0 448 512\"><path d=\"M432 256c0 17.69-14.33 32.01-32 32.01H256v144c0 17.69-14.33 31.99-32 31.99s-32-14.3-32-31.99v-144H48c-17.67 0-32-14.32-32-32.01s14.33-31.99 32-31.99H192v-144c0-17.69 14.33-32.01 32-32.01s32 14.32 32 32.01v144h144C417.7 224 432 238.3 432 256z\"><\/path><\/svg>\n\t\t\t\t\t\t\t<\/span>\n\t\t\t\t\t\t<span class=\"uagb-icon-active uagb-faq-icon-wrap\">\n\t\t\t\t\t\t\t\t<svg xmlns=\"https:\/\/www.w3.org\/2000\/svg\" viewBox= \"0 0 448 512\"><path d=\"M400 288h-352c-17.69 0-32-14.32-32-32.01s14.31-31.99 32-31.99h352c17.69 0 32 14.3 32 31.99S417.7 288 400 288z\"><\/path><\/svg>\n\t\t\t\t\t\t\t<\/span>\n\t\t\t<span class=\"uagb-question\">Ber\u00e4knad reparationstid <\/span><\/div><div class=\"uagb-faq-content\"><p>N\u00e4r du l\u00e4mnar in ditt fordon kan den ber\u00e4knade reparationstiden komma att \u00e4ndras. Verkstaden diskuterar l\u00e4ngden med dig och ni best\u00e4mmer h\u00e4mtningstid. Tiden p\u00e5verkas bland annat av reservdelarnas tillg\u00e4nglighet och eventuella ytterligare skador som uppt\u00e4cks. Om h\u00e4mtningstiden \u00e4ndras kontaktar vi dig enligt \u00f6verenskommelse.    <\/p><\/div><\/div><div class=\"wp-block-uagb-faq-child uagb-faq-child__outer-wrap uagb-faq-item uagb-block-0bdda379 \" role=\"tab\" tabindex=\"0\"><div class=\"uagb-faq-questions-button uagb-faq-questions\">\t\t\t<span class=\"uagb-icon uagb-faq-icon-wrap\">\n\t\t\t\t\t\t\t\t<svg xmlns=\"https:\/\/www.w3.org\/2000\/svg\" viewBox= \"0 0 448 512\"><path d=\"M432 256c0 17.69-14.33 32.01-32 32.01H256v144c0 17.69-14.33 31.99-32 31.99s-32-14.3-32-31.99v-144H48c-17.67 0-32-14.32-32-32.01s14.33-31.99 32-31.99H192v-144c0-17.69 14.33-32.01 32-32.01s32 14.32 32 32.01v144h144C417.7 224 432 238.3 432 256z\"><\/path><\/svg>\n\t\t\t\t\t\t\t<\/span>\n\t\t\t\t\t\t<span class=\"uagb-icon-active uagb-faq-icon-wrap\">\n\t\t\t\t\t\t\t\t<svg xmlns=\"https:\/\/www.w3.org\/2000\/svg\" viewBox= \"0 0 448 512\"><path d=\"M400 288h-352c-17.69 0-32-14.32-32-32.01s14.31-31.99 32-31.99h352c17.69 0 32 14.3 32 31.99S417.7 288 400 288z\"><\/path><\/svg>\n\t\t\t\t\t\t\t<\/span>\n\t\t\t<span class=\"uagb-question\">Ers\u00e4ttningsbil under reparationen <\/span><\/div><div class=\"uagb-faq-content\"><p>Kontrollera med ditt f\u00f6rs\u00e4kringsbolag om f\u00f6rs\u00e4kringen t\u00e4cker en ers\u00e4ttningsbil och p\u00e5 vilka villkor. Om behovet inte redan avtalats vid skadebesiktningen, ordna det snarast m\u00f6jligt med verkstaden f\u00f6re reparationen.  <br>Hyreskostnaden f\u00f6r ers\u00e4ttningsbil kan t\u00e4ckas av trafikf\u00f6rs\u00e4kringen om behovet anses motiverat, till exempel av yrkesm\u00e4ssiga sk\u00e4l. Diskutera alltid behovet med ditt f\u00f6rs\u00e4kringsbolag.<br><br>Ers\u00e4ttningsbil kan f\u00e5s under reparationstiden, men inte vid sj\u00e4lva skadebesiktningen.<br>F\u00f6r mer information om ers\u00e4ttningsbilen, klicka <a href=\"https:\/\/www.incar.fi\/palvelut\/sijaisauto\/\" target=\"_blank\" rel=\"noreferrer noopener\">h\u00e4r<\/a>.<br><br>Om reparationen blir f\u00f6rsenad och du har ers\u00e4ttningsbil, kommer vi \u00f6verens med dig om dess anv\u00e4ndning under f\u00f6rseningen.  <\/p><\/div><\/div><div class=\"wp-block-uagb-faq-child uagb-faq-child__outer-wrap uagb-faq-item uagb-block-5608e376 \" role=\"tab\" tabindex=\"0\"><div class=\"uagb-faq-questions-button uagb-faq-questions\">\t\t\t<span class=\"uagb-icon uagb-faq-icon-wrap\">\n\t\t\t\t\t\t\t\t<svg xmlns=\"https:\/\/www.w3.org\/2000\/svg\" viewBox= \"0 0 448 512\"><path d=\"M432 256c0 17.69-14.33 32.01-32 32.01H256v144c0 17.69-14.33 31.99-32 31.99s-32-14.3-32-31.99v-144H48c-17.67 0-32-14.32-32-32.01s14.33-31.99 32-31.99H192v-144c0-17.69 14.33-32.01 32-32.01s32 14.32 32 32.01v144h144C417.7 224 432 238.3 432 256z\"><\/path><\/svg>\n\t\t\t\t\t\t\t<\/span>\n\t\t\t\t\t\t<span class=\"uagb-icon-active uagb-faq-icon-wrap\">\n\t\t\t\t\t\t\t\t<svg xmlns=\"https:\/\/www.w3.org\/2000\/svg\" viewBox= \"0 0 448 512\"><path d=\"M400 288h-352c-17.69 0-32-14.32-32-32.01s14.31-31.99 32-31.99h352c17.69 0 32 14.3 32 31.99S417.7 288 400 288z\"><\/path><\/svg>\n\t\t\t\t\t\t\t<\/span>\n\t\t\t<span class=\"uagb-question\">Kommunikation under reparationen <\/span><\/div><div class=\"uagb-faq-content\"><p>Du kan f\u00f6lja reparationens g\u00e5ng via en l\u00e4nk i sms:et du f\u00e5tt. Vi meddelar ocks\u00e5 via sms n\u00e4r ditt fordon \u00e4r f\u00e4rdigt f\u00f6r upph\u00e4mtning.  <br><br>Vi kontaktar dig om n\u00e5got uppst\u00e5r som p\u00e5verkar reparationen eller h\u00e4mtningsdatumet. <br><br>Vill du ha mer information under reparationen kan du kontakta oss:<br>-Via sms: svara p\u00e5 det meddelande du f\u00e5tt (numret kan inte ringas).<br>-Via telefon eller e-post: <a href=\"https:\/\/www.incar.fi\/autokorjaamot\/\" target=\"_blank\" rel=\"noreferrer noopener\">h\u00e4r <\/a>hittar du verkstadens direkta kontaktuppgifter.<br><br>Nu kan du i lugn och ro v\u00e4nta, trygg i vetskapen om att ditt fordon \u00e4r i goda h\u00e4nder.  <\/p><\/div><\/div><div class=\"wp-block-uagb-faq-child uagb-faq-child__outer-wrap uagb-faq-item uagb-block-e30aaae2 \" role=\"tab\" tabindex=\"0\"><div class=\"uagb-faq-questions-button uagb-faq-questions\">\t\t\t<span class=\"uagb-icon uagb-faq-icon-wrap\">\n\t\t\t\t\t\t\t\t<svg xmlns=\"https:\/\/www.w3.org\/2000\/svg\" viewBox= \"0 0 448 512\"><path d=\"M432 256c0 17.69-14.33 32.01-32 32.01H256v144c0 17.69-14.33 31.99-32 31.99s-32-14.3-32-31.99v-144H48c-17.67 0-32-14.32-32-32.01s14.33-31.99 32-31.99H192v-144c0-17.69 14.33-32.01 32-32.01s32 14.32 32 32.01v144h144C417.7 224 432 238.3 432 256z\"><\/path><\/svg>\n\t\t\t\t\t\t\t<\/span>\n\t\t\t\t\t\t<span class=\"uagb-icon-active uagb-faq-icon-wrap\">\n\t\t\t\t\t\t\t\t<svg xmlns=\"https:\/\/www.w3.org\/2000\/svg\" viewBox= \"0 0 448 512\"><path d=\"M400 288h-352c-17.69 0-32-14.32-32-32.01s14.31-31.99 32-31.99h352c17.69 0 32 14.3 32 31.99S417.7 288 400 288z\"><\/path><\/svg>\n\t\t\t\t\t\t\t<\/span>\n\t\t\t<span class=\"uagb-question\">Upph\u00e4mtning av fordonet och \u00e5terl\u00e4mning av ers\u00e4ttningsbilen <\/span><\/div><div class=\"uagb-faq-content\"><p>Vi skickar ett sms n\u00e4r ditt fordon \u00e4r redo f\u00f6r upph\u00e4mtning. Du kan h\u00e4mta det under verkstadens \u00f6ppettider. Vi tar emot dig i god tid innan st\u00e4ngning f\u00f6r att g\u00e5 igenom \u00e5tg\u00e4rderna. Om du inte kan h\u00e4mta f\u00f6rr\u00e4n n\u00e4sta arbetsdag, kontakta verkstaden eller v\u00e5r kundtj\u00e4nst.     <br><br>Ers\u00e4ttningsbilen l\u00e4mnas tillbaka med full tank enligt leverant\u00f6rens villkor. <\/p><\/div><\/div><div class=\"wp-block-uagb-faq-child uagb-faq-child__outer-wrap uagb-faq-item uagb-block-6da55211 \" role=\"tab\" tabindex=\"0\"><div class=\"uagb-faq-questions-button uagb-faq-questions\">\t\t\t<span class=\"uagb-icon uagb-faq-icon-wrap\">\n\t\t\t\t\t\t\t\t<svg xmlns=\"https:\/\/www.w3.org\/2000\/svg\" viewBox= \"0 0 448 512\"><path d=\"M432 256c0 17.69-14.33 32.01-32 32.01H256v144c0 17.69-14.33 31.99-32 31.99s-32-14.3-32-31.99v-144H48c-17.67 0-32-14.32-32-32.01s14.33-31.99 32-31.99H192v-144c0-17.69 14.33-32.01 32-32.01s32 14.32 32 32.01v144h144C417.7 224 432 238.3 432 256z\"><\/path><\/svg>\n\t\t\t\t\t\t\t<\/span>\n\t\t\t\t\t\t<span class=\"uagb-icon-active uagb-faq-icon-wrap\">\n\t\t\t\t\t\t\t\t<svg xmlns=\"https:\/\/www.w3.org\/2000\/svg\" viewBox= \"0 0 448 512\"><path d=\"M400 288h-352c-17.69 0-32-14.32-32-32.01s14.31-31.99 32-31.99h352c17.69 0 32 14.3 32 31.99S417.7 288 400 288z\"><\/path><\/svg>\n\t\t\t\t\t\t\t<\/span>\n\t\t\t<span class=\"uagb-question\">Fixa allt p\u00e5 en g\u00e5ng <\/span><\/div><div class=\"uagb-faq-content\"><p>Vi g\u00f6r v\u00e5rt b\u00e4sta f\u00f6r att reparera fordonet direkt. Ibland beh\u00f6ver vi v\u00e4nta p\u00e5 reservdelar eller avsluta arbetet senare av andra sk\u00e4l. Vi vill \u00e4nd\u00e5 underl\u00e4tta din vardag och l\u00e5nar tillbaka bilen om den \u00e4r s\u00e4ker att k\u00f6ra. N\u00e4r delarna kommit eller det annars \u00e4r m\u00f6jligt, kallar vi in bilen f\u00f6r slutf\u00f6rande av reparationen.    <\/p><\/div><\/div><div class=\"wp-block-uagb-faq-child uagb-faq-child__outer-wrap uagb-faq-item uagb-block-d16b3907 \" role=\"tab\" tabindex=\"0\"><div class=\"uagb-faq-questions-button uagb-faq-questions\">\t\t\t<span class=\"uagb-icon uagb-faq-icon-wrap\">\n\t\t\t\t\t\t\t\t<svg xmlns=\"https:\/\/www.w3.org\/2000\/svg\" viewBox= \"0 0 448 512\"><path d=\"M432 256c0 17.69-14.33 32.01-32 32.01H256v144c0 17.69-14.33 31.99-32 31.99s-32-14.3-32-31.99v-144H48c-17.67 0-32-14.32-32-32.01s14.33-31.99 32-31.99H192v-144c0-17.69 14.33-32.01 32-32.01s32 14.32 32 32.01v144h144C417.7 224 432 238.3 432 256z\"><\/path><\/svg>\n\t\t\t\t\t\t\t<\/span>\n\t\t\t\t\t\t<span class=\"uagb-icon-active uagb-faq-icon-wrap\">\n\t\t\t\t\t\t\t\t<svg xmlns=\"https:\/\/www.w3.org\/2000\/svg\" viewBox= \"0 0 448 512\"><path d=\"M400 288h-352c-17.69 0-32-14.32-32-32.01s14.31-31.99 32-31.99h352c17.69 0 32 14.3 32 31.99S417.7 288 400 288z\"><\/path><\/svg>\n\t\t\t\t\t\t\t<\/span>\n\t\t\t<span class=\"uagb-question\">Reparationskostnader och betalningsmetoder <\/span><\/div><div class=\"uagb-faq-content\"><p>Vid skadebesiktningen uppr\u00e4ttas en arbetsorder och en reparationskalkyl. Du ombeds granska och underteckna reparationsplanen, vilket ger oss tillst\u00e5nd att p\u00e5b\u00f6rja arbetet.  <br><br>Det finns olika s\u00e4tt att t\u00e4cka kostnaderna. Om f\u00f6rs\u00e4kringsbolaget godk\u00e4nt kalkylen debiteras du sj\u00e4lvrisk och vi fakturerar bolaget f\u00f6r resten. Vill du st\u00e5 f\u00f6r kostnaden sj\u00e4lv blir den densamma som i kalkylen till f\u00f6rs\u00e4kringsbolaget.   <br><br>Sj\u00e4lvrisken betalas n\u00e4r du h\u00e4mtar bilen. Vi accepterar betal- och kreditkort. Vi erbjuder ocks\u00e5 InCar-finansiering \u2013 beslutet m\u00e5ste vara klart vid upph\u00e4mtning. F\u00f6r mer information, klicka <a href=\"https:\/\/www.incar.fi\/palvelut\/incar-rahoitus\/\" target=\"_blank\" rel=\"noreferrer noopener\">h\u00e4r<\/a>.    <br><br>F\u00f6retagskunder kan \u00f6ppna kundkonto s\u00e5 att kostnader faktureras. Avtalet utf\u00e4rdas enligt v\u00e5ra kreditvillkor.  <\/p><\/div><\/div><div class=\"wp-block-uagb-faq-child uagb-faq-child__outer-wrap uagb-faq-item uagb-block-c252a90c \" role=\"tab\" tabindex=\"0\"><div class=\"uagb-faq-questions-button uagb-faq-questions\">\t\t\t<span class=\"uagb-icon uagb-faq-icon-wrap\">\n\t\t\t\t\t\t\t\t<svg xmlns=\"https:\/\/www.w3.org\/2000\/svg\" viewBox= \"0 0 448 512\"><path d=\"M432 256c0 17.69-14.33 32.01-32 32.01H256v144c0 17.69-14.33 31.99-32 31.99s-32-14.3-32-31.99v-144H48c-17.67 0-32-14.32-32-32.01s14.33-31.99 32-31.99H192v-144c0-17.69 14.33-32.01 32-32.01s32 14.32 32 32.01v144h144C417.7 224 432 238.3 432 256z\"><\/path><\/svg>\n\t\t\t\t\t\t\t<\/span>\n\t\t\t\t\t\t<span class=\"uagb-icon-active uagb-faq-icon-wrap\">\n\t\t\t\t\t\t\t\t<svg xmlns=\"https:\/\/www.w3.org\/2000\/svg\" viewBox= \"0 0 448 512\"><path d=\"M400 288h-352c-17.69 0-32-14.32-32-32.01s14.31-31.99 32-31.99h352c17.69 0 32 14.3 32 31.99S417.7 288 400 288z\"><\/path><\/svg>\n\t\t\t\t\t\t\t<\/span>\n\t\t\t<span class=\"uagb-question\">\u00c4ndring av reparationstid <\/span><\/div><div class=\"uagb-faq-content\"><p>Vill du \u00e4ndra tiden, kontakta verkstaden direkt via telefon. <a href=\"https:\/\/www.incar.fi\/autokorjaamot\/\" target=\"_blank\" rel=\"noreferrer noopener\">H\u00e4r <\/a>hittar du deras kontaktuppgifter. Eventuella kostnader f\u00f6r avbruten arbetsorder debiteras kunden.   <\/p><\/div><\/div><\/div>\n\n\n<div style=\"height:20px\" aria-hidden=\"true\" class=\"wp-block-spacer\"><\/div>\n\n\n\n<h2 class=\"wp-block-heading\">Mer information<\/h2>\n\n\n\n<div class=\"wp-block-buttons is-layout-flex wp-block-buttons-is-layout-flex\">\n<div class=\"wp-block-button\"><a class=\"wp-block-button__link wp-element-button\" href=\"https:\/\/www.incar.fi\/sv\/verkstader\/\">Verkst\u00e4dernas kontaktuppgifter<\/a><\/div>\n<\/div>\n<\/div><\/div>\n\n<div id=\"kolahtiko\" class=\"wp-block-uagb-container uagb-block-6e7005f3 alignfull uagb-is-root-container\"><div class=\"uagb-container-inner-blocks-wrap\">\n<div class=\"wp-block-columns is-layout-flex wp-container-core-columns-is-layout-28f84493 wp-block-columns-is-layout-flex\">\n<div class=\"wp-block-column is-layout-flow wp-block-column-is-layout-flow\">\n<h2 class=\"wp-block-heading has-text-align-left\" id=\"kolahtiko\">Har du r\u00e5kat ut f\u00f6r en krock?<\/h2>\n\n\n\n<p>I dag \u00e4r InCar Finlands ledande skadeverkstadskedja och en f\u00f6reg\u00e5ngare i branschen, med \u00f6ver <strong>500 <\/strong>medarbetare p\u00e5 mer \u00e4n <strong>60 <\/strong>orter runtom i landet.<br\/><br\/>V\u00e5rt m\u00e5l \u00e4r att minska den irritation och stress som bilister upplever vid och efter en skada. Det l\u00e5ter kanske om\u00f6jligt, men vi r\u00e4tar ut bucklor \u2013 i b\u00e5de bilar och bransch \u2013 varje dag. <\/p>\n<\/div>\n\n\n\n<div class=\"wp-block-column is-vertically-aligned-center is-layout-flow wp-block-column-is-layout-flow\">\n<figure class=\"wp-block-image size-full\"><img decoding=\"async\" width=\"786\" height=\"524\" src=\"https:\/\/www.incar.fi\/media\/2017\/11\/InCar-vauriokorjauksen-edellakavija.png\" alt=\"InCar bilverkstad &#x2013; Skadebesiktning, kollisionreparation och vindrutetj&#xE4;nster. Boka tid! \" class=\"wp-image-10956\" srcset=\"https:\/\/www.incar.fi\/media\/2017\/11\/InCar-vauriokorjauksen-edellakavija.png 786w, https:\/\/www.incar.fi\/media\/2017\/11\/InCar-vauriokorjauksen-edellakavija-400x267.png 400w, https:\/\/www.incar.fi\/media\/2017\/11\/InCar-vauriokorjauksen-edellakavija-768x512.png 768w\" sizes=\"(max-width: 786px) 100vw, 786px\" \/><\/figure>\n<\/div>\n<\/div>\n<\/div><\/div>\n","protected":false},"excerpt":{"rendered":"<p>Vi v\u00e4lkomnar ditt fordon till reparation! Vi har f\u00f6rberett ett informationspaket som ger dig tydlig information om din bilreparation. Du har f\u00e5tt en bekr\u00e4ftelse p\u00e5 reparationstiden via sms direkt vid [&hellip;]<\/p>\n","protected":false},"author":81,"featured_media":0,"parent":0,"menu_order":0,"comment_status":"closed","ping_status":"closed","template":"","meta":{"_uag_custom_page_level_css":"","site-sidebar-layout":"default","site-content-layout":"","ast-site-content-layout":"full-width-container","site-content-style":"default","site-sidebar-style":"default","ast-global-header-display":"","ast-banner-title-visibility":"","ast-main-header-display":"","ast-hfb-above-header-display":"","ast-hfb-below-header-display":"","ast-hfb-mobile-header-display":"","site-post-title":"disabled","ast-breadcrumbs-content":"","ast-featured-img":"","footer-sml-layout":"","ast-disable-related-posts":"","theme-transparent-header-meta":"disabled","adv-header-id-meta":"5781","stick-header-meta":"disabled","header-above-stick-meta":"","header-main-stick-meta":"","header-below-stick-meta":"","astra-migrate-meta-layouts":"default","ast-page-background-enabled":"default","ast-page-background-meta":{"desktop":{"background-color":"","background-image":"","background-repeat":"repeat","background-position":"center center","background-size":"auto","background-attachment":"scroll","background-type":"","background-media":"","overlay-type":"","overlay-color":"","overlay-opacity":"","overlay-gradient":""},"tablet":{"background-color":"","background-image":"","background-repeat":"repeat","background-position":"center center","background-size":"auto","background-attachment":"scroll","background-type":"","background-media":"","overlay-type":"","overlay-color":"","overlay-opacity":"","overlay-gradient":""},"mobile":{"background-color":"","background-image":"","background-repeat":"repeat","background-position":"center center","background-size":"auto","background-attachment":"scroll","background-type":"","background-media":"","overlay-type":"","overlay-color":"","overlay-opacity":"","overlay-gradient":""}},"ast-content-background-meta":{"desktop":{"background-color":"var(--ast-global-color-5)","background-image":"","background-repeat":"repeat","background-position":"center center","background-size":"auto","background-attachment":"scroll","background-type":"","background-media":"","overlay-type":"","overlay-color":"","overlay-opacity":"","overlay-gradient":""},"tablet":{"background-color":"var(--ast-global-color-5)","background-image":"","background-repeat":"repeat","background-position":"center center","background-size":"auto","background-attachment":"scroll","background-type":"","background-media":"","overlay-type":"","overlay-color":"","overlay-opacity":"","overlay-gradient":""},"mobile":{"background-color":"var(--ast-global-color-5)","background-image":"","background-repeat":"repeat","background-position":"center center","background-size":"auto","background-attachment":"scroll","background-type":"","background-media":"","overlay-type":"","overlay-color":"","overlay-opacity":"","overlay-gradient":""}},"footnotes":""},"class_list":["post-11837","page","type-page","status-publish","hentry"],"aioseo_notices":[],"uagb_featured_image_src":{"full":false,"thumbnail":false,"medium":false,"medium_large":false,"large":false,"1536x1536":false,"2048x2048":false,"gform-image-choice-sm":false,"gform-image-choice-md":false,"gform-image-choice-lg":false},"uagb_author_info":{"display_name":"Marika Karppi","author_link":"https:\/\/www.incar.fi\/sv\/author\/marika-karppi\/"},"uagb_comment_info":0,"uagb_excerpt":"Vi v\u00e4lkomnar ditt fordon till reparation! Vi har f\u00f6rberett ett informationspaket som ger dig tydlig information om din bilreparation. Du har f\u00e5tt en bekr\u00e4ftelse p\u00e5 reparationstiden via sms direkt vid [&hellip;]","_links":{"self":[{"href":"https:\/\/www.incar.fi\/sv\/wp-json\/wp\/v2\/pages\/11837","targetHints":{"allow":["GET"]}}],"collection":[{"href":"https:\/\/www.incar.fi\/sv\/wp-json\/wp\/v2\/pages"}],"about":[{"href":"https:\/\/www.incar.fi\/sv\/wp-json\/wp\/v2\/types\/page"}],"author":[{"embeddable":true,"href":"https:\/\/www.incar.fi\/sv\/wp-json\/wp\/v2\/users\/81"}],"replies":[{"embeddable":true,"href":"https:\/\/www.incar.fi\/sv\/wp-json\/wp\/v2\/comments?post=11837"}],"version-history":[{"count":1,"href":"https:\/\/www.incar.fi\/sv\/wp-json\/wp\/v2\/pages\/11837\/revisions"}],"predecessor-version":[{"id":11838,"href":"https:\/\/www.incar.fi\/sv\/wp-json\/wp\/v2\/pages\/11837\/revisions\/11838"}],"wp:attachment":[{"href":"https:\/\/www.incar.fi\/sv\/wp-json\/wp\/v2\/media?parent=11837"}],"curies":[{"name":"wp","href":"https:\/\/api.w.org\/{rel}","templated":true}]}}