{"id":12018,"date":"2019-09-27T15:10:40","date_gmt":"2019-09-27T12:10:40","guid":{"rendered":"https:\/\/www.incar.fi\/incar-academy-2\/"},"modified":"2025-09-07T20:47:57","modified_gmt":"2025-09-07T17:47:57","slug":"incar-academy-2","status":"publish","type":"page","link":"https:\/\/www.incar.fi\/sv\/incar-academy-2\/","title":{"rendered":"InCar Academy"},"content":{"rendered":"\n<h1 class=\"wp-block-heading\">InCar Academy \u2013 Kompetens f\u00f6r framtiden<\/h1>\n\n<p>InCar Academy i Vanda, \u00e4r ett unikt utbildningsprogram som \u00e4r utformat f\u00f6r att m\u00f6ta de f\u00f6r\u00e4ndrade behoven och kompetensbristen inom fordonsbranschen. Det kombinerar teori och praktisk inl\u00e4rning och ger personer med grundexamen inom fordonsomr\u00e5det m\u00f6jlighet att utveckla sina f\u00e4rdigheter och f\u00e5 trygghet i arbetslivet. De som utexamineras fr\u00e5n Academy \u00e4r redo att m\u00f6ta dagens krav och teknologier i branschen.  <\/p>\n\n<h2 class=\"wp-block-heading\">Varf\u00f6r skapades InCar Academy?<\/h2>\n\n<p>Fordonsbranschen genomg\u00e5r stora f\u00f6r\u00e4ndringar och nya yrkespersoner beh\u00f6vs akut. Tekniska framsteg, \u00f6kningen av elbilar och digitaliseringen har f\u00f6r\u00e4ndrat verkstadsarbetet och h\u00f6jt kompetenskraven. InCar Academy \u00e4r svaret p\u00e5 denna utmaning: den f\u00f6r in nya proffs i branschen som beh\u00e4rskar b\u00e5de traditionella hantverkskunskaper och den senaste tekniken.  <\/p>\n\n<p>Samtidigt erbjuder Academy en l\u00f6sning f\u00f6r dem som har varit borta fr\u00e5n branschen och beh\u00f6ver en uppfr\u00e4schning och introduktion innan de \u00e5terv\u00e4nder till verkstadsarbetet. Denna utbildning med l\u00e5g tr\u00f6skel riktar sig s\u00e4rskilt till dem som vill st\u00e4rka sina f\u00e4rdigheter och \u00e5terintr\u00e4da i branschen med sj\u00e4lvf\u00f6rtroende. <\/p>\n\n<h2 class=\"wp-block-heading\">F\u00f6rdelarna med InCar Academy<\/h2>\n\n<ul class=\"wp-block-list\">\n<li><strong>Betald utbildning<\/strong>: anst\u00e4llda studenter f\u00e5r l\u00f6n under utbildningen, vilket g\u00f6r l\u00e4randet ekonomiskt stabilt.<\/li>\n\n\n\n<li><strong>Aktuell kunskap<\/strong>: programmet omfattar de senaste arbetsmetoderna, utrustningen och rutinerna.<\/li>\n\n\n\n<li><strong>Fasta jobb<\/strong>: de som utexamineras g\u00e5r direkt vidare till fast anst\u00e4llning p\u00e5 InCar-verkst\u00e4der runtom i Finland.<\/li>\n\n\n\n<li><strong>En ny start p\u00e5 karri\u00e4ren<\/strong>: en utm\u00e4rkt v\u00e4g f\u00f6r dem som vill \u00e5terv\u00e4nda till branschen efter ett uppeh\u00e5ll eller f\u00f6rdjupa sina befintliga kunskaper.<\/li>\n\n\n\n<li><strong>Praktik fr\u00e5n en utbildningsinstitution<\/strong>: efter praktiken finns m\u00f6jlighet att f\u00f6rdjupa kunskaperna via ett l\u00e4rlingskontrakt.<\/li>\n\n\n\n<li><strong>M\u00f6jlighet till sommarjobb<\/strong>: genom att fullf\u00f6lja praktiken \u00f6ppnas \u00e4ven d\u00f6rren till sommarjobb vid sidan av InCars proffs.<\/li>\n<\/ul>\n\n<h2 class=\"wp-block-heading\">InCar Academy \u2013 mer \u00e4n bara utbildning<\/h2>\n\n<p>InCar Academy \u00e4r mycket mer \u00e4n en l\u00e4rmilj\u00f6 \u2013 det \u00e4r en plattform f\u00f6r professionell utveckling och karri\u00e4rbyggande. Akademin syftar till att hj\u00e4lpa dig att v\u00e4xa till en topprofessionell inom fordonsbranschen och ger m\u00f6jlighet att utf\u00f6ra meningsfullt arbete i en sektor d\u00e4r din kompetens beh\u00f6vs. <\/p>\n\n<p>Vi investerar ocks\u00e5 i v\u00e5ra medarbetares kontinuerliga utveckling. InCar Academy erbjuder interna utbildningar och arrangerar skr\u00e4ddarsydda kurser f\u00f6r att h\u00e5lla personalen uppdaterad med de senaste trenderna och teknologierna. Vi anv\u00e4nder oss av b\u00e5de v\u00e5r egen personals expertis och v\u00e5ra samarbetspartners kunnande i utformningen av utbildningar och kurser.  <\/p>\n\n<p>V\u00e5ra utbildningsprogram \u00e4r utformade f\u00f6r att st\u00e4rka personalens kompetens och s\u00e4kerst\u00e4lla att vi alltid har de b\u00e4sta yrkespersonerna i branschen. InCar Academy har \u00e5tagit sig att st\u00f6tta b\u00e5de nya och erfarna medarbetare p\u00e5 deras resa mot \u00f6kad expertis. <\/p>\n\n<h2 class=\"wp-block-heading\">Har du r\u00e5kat ut f\u00f6r en krock?<\/h2>\n\n<p>V\u00e5r Training Manager Mika Oinonen ber\u00e4ttar g\u00e4rna mer om InCar Academy och om oss. Kontakta <a href=\"mailto:mika.oinonen@incar.fi\">mika.oinonen@incar.fi<\/a> och l\u00e5t oss prata mer! <br\/><br\/><strong>InCar Academy<br\/><\/strong>\u00c4ngsv\u00e4gen 33 B<br\/>01300 Vanda<\/p>\n\n<h2 class=\"wp-block-heading\">Kolla in dessa<\/h2>\n\n\t\n<div class=\"featured-items\">\n\t\n\t\n\t\t<a href=\"https:\/\/www.incar.fi\/sv\/2024\/05\/uusi-koulutuskorjaamo-tuo-kipeasti-kaivattua-tyovoimaa-autonkorjausalalle\/\">\n<div class=\"fp-featured box-shadow\">\n  <div class=\"featured-image bg-position\" style=\"background-image: url(https:\/\/www.incar.fi\/media\/2024\/05\/InCar_koulutuskorjaamo_1920x1080_4-2-800x450.jpg);\"><\/div>\n  <div class=\"service-name tp15 bp15 double-gutter text-bold\">\n    \n    \n      Uusi koulutuskorjaamo tuo kipe\u00e4sti kaivattua ty\u00f6voimaa autonkorjausalalle\n    \n  <\/div>\n<\/div>\n<\/a>\n\t\n\t\n<\/div>  \n\t\n\t\n\n\n","protected":false},"excerpt":{"rendered":"<p>InCar Academy \u2013 Kompetens f\u00f6r framtiden InCar Academy i Vanda, \u00e4r ett unikt utbildningsprogram som \u00e4r utformat f\u00f6r att m\u00f6ta de f\u00f6r\u00e4ndrade behoven och kompetensbristen inom fordonsbranschen. Det kombinerar teori [&hellip;]<\/p>\n","protected":false},"author":18,"featured_media":12021,"parent":0,"menu_order":39,"comment_status":"closed","ping_status":"closed","template":"","meta":{"_uag_custom_page_level_css":"","site-sidebar-layout":"default","site-content-layout":"default","ast-site-content-layout":"default","site-content-style":"default","site-sidebar-style":"default","ast-global-header-display":"","ast-banner-title-visibility":"","ast-main-header-display":"","ast-hfb-above-header-display":"","ast-hfb-below-header-display":"","ast-hfb-mobile-header-display":"","site-post-title":"","ast-breadcrumbs-content":"","ast-featured-img":"","footer-sml-layout":"","ast-disable-related-posts":"","theme-transparent-header-meta":"default","adv-header-id-meta":"","stick-header-meta":"default","header-above-stick-meta":"","header-main-stick-meta":"","header-below-stick-meta":"","astra-migrate-meta-layouts":"default","ast-page-background-enabled":"default","ast-page-background-meta":{"desktop":{"background-color":"","background-image":"","background-repeat":"repeat","background-position":"center center","background-size":"auto","background-attachment":"scroll","background-type":"","background-media":"","overlay-type":"","overlay-color":"","overlay-opacity":"","overlay-gradient":""},"tablet":{"background-color":"","background-image":"","background-repeat":"repeat","background-position":"center center","background-size":"auto","background-attachment":"scroll","background-type":"","background-media":"","overlay-type":"","overlay-color":"","overlay-opacity":"","overlay-gradient":""},"mobile":{"background-color":"","background-image":"","background-repeat":"repeat","background-position":"center center","background-size":"auto","background-attachment":"scroll","background-type":"","background-media":"","overlay-type":"","overlay-color":"","overlay-opacity":"","overlay-gradient":""}},"ast-content-background-meta":{"desktop":{"background-color":"var(--ast-global-color-5)","background-image":"","background-repeat":"repeat","background-position":"center center","background-size":"auto","background-attachment":"scroll","background-type":"","background-media":"","overlay-type":"","overlay-color":"","overlay-opacity":"","overlay-gradient":""},"tablet":{"background-color":"var(--ast-global-color-5)","background-image":"","background-repeat":"repeat","background-position":"center center","background-size":"auto","background-attachment":"scroll","background-type":"","background-media":"","overlay-type":"","overlay-color":"","overlay-opacity":"","overlay-gradient":""},"mobile":{"background-color":"var(--ast-global-color-5)","background-image":"","background-repeat":"repeat","background-position":"center center","background-size":"auto","background-attachment":"scroll","background-type":"","background-media":"","overlay-type":"","overlay-color":"","overlay-opacity":"","overlay-gradient":""}},"footnotes":""},"class_list":["post-12018","page","type-page","status-publish","has-post-thumbnail","hentry"],"aioseo_notices":[],"uagb_featured_image_src":{"full":["https:\/\/www.incar.fi\/media\/2021\/04\/InCar-GettyImages-1194687583.png",2000,1335,false],"thumbnail":["https:\/\/www.incar.fi\/media\/2021\/04\/InCar-GettyImages-1194687583-400x267.png",400,267,true],"medium":["https:\/\/www.incar.fi\/media\/2021\/04\/InCar-GettyImages-1194687583-800x534.png",800,534,true],"medium_large":["https:\/\/www.incar.fi\/media\/2021\/04\/InCar-GettyImages-1194687583-768x513.png",768,513,true],"large":["https:\/\/www.incar.fi\/media\/2021\/04\/InCar-GettyImages-1194687583-1200x801.png",1200,801,true],"1536x1536":["https:\/\/www.incar.fi\/media\/2021\/04\/InCar-GettyImages-1194687583-1536x1025.png",1536,1025,true],"2048x2048":["https:\/\/www.incar.fi\/media\/2021\/04\/InCar-GettyImages-1194687583.png",2000,1335,false],"gform-image-choice-sm":["https:\/\/www.incar.fi\/media\/2021\/04\/InCar-GettyImages-1194687583.png",300,200,false],"gform-image-choice-md":["https:\/\/www.incar.fi\/media\/2021\/04\/InCar-GettyImages-1194687583.png",400,267,false],"gform-image-choice-lg":["https:\/\/www.incar.fi\/media\/2021\/04\/InCar-GettyImages-1194687583.png",600,401,false]},"uagb_author_info":{"display_name":"Pasi Tolvanen","author_link":"https:\/\/www.incar.fi\/sv\/author\/pasi-tolvanen\/"},"uagb_comment_info":0,"uagb_excerpt":"InCar Academy \u2013 Kompetens f\u00f6r framtiden InCar Academy i Vanda, \u00e4r ett unikt utbildningsprogram som \u00e4r utformat f\u00f6r att m\u00f6ta de f\u00f6r\u00e4ndrade behoven och kompetensbristen inom fordonsbranschen. Det kombinerar teori [&hellip;]","_links":{"self":[{"href":"https:\/\/www.incar.fi\/sv\/wp-json\/wp\/v2\/pages\/12018","targetHints":{"allow":["GET"]}}],"collection":[{"href":"https:\/\/www.incar.fi\/sv\/wp-json\/wp\/v2\/pages"}],"about":[{"href":"https:\/\/www.incar.fi\/sv\/wp-json\/wp\/v2\/types\/page"}],"author":[{"embeddable":true,"href":"https:\/\/www.incar.fi\/sv\/wp-json\/wp\/v2\/users\/18"}],"replies":[{"embeddable":true,"href":"https:\/\/www.incar.fi\/sv\/wp-json\/wp\/v2\/comments?post=12018"}],"version-history":[{"count":1,"href":"https:\/\/www.incar.fi\/sv\/wp-json\/wp\/v2\/pages\/12018\/revisions"}],"predecessor-version":[{"id":12022,"href":"https:\/\/www.incar.fi\/sv\/wp-json\/wp\/v2\/pages\/12018\/revisions\/12022"}],"wp:featuredmedia":[{"embeddable":true,"href":"https:\/\/www.incar.fi\/sv\/wp-json\/wp\/v2\/media\/12021"}],"wp:attachment":[{"href":"https:\/\/www.incar.fi\/sv\/wp-json\/wp\/v2\/media?parent=12018"}],"curies":[{"name":"wp","href":"https:\/\/api.w.org\/{rel}","templated":true}]}}