{"id":12031,"date":"2021-04-16T11:32:06","date_gmt":"2021-04-16T08:32:06","guid":{"rendered":"https:\/\/www.incar.fi\/jobba-hos-oss\/incar-som-arbetsgivare\/"},"modified":"2025-09-07T21:05:04","modified_gmt":"2025-09-07T18:05:04","slug":"incar-som-arbetsgivare","status":"publish","type":"page","link":"https:\/\/www.incar.fi\/sv\/jobba-hos-oss\/incar-som-arbetsgivare\/","title":{"rendered":"InCar som arbetsgivare"},"content":{"rendered":"\n<h1 class=\"wp-block-heading\">InCar som arbetsgivare<\/h1>\n\n<h2 class=\"wp-block-heading\">Ett InCar som passar dig<\/h2>\n\n<p>Oavsett om du \u00e4r en framtida stj\u00e4rna som tar dina f\u00f6rsta steg i arbetslivet eller en erfaren branschveteran, vill vi ge dig m\u00f6jligheten att bygga en karri\u00e4rv\u00e4g som utvecklas i takt med din livssituation och dina intressen. V\u00e5rt dynamiskt v\u00e4xande rikst\u00e4ckande n\u00e4tverk \u00f6ppnar m\u00e5nga olika m\u00f6jligheter.<\/p>\n\n<p>Eftersom vi vet att livet rymmer m\u00e5nga olika skeden vill vi st\u00f6dja v\u00e5ra medarbetares balans mellan arbete och fritid genom flexibla arbetsvillkor. Vi tror p\u00e5 att det man ger f\u00e5r man tillbaka och att en god arbetskultur sprider sig genom hela gemenskapen och st\u00e4rker allas framg\u00e5ng. Om livet f\u00f6r dig till en annan ort \u00e4r det inget problem \u2013 vi uppmuntrar interna f\u00f6rflyttningar mellan v\u00e5ra verkst\u00e4der och vill som en stabil arbetsgivare m\u00f6jligg\u00f6ra anst\u00e4llningar som varar hela arbetslivet.    <\/p>\n\n<h2 class=\"wp-block-heading\">Kompetens alltid ett steg f\u00f6re<\/h2>\n\n<p>Kontinuerligt l\u00e4rande och gemensam utveckling av v\u00e5r verksamhet skapar en stark grund f\u00f6r v\u00e5r tillv\u00e4xt. Vi h\u00e5ller v\u00e5ra medarbetare i framkant genom ett brett utbud av kompetensutveckling, eftersom vi vet att alla l\u00e4r sig p\u00e5 olika s\u00e4tt. P\u00e5 v\u00e5r InCar Academy, \u00f6ppen f\u00f6r hela personalen, kan du ta del av kurser, utbildningar och \u00e4ven yrkes- och specialexamina \u2013 flexibelt vid sidan av arbetet.  <\/p>\n\n<p>V\u00e5r st\u00f6djande arbetsgemenskap ger dig en grundlig introduktion till ditt arbete, och om du vill kan du utveckla dina f\u00e4rdigheter i v\u00e5r digitala l\u00e4rmilj\u00f6 \u2013 n\u00e4r och var det passar dig.<\/p>\n\n<p>Kanske s\u00f6ker du en l\u00e4rlingsplats d\u00e4r du kan visa din motivation och v\u00e4xa in i yrket? Hos oss kan du kombinera arbete och l\u00e4rlingsutbildning, d\u00e4r vi tillsammans med v\u00e5ra nationella utbildningspartners hj\u00e4lper dig att bli en framtida expert inom branschen. <\/p>\n\n<p>Som en f\u00f6reg\u00e5ngare inom branschutveckling f\u00f6ljer vi aktivt v\u00e5r omv\u00e4rld och bygger morgondagens kompetens redan idag. V\u00e5rt m\u00e5l \u00e4r att en karri\u00e4r p\u00e5 InCar ska bli en framg\u00e5ngsfaktor f\u00f6r varje medarbetare. <\/p>\n\n<h2 class=\"wp-block-heading\">De b\u00e4sta arbetsplatserna skapas tillsammans<\/h2>\n\n<h3 class=\"wp-block-heading\">Det b\u00e4sta \u00e4r kollegorna<\/h3>\n\n<p>N\u00e4r vi fr\u00e5gar v\u00e5ra medarbetare vad som \u00e4r b\u00e4st med jobbet svarar n\u00e4stan alla: de fantastiska kollegorna \u2013 med dem \u00e4r det roligt att arbeta \u00e4ven p\u00e5 m\u00e5ndagar. Vi jobbar seri\u00f6st men utan att bli allvarstyngda, i en laganda d\u00e4r alla drar \u00e5t samma h\u00e5ll med entrepren\u00f6rsanda. Hos oss f\u00e5r alla vara sig sj\u00e4lva och gl\u00e4nsa p\u00e5 sitt eget s\u00e4tt.  <\/p>\n\n<h3 class=\"wp-block-heading\">En inkluderande och dialoginriktad kultur<\/h3>\n\n<p>P\u00e5 InCar vill vi bygga en kultur av framg\u00e5ng tillsammans, grundad p\u00e5 \u00f6msesidigt f\u00f6rtroende. V\u00e5ra chefer skapar b\u00e4sta m\u00f6jliga f\u00f6ruts\u00e4ttningar f\u00f6r medarbetarna att lyckas. Vi tror p\u00e5 gemenskap framf\u00f6r byr\u00e5krati \u2013 vi utvecklar l\u00f6sningar tillsammans, lyssnar p\u00e5 hela organisationen och f\u00f6renar v\u00e5ra krafter. Vi m\u00f6ts alltid p\u00e5 ett st\u00f6djande och m\u00e4nskligt s\u00e4tt, oavsett titel eller funktion, med en jordn\u00e4ra \u201dvi g\u00f6r det h\u00e4r tillsammans\u201d-anda.  <\/p>\n\n<h3 class=\"wp-block-heading\">Tryggt hem varje dag<\/h3>\n\n<p>En s\u00e4ker, h\u00e4lsosam och ansvarsfull arbetsplats \u00e4r en sj\u00e4lvklar r\u00e4ttighet f\u00f6r alla v\u00e5ra anst\u00e4llda. Eftersom arbetsmilj\u00f6n st\u00e4ndigt f\u00f6r\u00e4ndras identifierar vi risker tillsammans med personalen och l\u00e4r oss att skydda oss mot dem, s\u00e5 att alla kan komma hem trygga varje dag. Vi arbetar med h\u00f6gkvalitativa verktyg och metoder som tar h\u00e4nsyn till milj\u00f6n. Vi st\u00f6der arbetsf\u00f6rm\u00e5gan med en v\u00e4lfungerande f\u00f6retagsh\u00e4lsov\u00e5rd och utvecklar arbetsmilj\u00f6n i n\u00e4ra samarbete med v\u00e5rt arbetsmilj\u00f6- och s\u00e4kerhetsteam. Vi behandlar alla medarbetare r\u00e4ttvist och f\u00f6ljer lagar och kollektivavtal.    <\/p>\n\n<h3 class=\"wp-block-heading\">En stabil och rikst\u00e4ckande arbetsgivare<\/h3>\n\n<p>Vi tror att den b\u00e4sta medarbetarupplevelsen i branschen \u00e4r nyckeln till InCars tillv\u00e4xtresa. Vi vill f\u00f6rtj\u00e4na v\u00e5ra medarbetares f\u00f6rtroende och engagemang och vara den mest attraktiva arbetsplatsen i branschen. Som en stabil och rikst\u00e4ckande arbetsgivare tar vi hand om v\u00e5ra medarbetare genom konkurrenskraftiga l\u00f6ner, f\u00f6rm\u00e5ner och m\u00f6jligheten att p\u00e5verka den egna l\u00f6neutvecklingen genom insats och engagemang.  <\/p>\n","protected":false},"excerpt":{"rendered":"<p>InCar som arbetsgivare Ett InCar som passar dig Oavsett om du \u00e4r en framtida stj\u00e4rna som tar dina f\u00f6rsta steg i arbetslivet eller en erfaren branschveteran, vill vi ge dig [&hellip;]<\/p>\n","protected":false},"author":18,"featured_media":12033,"parent":11799,"menu_order":3,"comment_status":"closed","ping_status":"closed","template":"","meta":{"_uag_custom_page_level_css":"","site-sidebar-layout":"default","site-content-layout":"default","ast-site-content-layout":"default","site-content-style":"default","site-sidebar-style":"default","ast-global-header-display":"","ast-banner-title-visibility":"","ast-main-header-display":"","ast-hfb-above-header-display":"","ast-hfb-below-header-display":"","ast-hfb-mobile-header-display":"","site-post-title":"","ast-breadcrumbs-content":"","ast-featured-img":"","footer-sml-layout":"","ast-disable-related-posts":"","theme-transparent-header-meta":"default","adv-header-id-meta":"","stick-header-meta":"default","header-above-stick-meta":"","header-main-stick-meta":"","header-below-stick-meta":"","astra-migrate-meta-layouts":"default","ast-page-background-enabled":"default","ast-page-background-meta":{"desktop":{"background-color":"","background-image":"","background-repeat":"repeat","background-position":"center center","background-size":"auto","background-attachment":"scroll","background-type":"","background-media":"","overlay-type":"","overlay-color":"","overlay-opacity":"","overlay-gradient":""},"tablet":{"background-color":"","background-image":"","background-repeat":"repeat","background-position":"center center","background-size":"auto","background-attachment":"scroll","background-type":"","background-media":"","overlay-type":"","overlay-color":"","overlay-opacity":"","overlay-gradient":""},"mobile":{"background-color":"","background-image":"","background-repeat":"repeat","background-position":"center center","background-size":"auto","background-attachment":"scroll","background-type":"","background-media":"","overlay-type":"","overlay-color":"","overlay-opacity":"","overlay-gradient":""}},"ast-content-background-meta":{"desktop":{"background-color":"var(--ast-global-color-5)","background-image":"","background-repeat":"repeat","background-position":"center center","background-size":"auto","background-attachment":"scroll","background-type":"","background-media":"","overlay-type":"","overlay-color":"","overlay-opacity":"","overlay-gradient":""},"tablet":{"background-color":"var(--ast-global-color-5)","background-image":"","background-repeat":"repeat","background-position":"center center","background-size":"auto","background-attachment":"scroll","background-type":"","background-media":"","overlay-type":"","overlay-color":"","overlay-opacity":"","overlay-gradient":""},"mobile":{"background-color":"var(--ast-global-color-5)","background-image":"","background-repeat":"repeat","background-position":"center center","background-size":"auto","background-attachment":"scroll","background-type":"","background-media":"","overlay-type":"","overlay-color":"","overlay-opacity":"","overlay-gradient":""}},"footnotes":""},"class_list":["post-12031","page","type-page","status-publish","has-post-thumbnail","hentry"],"aioseo_notices":[],"uagb_featured_image_src":{"full":["https:\/\/www.incar.fi\/media\/2022\/03\/Tyonantajana.jpg",1920,622,false],"thumbnail":["https:\/\/www.incar.fi\/media\/2022\/03\/Tyonantajana-400x130.jpg",400,130,true],"medium":["https:\/\/www.incar.fi\/media\/2022\/03\/Tyonantajana-800x259.jpg",800,259,true],"medium_large":["https:\/\/www.incar.fi\/media\/2022\/03\/Tyonantajana-768x249.jpg",768,249,true],"large":["https:\/\/www.incar.fi\/media\/2022\/03\/Tyonantajana-1200x389.jpg",1200,389,true],"1536x1536":["https:\/\/www.incar.fi\/media\/2022\/03\/Tyonantajana-1536x498.jpg",1536,498,true],"2048x2048":["https:\/\/www.incar.fi\/media\/2022\/03\/Tyonantajana.jpg",1920,622,false],"gform-image-choice-sm":["https:\/\/www.incar.fi\/media\/2022\/03\/Tyonantajana.jpg",300,97,false],"gform-image-choice-md":["https:\/\/www.incar.fi\/media\/2022\/03\/Tyonantajana.jpg",400,130,false],"gform-image-choice-lg":["https:\/\/www.incar.fi\/media\/2022\/03\/Tyonantajana.jpg",600,194,false]},"uagb_author_info":{"display_name":"Pasi Tolvanen","author_link":"https:\/\/www.incar.fi\/sv\/author\/pasi-tolvanen\/"},"uagb_comment_info":0,"uagb_excerpt":"InCar som arbetsgivare Ett InCar som passar dig Oavsett om du \u00e4r en framtida stj\u00e4rna som tar dina f\u00f6rsta steg i arbetslivet eller en erfaren branschveteran, vill vi ge dig [&hellip;]","_links":{"self":[{"href":"https:\/\/www.incar.fi\/sv\/wp-json\/wp\/v2\/pages\/12031","targetHints":{"allow":["GET"]}}],"collection":[{"href":"https:\/\/www.incar.fi\/sv\/wp-json\/wp\/v2\/pages"}],"about":[{"href":"https:\/\/www.incar.fi\/sv\/wp-json\/wp\/v2\/types\/page"}],"author":[{"embeddable":true,"href":"https:\/\/www.incar.fi\/sv\/wp-json\/wp\/v2\/users\/18"}],"replies":[{"embeddable":true,"href":"https:\/\/www.incar.fi\/sv\/wp-json\/wp\/v2\/comments?post=12031"}],"version-history":[{"count":1,"href":"https:\/\/www.incar.fi\/sv\/wp-json\/wp\/v2\/pages\/12031\/revisions"}],"predecessor-version":[{"id":12034,"href":"https:\/\/www.incar.fi\/sv\/wp-json\/wp\/v2\/pages\/12031\/revisions\/12034"}],"up":[{"embeddable":true,"href":"https:\/\/www.incar.fi\/sv\/wp-json\/wp\/v2\/pages\/11799"}],"wp:featuredmedia":[{"embeddable":true,"href":"https:\/\/www.incar.fi\/sv\/wp-json\/wp\/v2\/media\/12033"}],"wp:attachment":[{"href":"https:\/\/www.incar.fi\/sv\/wp-json\/wp\/v2\/media?parent=12031"}],"curies":[{"name":"wp","href":"https:\/\/api.w.org\/{rel}","templated":true}]}}