{"id":12203,"date":"2017-11-09T08:21:11","date_gmt":"2017-11-09T06:21:11","guid":{"rendered":"https:\/\/www.incar.fi\/vad-ska-jag-gora-om-jag-rakar-ut-for-en-olycka\/"},"modified":"2025-09-09T18:58:02","modified_gmt":"2025-09-09T15:58:02","slug":"vad-ska-jag-gora-om-jag-rakar-ut-for-en-olycka","status":"publish","type":"page","link":"https:\/\/www.incar.fi\/sv\/vad-ska-jag-gora-om-jag-rakar-ut-for-en-olycka\/","title":{"rendered":"Vad ska jag g\u00f6ra om jag r\u00e5kar ut f\u00f6r en olycka?"},"content":{"rendered":"\n<h1 class=\"wp-block-heading\">Vad ska jag g\u00f6ra om jag r\u00e5kar ut f\u00f6r en olycka?<\/h1>\n\n<h2 class=\"wp-block-heading\">Vad du ska g\u00f6ra om du r\u00e5kar ut f\u00f6r en olycka<\/h2>\n\n<h3 class=\"wp-block-heading\">Vid en buckla, kollision eller trafikolycka erbjuder v\u00e5r toppmoderna skadeverkstad, som anv\u00e4nds av f\u00f6rs\u00e4kringsbolag, professionell och snabb service b\u00e5de f\u00f6r reparationer och f\u00f6r skade\u00e4rendets pappersarbete.<\/h3>\n\n<div style=\"height:20px\" aria-hidden=\"true\" class=\"wp-block-spacer\"><\/div>\n\n<div class=\"wp-block-buttons is-layout-flex wp-block-buttons-is-layout-flex\">\n<div class=\"wp-block-button\"><a class=\"wp-block-button__link wp-element-button\" href=\"https:\/\/www.incar.fi\/sv\/boka-tid\/\">Boka tid f\u00f6r skadebesiktning<\/a><\/div>\n\n\n\n<div class=\"wp-block-button\"><a class=\"wp-block-button__link wp-element-button\" href=\"https:\/\/www.incar.fi\/sv\/besiktning-av-mindre-skador-med-incar-kamera\/\">Skicka bilder med InCar-kameran<\/a><\/div>\n\n\n\n<div class=\"wp-block-button\"><a class=\"wp-block-button__link wp-element-button\" href=\"tel:0300247247\">Ring v\u00e5r kundtj\u00e4nst<\/a><\/div>\n<\/div>\n\n<div style=\"height:20px\" aria-hidden=\"true\" class=\"wp-block-spacer\"><\/div>\n\n<h2 class=\"wp-block-heading\">Checklista vid bilskada:<\/h2>\n\n<ul class=\"wp-block-list\">\n<li>Anm\u00e4l skadan till ditt f\u00f6rs\u00e4kringsbolag om skadan inte har orsakats av en annan bilist.<\/li>\n\n\n\n<li>Om det \u00e4r en annan bil som har orsakat skadan, anteckna den andra partens registreringsnummer och kontaktuppgifter.<\/li>\n\n\n\n<li>Vid tveksamheter, ring polisen.<\/li>\n\n\n\n<li>Anv\u00e4nd bilen f\u00f6r skadekontroll eller skicka bilderna till verkstaden via InCar-kameran.<\/li>\n\n\n\n<li>Meddela verkstaden n\u00e4r du bokar en reparationstid om du beh\u00f6ver en ers\u00e4ttningsbil under reparationstiden.<\/li>\n\n\n\n<li>Om skadan repareras av den andra partens f\u00f6rs\u00e4kring ska du ocks\u00e5 f\u00f6rse den andra partens f\u00f6rs\u00e4kringsbolag med en avbrottsrapport om behovet av en ers\u00e4ttningsbil.<\/li>\n\n\n\n<li>N\u00e4r som helst, fr\u00e5n det att skadan intr\u00e4ffar tills reparationen \u00e4r klar, kan du kontakta v\u00e5r kundtj\u00e4nst.<\/li>\n<\/ul>\n\n<p><\/p>\n","protected":false},"excerpt":{"rendered":"<p>Vad ska jag g\u00f6ra om jag r\u00e5kar ut f\u00f6r en olycka? Vad du ska g\u00f6ra om du r\u00e5kar ut f\u00f6r en olycka Vid en buckla, kollision eller trafikolycka erbjuder v\u00e5r [&hellip;]<\/p>\n","protected":false},"author":1,"featured_media":12204,"parent":0,"menu_order":29,"comment_status":"closed","ping_status":"closed","template":"","meta":{"_uag_custom_page_level_css":"","site-sidebar-layout":"default","site-content-layout":"default","ast-site-content-layout":"default","site-content-style":"default","site-sidebar-style":"default","ast-global-header-display":"","ast-banner-title-visibility":"","ast-main-header-display":"","ast-hfb-above-header-display":"","ast-hfb-below-header-display":"","ast-hfb-mobile-header-display":"","site-post-title":"","ast-breadcrumbs-content":"","ast-featured-img":"","footer-sml-layout":"","ast-disable-related-posts":"","theme-transparent-header-meta":"default","adv-header-id-meta":"","stick-header-meta":"default","header-above-stick-meta":"","header-main-stick-meta":"","header-below-stick-meta":"","astra-migrate-meta-layouts":"default","ast-page-background-enabled":"default","ast-page-background-meta":{"desktop":{"background-color":"","background-image":"","background-repeat":"repeat","background-position":"center center","background-size":"auto","background-attachment":"scroll","background-type":"","background-media":"","overlay-type":"","overlay-color":"","overlay-opacity":"","overlay-gradient":""},"tablet":{"background-color":"","background-image":"","background-repeat":"repeat","background-position":"center center","background-size":"auto","background-attachment":"scroll","background-type":"","background-media":"","overlay-type":"","overlay-color":"","overlay-opacity":"","overlay-gradient":""},"mobile":{"background-color":"","background-image":"","background-repeat":"repeat","background-position":"center center","background-size":"auto","background-attachment":"scroll","background-type":"","background-media":"","overlay-type":"","overlay-color":"","overlay-opacity":"","overlay-gradient":""}},"ast-content-background-meta":{"desktop":{"background-color":"var(--ast-global-color-5)","background-image":"","background-repeat":"repeat","background-position":"center center","background-size":"auto","background-attachment":"scroll","background-type":"","background-media":"","overlay-type":"","overlay-color":"","overlay-opacity":"","overlay-gradient":""},"tablet":{"background-color":"var(--ast-global-color-5)","background-image":"","background-repeat":"repeat","background-position":"center center","background-size":"auto","background-attachment":"scroll","background-type":"","background-media":"","overlay-type":"","overlay-color":"","overlay-opacity":"","overlay-gradient":""},"mobile":{"background-color":"var(--ast-global-color-5)","background-image":"","background-repeat":"repeat","background-position":"center center","background-size":"auto","background-attachment":"scroll","background-type":"","background-media":"","overlay-type":"","overlay-color":"","overlay-opacity":"","overlay-gradient":""}},"footnotes":""},"class_list":["post-12203","page","type-page","status-publish","has-post-thumbnail","hentry"],"aioseo_notices":[],"uagb_featured_image_src":{"full":["https:\/\/www.incar.fi\/media\/2021\/04\/AdobeStock_camera_2000x798.jpg",2000,798,false],"thumbnail":["https:\/\/www.incar.fi\/media\/2021\/04\/AdobeStock_camera_2000x798-400x160.jpg",400,160,true],"medium":["https:\/\/www.incar.fi\/media\/2021\/04\/AdobeStock_camera_2000x798-800x319.jpg",800,319,true],"medium_large":["https:\/\/www.incar.fi\/media\/2021\/04\/AdobeStock_camera_2000x798-768x306.jpg",768,306,true],"large":["https:\/\/www.incar.fi\/media\/2021\/04\/AdobeStock_camera_2000x798-1200x479.jpg",1200,479,true],"1536x1536":["https:\/\/www.incar.fi\/media\/2021\/04\/AdobeStock_camera_2000x798-1536x613.jpg",1536,613,true],"2048x2048":["https:\/\/www.incar.fi\/media\/2021\/04\/AdobeStock_camera_2000x798.jpg",2000,798,false],"gform-image-choice-sm":["https:\/\/www.incar.fi\/media\/2021\/04\/AdobeStock_camera_2000x798.jpg",300,120,false],"gform-image-choice-md":["https:\/\/www.incar.fi\/media\/2021\/04\/AdobeStock_camera_2000x798.jpg",400,160,false],"gform-image-choice-lg":["https:\/\/www.incar.fi\/media\/2021\/04\/AdobeStock_camera_2000x798.jpg",600,239,false]},"uagb_author_info":{"display_name":"Lauri Aaltonen","author_link":"https:\/\/www.incar.fi\/sv\/author\/servotuki\/"},"uagb_comment_info":0,"uagb_excerpt":"Vad ska jag g\u00f6ra om jag r\u00e5kar ut f\u00f6r en olycka? Vad du ska g\u00f6ra om du r\u00e5kar ut f\u00f6r en olycka Vid en buckla, kollision eller trafikolycka erbjuder v\u00e5r [&hellip;]","_links":{"self":[{"href":"https:\/\/www.incar.fi\/sv\/wp-json\/wp\/v2\/pages\/12203","targetHints":{"allow":["GET"]}}],"collection":[{"href":"https:\/\/www.incar.fi\/sv\/wp-json\/wp\/v2\/pages"}],"about":[{"href":"https:\/\/www.incar.fi\/sv\/wp-json\/wp\/v2\/types\/page"}],"author":[{"embeddable":true,"href":"https:\/\/www.incar.fi\/sv\/wp-json\/wp\/v2\/users\/1"}],"replies":[{"embeddable":true,"href":"https:\/\/www.incar.fi\/sv\/wp-json\/wp\/v2\/comments?post=12203"}],"version-history":[{"count":3,"href":"https:\/\/www.incar.fi\/sv\/wp-json\/wp\/v2\/pages\/12203\/revisions"}],"predecessor-version":[{"id":12207,"href":"https:\/\/www.incar.fi\/sv\/wp-json\/wp\/v2\/pages\/12203\/revisions\/12207"}],"wp:featuredmedia":[{"embeddable":true,"href":"https:\/\/www.incar.fi\/sv\/wp-json\/wp\/v2\/media\/12204"}],"wp:attachment":[{"href":"https:\/\/www.incar.fi\/sv\/wp-json\/wp\/v2\/media?parent=12203"}],"curies":[{"name":"wp","href":"https:\/\/api.w.org\/{rel}","templated":true}]}}