{"id":2311,"date":"2020-05-25T13:50:25","date_gmt":"2020-05-25T10:50:25","guid":{"rendered":"https:\/\/www.incar.fi\/lasipalvelu-turku-copy\/"},"modified":"2026-01-14T19:08:39","modified_gmt":"2026-01-14T17:08:39","slug":"lasipalvelu-oulu","status":"publish","type":"page","link":"https:\/\/www.incar.fi\/sv\/lasipalvelu-oulu\/","title":{"rendered":"Lasipalvelu Oulu"},"content":{"rendered":"\n<h2 class=\"tm0 wp-block-heading\">Tuulilasien vaihto ja kalibrointi Oulun seudulla<\/h2>\n\n\n\n<div class=\"wp-block-columns is-layout-flex wp-container-core-columns-is-layout-28f84493 wp-block-columns-is-layout-flex\">\n<div class=\"wp-block-column is-layout-flow wp-block-column-is-layout-flow\">\n<p class=\"text-bold\">InCar Oulun seudun lasipalvelu auttaa kaikissa lasivahingoissa kolmen toimipisteen voimin.<\/p>\n\n\n\n<p>Kiveniskemien korjaus hoituu p\u00e4\u00e4s\u00e4\u00e4nt\u00f6isesti 20 minuutissa ja mik\u00e4li sinulla on lasivakuutus, on korjaus sinulle veloitukseton.<\/p>\n\n\n\n<p>Autojen kalibrointivalmius l\u00f6ytyy kaikilta toimipisteilt\u00e4mme ja takuuksi tekem\u00e4st\u00e4mme ty\u00f6st\u00e4, annamme asiakkaillemme mukaan lasinvaihtotodistuksen.<\/p>\n\n\n\n<p>Tuulilasien vaihdot ja kalibroinnit suoritetaan ammattitaidolla kaikkiin automerkkeihin ja malleihin. K\u00e4ytt\u00e4miemme huippuluokan lasiliimojen ansiosta, auton saa ajoon parhaimmillaan jo kolmessa tunnissa.<br><\/p>\n<\/div>\n\n\n\n<div class=\"wp-block-column is-layout-flow wp-block-column-is-layout-flow\">\n<figure class=\"wp-block-image size-large is-resized\"><img decoding=\"async\" src=\"https:\/\/www.incar.fi\/media\/2020\/04\/Nelikentt\u00e4_062019.jpg\" alt=\"Tuulilasien vaihto ja kalibrointi Turun seudulla\" class=\"wp-image-2254\" width=\"585\" height=\"329\" srcset=\"https:\/\/www.incar.fi\/media\/2020\/04\/Nelikentt\u00e4_062019.jpg 585w, https:\/\/www.incar.fi\/media\/2020\/04\/Nelikentt\u00e4_062019-400x225.jpg 400w\" sizes=\"(max-width: 585px) 100vw, 585px\" \/><\/figure>\n\n\n\n<p><\/p>\n<\/div>\n<\/div>\n\n\n\n<div style=\"height:20px\" aria-hidden=\"true\" class=\"wp-block-spacer\"><\/div>\n\n\n\n<h2 class=\"wp-block-heading\">Yhteydenotto Lasipalvelu Oulu<\/h2>\n\n\n\n<div style=\"height:20px\" aria-hidden=\"true\" class=\"wp-block-spacer\"><\/div>\n\n\n<div class=\"featured-items\"><div class=\"featured-container\">\n  <div class=\"fp-featured box-shadow bg-white\">\n    <div class=\"featured-image bg-position\" style=\"background-image: url(https:\/\/www.incar.fi\/media\/2018\/05\/Limingantulli_1170x400-800x274.jpg);\"><\/div>\n    <div class=\"service-name tp30 bp15 double-gutter text-bold\">InCar Oulu Limingantulli<\/div>\n    <div class=\"double-gutter text-darkgray bp30\">\n      <ul class=\"list-unstyled text-small\">\n        <li>Kallisenhaara 1, 90400 Oulu<\/li>\n        <li><a href=\"tel:0300 247 275\">0300 247 275<\/a><\/li>\n        <li><a href=\"mailto:oulu.limingantulli@incar.fi\">oulu.limingantulli@incar.fi<\/a><\/li>\n        <li>Avoinna: Ma\u2013Pe 08:00\u201316:00<\/li>\n      <\/ul>\n      <div class=\"wp-block-buttons tm20\">\n\t  \t<div class=\"wp-block-button\">\n       \t  <a class=\"wp-block-button__link no-border-radius wp-element-button\" href=\"https:\/\/www.incar.fi\/sv\/autokorjaamo\/incar-oulu-limingantulli\/\">Yhteystiedot<\/a><\/div>\n      <\/div>\n    <\/div>\n  <\/div>\n<\/div><div class=\"featured-container\">\n  <div class=\"fp-featured box-shadow bg-white\">\n    <div class=\"featured-image bg-position\" style=\"background-image: url(https:\/\/www.incar.fi\/media\/2019\/04\/InCar-Oulu-Rusko-800x450.jpg);\"><\/div>\n    <div class=\"service-name tp30 bp15 double-gutter text-bold\">InCar Oulu Rusko<\/div>\n    <div class=\"double-gutter text-darkgray bp30\">\n      <ul class=\"list-unstyled text-small\">\n        <li>Moreenitie 16, 90620 Oulu<\/li>\n        <li><a href=\"tel:0300 247 287\">0300 247 287<\/a><\/li>\n        <li><a href=\"mailto:oulu.rusko@incar.fi\">oulu.rusko@incar.fi<\/a><\/li>\n        <li>Avoinna: Ma\u2013Pe 07:30\u201317:00<\/li>\n      <\/ul>\n      <div class=\"wp-block-buttons tm20\">\n\t  \t<div class=\"wp-block-button\">\n       \t  <a class=\"wp-block-button__link no-border-radius wp-element-button\" href=\"https:\/\/www.incar.fi\/sv\/autokorjaamo\/incar-oulu-rusko\/\">Yhteystiedot<\/a><\/div>\n      <\/div>\n    <\/div>\n  <\/div>\n<\/div><div class=\"featured-container\">\n  <div class=\"fp-featured box-shadow bg-white\">\n    <div class=\"featured-image bg-position\" style=\"background-image: url(https:\/\/www.incar.fi\/media\/2017\/11\/Oulu_vasarapera_1170x400_blurred_v4-800x507.jpg);\"><\/div>\n    <div class=\"service-name tp30 bp15 double-gutter text-bold\">InCar Oulu Vasaraper\u00e4<\/div>\n    <div class=\"double-gutter text-darkgray bp30\">\n      <ul class=\"list-unstyled text-small\">\n        <li>Vasaratie 1, 90410 Oulu<\/li>\n        <li><a href=\"tel:0300 247 260\">0300 247 260<\/a><\/li>\n        <li><a href=\"mailto:oulu@incar.fi\">oulu@incar.fi<\/a><\/li>\n        <li>Avoinna: Ma\u2013Pe 07:30\u201317:00<\/li>\n      <\/ul>\n      <div class=\"wp-block-buttons tm20\">\n\t  \t<div class=\"wp-block-button\">\n       \t  <a class=\"wp-block-button__link no-border-radius wp-element-button\" href=\"https:\/\/www.incar.fi\/sv\/autokorjaamo\/incar-oulu\/\">Yhteystiedot<\/a><\/div>\n      <\/div>\n    <\/div>\n  <\/div>\n<\/div><\/div>\n","protected":false},"excerpt":{"rendered":"<p>Tuulilasien vaihto ja kalibrointi Oulun seudulla InCar Oulun seudun lasipalvelu auttaa kaikissa lasivahingoissa kolmen toimipisteen voimin. Kiveniskemien korjaus hoituu p\u00e4\u00e4s\u00e4\u00e4nt\u00f6isesti 20 minuutissa ja mik\u00e4li sinulla on lasivakuutus, on korjaus sinulle veloitukseton. Autojen kalibrointivalmius l\u00f6ytyy kaikilta toimipisteilt\u00e4mme ja takuuksi tekem\u00e4st\u00e4mme ty\u00f6st\u00e4, annamme asiakkaillemme mukaan lasinvaihtotodistuksen. Tuulilasien vaihdot ja kalibroinnit suoritetaan ammattitaidolla kaikkiin automerkkeihin ja malleihin. K\u00e4ytt\u00e4miemme [&hellip;]<\/p>\n","protected":false},"author":1,"featured_media":2176,"parent":0,"menu_order":64,"comment_status":"closed","ping_status":"closed","template":"","meta":{"_uag_custom_page_level_css":"","site-sidebar-layout":"default","site-content-layout":"","ast-site-content-layout":"default","site-content-style":"default","site-sidebar-style":"default","ast-global-header-display":"","ast-banner-title-visibility":"","ast-main-header-display":"","ast-hfb-above-header-display":"","ast-hfb-below-header-display":"","ast-hfb-mobile-header-display":"","site-post-title":"","ast-breadcrumbs-content":"","ast-featured-img":"","footer-sml-layout":"","ast-disable-related-posts":"","theme-transparent-header-meta":"","adv-header-id-meta":"","stick-header-meta":"","header-above-stick-meta":"","header-main-stick-meta":"","header-below-stick-meta":"","astra-migrate-meta-layouts":"set","ast-page-background-enabled":"default","ast-page-background-meta":{"desktop":{"background-color":"","background-image":"","background-repeat":"repeat","background-position":"center center","background-size":"auto","background-attachment":"scroll","background-type":"","background-media":"","overlay-type":"","overlay-color":"","overlay-opacity":"","overlay-gradient":""},"tablet":{"background-color":"","background-image":"","background-repeat":"repeat","background-position":"center center","background-size":"auto","background-attachment":"scroll","background-type":"","background-media":"","overlay-type":"","overlay-color":"","overlay-opacity":"","overlay-gradient":""},"mobile":{"background-color":"","background-image":"","background-repeat":"repeat","background-position":"center center","background-size":"auto","background-attachment":"scroll","background-type":"","background-media":"","overlay-type":"","overlay-color":"","overlay-opacity":"","overlay-gradient":""}},"ast-content-background-meta":{"desktop":{"background-color":"var(--ast-global-color-5)","background-image":"","background-repeat":"repeat","background-position":"center center","background-size":"auto","background-attachment":"scroll","background-type":"","background-media":"","overlay-type":"","overlay-color":"","overlay-opacity":"","overlay-gradient":""},"tablet":{"background-color":"var(--ast-global-color-5)","background-image":"","background-repeat":"repeat","background-position":"center center","background-size":"auto","background-attachment":"scroll","background-type":"","background-media":"","overlay-type":"","overlay-color":"","overlay-opacity":"","overlay-gradient":""},"mobile":{"background-color":"var(--ast-global-color-5)","background-image":"","background-repeat":"repeat","background-position":"center center","background-size":"auto","background-attachment":"scroll","background-type":"","background-media":"","overlay-type":"","overlay-color":"","overlay-opacity":"","overlay-gradient":""}},"footnotes":""},"class_list":["post-2311","page","type-page","status-publish","has-post-thumbnail","hentry"],"aioseo_notices":[],"uagb_featured_image_src":{"full":["https:\/\/www.incar.fi\/media\/2020\/04\/RL_0163_2048.jpg",2048,1365,false],"thumbnail":["https:\/\/www.incar.fi\/media\/2020\/04\/RL_0163_2048-400x267.jpg",400,267,true],"medium":["https:\/\/www.incar.fi\/media\/2020\/04\/RL_0163_2048-800x533.jpg",800,533,true],"medium_large":["https:\/\/www.incar.fi\/media\/2020\/04\/RL_0163_2048-768x512.jpg",768,512,true],"large":["https:\/\/www.incar.fi\/media\/2020\/04\/RL_0163_2048-1200x800.jpg",1200,800,true],"1536x1536":["https:\/\/www.incar.fi\/media\/2020\/04\/RL_0163_2048-1536x1024.jpg",1536,1024,true],"2048x2048":["https:\/\/www.incar.fi\/media\/2020\/04\/RL_0163_2048.jpg",2048,1365,false],"gform-image-choice-sm":["https:\/\/www.incar.fi\/media\/2020\/04\/RL_0163_2048.jpg",300,200,false],"gform-image-choice-md":["https:\/\/www.incar.fi\/media\/2020\/04\/RL_0163_2048.jpg",400,267,false],"gform-image-choice-lg":["https:\/\/www.incar.fi\/media\/2020\/04\/RL_0163_2048.jpg",600,400,false]},"uagb_author_info":{"display_name":"Lauri Aaltonen","author_link":"https:\/\/www.incar.fi\/sv\/author\/servotuki\/"},"uagb_comment_info":0,"uagb_excerpt":"Tuulilasien vaihto ja kalibrointi Oulun seudulla InCar Oulun seudun lasipalvelu auttaa kaikissa lasivahingoissa kolmen toimipisteen voimin. Kiveniskemien korjaus hoituu p\u00e4\u00e4s\u00e4\u00e4nt\u00f6isesti 20 minuutissa ja mik\u00e4li sinulla on lasivakuutus, on korjaus sinulle veloitukseton. Autojen kalibrointivalmius l\u00f6ytyy kaikilta toimipisteilt\u00e4mme ja takuuksi tekem\u00e4st\u00e4mme ty\u00f6st\u00e4, annamme asiakkaillemme mukaan lasinvaihtotodistuksen. Tuulilasien vaihdot ja kalibroinnit suoritetaan ammattitaidolla kaikkiin automerkkeihin ja malleihin. K\u00e4ytt\u00e4miemme&hellip;","_links":{"self":[{"href":"https:\/\/www.incar.fi\/sv\/wp-json\/wp\/v2\/pages\/2311","targetHints":{"allow":["GET"]}}],"collection":[{"href":"https:\/\/www.incar.fi\/sv\/wp-json\/wp\/v2\/pages"}],"about":[{"href":"https:\/\/www.incar.fi\/sv\/wp-json\/wp\/v2\/types\/page"}],"author":[{"embeddable":true,"href":"https:\/\/www.incar.fi\/sv\/wp-json\/wp\/v2\/users\/1"}],"replies":[{"embeddable":true,"href":"https:\/\/www.incar.fi\/sv\/wp-json\/wp\/v2\/comments?post=2311"}],"version-history":[{"count":1,"href":"https:\/\/www.incar.fi\/sv\/wp-json\/wp\/v2\/pages\/2311\/revisions"}],"predecessor-version":[{"id":13975,"href":"https:\/\/www.incar.fi\/sv\/wp-json\/wp\/v2\/pages\/2311\/revisions\/13975"}],"wp:featuredmedia":[{"embeddable":true,"href":"https:\/\/www.incar.fi\/sv\/wp-json\/wp\/v2\/media\/2176"}],"wp:attachment":[{"href":"https:\/\/www.incar.fi\/sv\/wp-json\/wp\/v2\/media?parent=2311"}],"curies":[{"name":"wp","href":"https:\/\/api.w.org\/{rel}","templated":true}]}}