{"id":674,"date":"2018-02-07T10:27:27","date_gmt":"2018-02-07T08:27:27","guid":{"rendered":"https:\/\/www.incar.fi\/?page_id=674"},"modified":"2021-04-29T15:25:19","modified_gmt":"2021-04-29T12:25:19","slug":"salasanan-vaihto","status":"publish","type":"page","link":"https:\/\/www.incar.fi\/sv\/salasanan-vaihto\/","title":{"rendered":"Salasanan vaihto"},"content":{"rendered":"<div class=\"alert alert-info\" style=\"margin-bottom: 40px;\"><strong>Salasanan vaihtaminen<\/strong> Sy\u00f6t\u00e4 kentt\u00e4\u00e4n k\u00e4ytt\u00e4j\u00e4tunnuksesi tai s\u00e4hk\u00f6postiosoitteesi. Saat s\u00e4hk\u00f6postiisi linkin, josta voit vaihtaa salasanasi.<\/div>\n\n\t\t<form class=\"wpv-form\" name=\"forgotpasswordform\" id=\"forgotpasswordform\" action=\"https:\/\/www.incar.fi\/wp-login.php?action=lostpassword\" method=\"post\">\n\t\t\t<div class=\"wp-success\"><\/div>\n\t\t\t<p class=\"login-username\">\n\t\t\t\t<label for=\"user_login\">Username or Email<\/label>\n\t\t\t\t<input type=\"text\" name=\"user_login\" id=\"user_login\" class=\"input\" value=\"\" size=\"20\" \/>\n\t\t\t<\/p>\n\t\t\t\n\t\t\t<p class=\"login-submit\">\n\t\t\t\t<input type=\"submit\" name=\"wp-submit\" id=\"wp-submit\" class=\"button-primary\" value=\"Get New Password\" \/>\n\t\t\t\t<input type=\"hidden\" name=\"redirect_to\" value=\"https:\/\/www.incar.fi\/sv\/wp-json\/wp\/v2\/pages\/674\" \/>\n\t\t\t<\/p>\n\t\t\t<input type=\"hidden\" name=\"wpv_forgot_password_form\" value=\"on\"\/><input type=\"hidden\" name=\"wpv_forgot_password_form_redirect_on_fail\" value=\"https:\/\/www.incar.fi\/sv\/wp-json\/wp\/v2\/pages\/674\" \/><input type=\"hidden\" name=\"wpv_forgot_password_form_reset_password_url\" value=\"https:\/\/www.incar.fi\/uusi-salasana\/\" \/>\n\t\t<\/form>\n\n\t\n\n","protected":false},"excerpt":{"rendered":"","protected":false},"author":1,"featured_media":123,"parent":0,"menu_order":55,"comment_status":"closed","ping_status":"closed","template":"","meta":{"_uag_custom_page_level_css":"","site-sidebar-layout":"default","site-content-layout":"","ast-site-content-layout":"default","site-content-style":"default","site-sidebar-style":"default","ast-global-header-display":"","ast-banner-title-visibility":"","ast-main-header-display":"","ast-hfb-above-header-display":"","ast-hfb-below-header-display":"","ast-hfb-mobile-header-display":"","site-post-title":"","ast-breadcrumbs-content":"","ast-featured-img":"","footer-sml-layout":"","ast-disable-related-posts":"","theme-transparent-header-meta":"","adv-header-id-meta":"","stick-header-meta":"","header-above-stick-meta":"","header-main-stick-meta":"","header-below-stick-meta":"","astra-migrate-meta-layouts":"default","ast-page-background-enabled":"default","ast-page-background-meta":{"desktop":{"background-color":"","background-image":"","background-repeat":"repeat","background-position":"center center","background-size":"auto","background-attachment":"scroll","background-type":"","background-media":"","overlay-type":"","overlay-color":"","overlay-opacity":"","overlay-gradient":""},"tablet":{"background-color":"","background-image":"","background-repeat":"repeat","background-position":"center center","background-size":"auto","background-attachment":"scroll","background-type":"","background-media":"","overlay-type":"","overlay-color":"","overlay-opacity":"","overlay-gradient":""},"mobile":{"background-color":"","background-image":"","background-repeat":"repeat","background-position":"center center","background-size":"auto","background-attachment":"scroll","background-type":"","background-media":"","overlay-type":"","overlay-color":"","overlay-opacity":"","overlay-gradient":""}},"ast-content-background-meta":{"desktop":{"background-color":"var(--ast-global-color-5)","background-image":"","background-repeat":"repeat","background-position":"center center","background-size":"auto","background-attachment":"scroll","background-type":"","background-media":"","overlay-type":"","overlay-color":"","overlay-opacity":"","overlay-gradient":""},"tablet":{"background-color":"var(--ast-global-color-5)","background-image":"","background-repeat":"repeat","background-position":"center center","background-size":"auto","background-attachment":"scroll","background-type":"","background-media":"","overlay-type":"","overlay-color":"","overlay-opacity":"","overlay-gradient":""},"mobile":{"background-color":"var(--ast-global-color-5)","background-image":"","background-repeat":"repeat","background-position":"center center","background-size":"auto","background-attachment":"scroll","background-type":"","background-media":"","overlay-type":"","overlay-color":"","overlay-opacity":"","overlay-gradient":""}},"footnotes":""},"class_list":["post-674","page","type-page","status-publish","has-post-thumbnail","hentry"],"aioseo_notices":[],"uagb_featured_image_src":{"full":["https:\/\/www.incar.fi\/media\/2017\/11\/DSC1332.jpg",1800,1201,false],"thumbnail":["https:\/\/www.incar.fi\/media\/2017\/11\/DSC1332-300x200.jpg",300,200,true],"medium":["https:\/\/www.incar.fi\/media\/2017\/11\/DSC1332-800x534.jpg",800,534,true],"medium_large":["https:\/\/www.incar.fi\/media\/2017\/11\/DSC1332-768x512.jpg",768,512,true],"large":["https:\/\/www.incar.fi\/media\/2017\/11\/DSC1332-1200x801.jpg",1200,801,true],"1536x1536":["https:\/\/www.incar.fi\/media\/2017\/11\/DSC1332.jpg",1536,1025,false],"2048x2048":["https:\/\/www.incar.fi\/media\/2017\/11\/DSC1332.jpg",1800,1201,false],"gform-image-choice-sm":["https:\/\/www.incar.fi\/media\/2017\/11\/DSC1332.jpg",300,200,false],"gform-image-choice-md":["https:\/\/www.incar.fi\/media\/2017\/11\/DSC1332.jpg",400,267,false],"gform-image-choice-lg":["https:\/\/www.incar.fi\/media\/2017\/11\/DSC1332.jpg",600,400,false]},"uagb_author_info":{"display_name":"Lauri Aaltonen","author_link":"https:\/\/www.incar.fi\/sv\/author\/servotuki\/"},"uagb_comment_info":0,"uagb_excerpt":null,"_links":{"self":[{"href":"https:\/\/www.incar.fi\/sv\/wp-json\/wp\/v2\/pages\/674","targetHints":{"allow":["GET"]}}],"collection":[{"href":"https:\/\/www.incar.fi\/sv\/wp-json\/wp\/v2\/pages"}],"about":[{"href":"https:\/\/www.incar.fi\/sv\/wp-json\/wp\/v2\/types\/page"}],"author":[{"embeddable":true,"href":"https:\/\/www.incar.fi\/sv\/wp-json\/wp\/v2\/users\/1"}],"replies":[{"embeddable":true,"href":"https:\/\/www.incar.fi\/sv\/wp-json\/wp\/v2\/comments?post=674"}],"version-history":[{"count":0,"href":"https:\/\/www.incar.fi\/sv\/wp-json\/wp\/v2\/pages\/674\/revisions"}],"wp:featuredmedia":[{"embeddable":true,"href":"https:\/\/www.incar.fi\/sv\/wp-json\/wp\/v2\/media\/123"}],"wp:attachment":[{"href":"https:\/\/www.incar.fi\/sv\/wp-json\/wp\/v2\/media?parent=674"}],"curies":[{"name":"wp","href":"https:\/\/api.w.org\/{rel}","templated":true}]}}